{"id":48744,"date":"2024-01-14T10:40:31","date_gmt":"2024-01-14T09:40:31","guid":{"rendered":"https:\/\/www.ffbs.at\/blog\/?page_id=48744"},"modified":"2024-04-13T09:31:51","modified_gmt":"2024-04-13T08:31:51","slug":"uebungen","status":"publish","type":"page","link":"https:\/\/www.ffbs.at\/blog\/uebungen\/","title":{"rendered":"Ausbildungen"},"content":{"rendered":"\n<h2 class=\"wp-block-heading\">Ausbildungen<\/h2>\n\n\n<style type='text\/css' media='all'>#rt-tpg-container-2870705007 .rt-holder .rt-woo-info .price{color:#ff0606;}body .rt-tpg-container .rt-tpg-isotope-buttons .selected,\n\t\t\t\t\t#rt-tpg-container-2870705007 .layout12 .rt-holder:hover .rt-detail,\n\t\t\t\t\t#rt-tpg-container-2870705007 .isotope8 .rt-holder:hover .rt-detail,\n\t\t\t\t\t#rt-tpg-container-2870705007 .carousel8 .rt-holder:hover .rt-detail,\n\t\t\t\t\t#rt-tpg-container-2870705007 .layout13 .rt-holder .overlay .post-info,\n\t\t\t\t\t#rt-tpg-container-2870705007 .isotope9 .rt-holder .overlay .post-info,\n\t\t\t\t\t#rt-tpg-container-2870705007.rt-tpg-container .layout4 .rt-holder .rt-detail,\n\t\t\t\t\t.rt-modal-2870705007 .md-content,\n\t\t\t\t\t.rt-modal-2870705007 .md-content > .rt-md-content-holder .rt-md-content,\n\t\t\t\t\t.rt-popup-wrap-2870705007.rt-popup-wrap .rt-popup-navigation-wrap,\n\t\t\t\t\t#rt-tpg-container-2870705007 .carousel9 .rt-holder .overlay .post-info{background-color:#ff0606;}#rt-tpg-container-2870705007 .layout5 .rt-holder .overlay, #rt-tpg-container-2870705007 .isotope2 .rt-holder .overlay, #rt-tpg-container-2870705007 .carousel2 .rt-holder .overlay,#rt-tpg-container-2870705007 .layout15 .rt-holder h3, #rt-tpg-container-2870705007 .isotope11 .rt-holder h3, #rt-tpg-container-2870705007 .carousel11 .rt-holder h3, #rt-tpg-container-2870705007 .layout16 .rt-holder h3,\n\t\t\t\t\t#rt-tpg-container-2870705007 .isotope12 .rt-holder h3, #rt-tpg-container-2870705007 .carousel12 .rt-holder h3 {background-color:rgba(255,6,6,0.8);}#rt-tpg-container-2870705007 .pagination-list li a,\n\t\t\t\t\trt-tpg-container-2870705007 .pagination-list li span,\n\t\t\t\t\trt-tpg-container-2870705007 .pagination li a,\n\t\t\t\t\t#rt-tpg-container-2870705007 .rt-tpg-isotope-buttons button,\n\t\t\t\t\t#rt-tpg-container-2870705007 .rt-tpg-utility .rt-tpg-load-more button,\n\t\t\t\t\t#rt-tpg-container-2870705007.rt-tpg-container .swiper-navigation .slider-btn,\n\t\t\t\t\t#rt-tpg-container-2870705007.rt-tpg-container .swiper-pagination-bullet,\n\t\t\t\t\t#rt-tpg-container-2870705007 .wc1 .rt-holder .rt-img-holder .overlay .product-more ul li a,\n\t\t\t\t\t#rt-tpg-container-2870705007 .wc2 .rt-detail .rt-wc-add-to-cart,\n\t\t\t\t\t#rt-tpg-container-2870705007 .wc3 .rt-detail .rt-wc-add-to-cart,\n\t\t\t\t\t#rt-tpg-container-2870705007 .wc4 .rt-detail .rt-wc-add-to-cart,\n\t\t\t\t\t#rt-tpg-container-2870705007 .wc-carousel2 .rt-detail .rt-wc-add-to-cart,\n\t\t\t\t\t#rt-tpg-container-2870705007 .wc-isotope2 .rt-detail .rt-wc-add-to-cart,\n\t\t\t\t\t#rt-tpg-container-2870705007 .rt-layout-filter-container .rt-filter-wrap .rt-filter-item-wrap.rt-filter-dropdown-wrap .rt-filter-dropdown,\n\t\t\t\t\t#rt-tpg-container-2870705007 .rt-layout-filter-container .rt-filter-sub-tax.sub-button-group .rt-filter-button-item,\n\t\t\t\t\t#rt-tpg-container-2870705007.rt-tpg-container .rt-pagination-wrap .rt-page-numbers .paginationjs .paginationjs-pages ul li>a,\n\t\t\t\t\t#rt-tpg-container-2870705007 .rt-filter-item-wrap.rt-filter-button-wrap span.rt-filter-button-item,\n\t\t\t\t\t#rt-tpg-container-2870705007.rt-tpg-container .rt-pagination-wrap  .rt-loadmore-btn,\n\t\t\t\t\t#rt-tpg-container-2870705007.rt-tpg-container .rt-pagination-wrap .rt-cb-page-prev-next > *,\n\t\t\t\t\t#rt-tpg-container-2870705007 .rt-read-more,\n\t\t\t\t\t#rt-tooltip-2870705007, #rt-tooltip-2870705007 .rt-tooltip-bottom:after{background-color:#bfbfbf;}#rt-tpg-container-2870705007 .rt-filter-item-wrap.rt-filter-button-wrap span.rt-filter-button-item,\n\t\t\t\t\t#rt-tpg-container-2870705007 .rt-layout-filter-container .rt-filter-sub-tax.sub-button-group .rt-filter-button-item{border-color:#bfbfbf;}#rt-tpg-container-2870705007.rt-tpg-container .layout17 .rt-holder .overlay a.tpg-zoom .fa{color:#bfbfbf;}#rt-tpg-container-2870705007 .rt-holder .read-more a {background-color:#bfbfbf;padding: 8px 15px;}#rt-tpg-container-2870705007 .pagination li.active span,\n\t\t\t\t\t#rt-tpg-container-2870705007 .pagination-list li.active span,\n\t\t\t\t\t#rt-tpg-container-2870705007 .rt-tpg-isotope-buttons button.selected,\n\t\t\t\t\t#rt-tpg-container-2870705007 .rt-filter-item-wrap.rt-filter-button-wrap span.rt-filter-button-item.selected,\n\t\t\t\t\t#rt-tpg-container-2870705007 .rt-layout-filter-container .rt-filter-sub-tax.sub-button-group .rt-filter-button-item.selected,\n\t\t\t\t\t#rt-tpg-container-2870705007.rt-tpg-container .rt-pagination-wrap .rt-page-numbers .paginationjs .paginationjs-pages ul li.active>a,\n\t\t\t\t\t#rt-tpg-container-2870705007.rt-tpg-container .swiper-pagination-bullet.swiper-pagination-bullet-active-main{background-color:#ff0606;}#rt-tpg-container-2870705007 .rt-filter-item-wrap.rt-filter-button-wrap span.rt-filter-button-item.selected,\n\t\t\t\t\t#rt-tpg-container-2870705007 .rt-layout-filter-container .rt-filter-sub-tax.sub-button-group .rt-filter-button-item.selected,\n\t\t\t\t\t#rt-tpg-container-2870705007.rt-tpg-container .rt-pagination-wrap .rt-page-numbers .paginationjs .paginationjs-pages ul li.active>a{border-color:#ff0606;}#rt-tpg-container-2870705007 .read-more a{border-radius:px;}#rt-tpg-container-2870705007 .tpg-widget-heading-wrapper.heading-style1 .tpg-widget-heading, #rt-tpg-container-2870705007 .tpg-widget-heading-wrapper.heading-style2 .tpg-widget-heading, #rt-tpg-container-2870705007 .tpg-widget-heading-wrapper.heading-style3 .tpg-widget-heading {background:#ffffff;}#rt-tpg-container-2870705007 .tpg-widget-heading-wrapper.heading-style2 .tpg-widget-heading::after {border-top-color:#ffffff;}#rt-tpg-container-2870705007 .tpg-widget-heading-wrapper.heading-style1 .tpg-widget-heading, #rt-tpg-container-2870705007 .tpg-widget-heading-wrapper.heading-style1 .tpg-widget-heading a, #rt-tpg-container-2870705007 .tpg-widget-heading-wrapper.heading-style2 .tpg-widget-heading, #rt-tpg-container-2870705007 .tpg-widget-heading-wrapper.heading-style2 .tpg-widget-heading a, #rt-tpg-container-2870705007 .tpg-widget-heading-wrapper.heading-style3 .tpg-widget-heading, #rt-tpg-container-2870705007 .tpg-widget-heading-wrapper.heading-style3 .tpg-widget-heading a  {color:#ffffff;}#rt-tpg-container-2870705007 .tpg-widget-heading-wrapper.heading-style1 .tpg-widget-heading::before  {background-color:#ffffff;}#rt-tpg-container-2870705007 .rt-img-holder img.rt-img-responsive,#rt-tpg-container-2870705007 .rt-img-holder,\n\t\t\t\t\t#rt-tpg-container-2870705007 .rt-post-overlay .post-img,\n\t\t\t\t\t#rt-tpg-container-2870705007 .post-sm .post-img,\n\t\t\t\t\t#rt-tpg-container-2870705007 .rt-post-grid .post-img,\n\t\t\t\t\t#rt-tpg-container-2870705007 .post-img img {border-radius:px;}<\/style><div class='rt-container-fluid rt-tpg-container tpg-shortcode-main-wrapper ' id='rt-tpg-container-2870705007'   data-layout='layout5' data-grid-style='even' data-desktop-col='3'  data-tab-col='2'  data-mobile-col='1' data-sc-id='48743'><div class=\"tpg-widget-heading-wrapper heading-style2 \"><span class=\"tpg-widget-heading-line line-left\"><\/span><h2 class=\"tpg-widget-heading\">\u00dcbungen<\/h2><span class=\"tpg-widget-heading-line\"><\/span><\/div><div data-title='Loading ...' class='rt-row rt-content-loader   layout5 tpg-even '><div class=\"rt-col-md-4 rt-col-sm-6 rt-col-xs-12 even-grid-item rt-grid-item\" data-id=\"54833\"><div class=\"rt-holder\"><div class=\"overlay\"><h3 class=\"entry-title\"><a data-id=\"54833\" class=\"\" href=\"https:\/\/www.ffbs.at\/blog\/arbeiten-mit-schneid-und-trenngeraeten-mittwochsuebung\/54833\/\">Arbeiten mit Schneid- und Trennger\u00e4ten &#8211; Mittwochs\u00fcbung<\/a><\/h3><span class='post-meta-user '><span class='date-meta'><i class='far fa-calendar-alt '><\/i>26. April 2026<\/span><span class='author'><i class='fa fa-user '><\/i><a href=\"https:\/\/www.ffbs.at\/blog\/author\/fabian-rasl\/\">Fabian Rasl<\/a><\/span><\/span><div class='rt-detail'><div class='tpg-excerpt'>Im Rahmen unserer Mittwochs\u00fcbung am 22. April fand eine praxisnahe \u00dcbung im Kurpark Baden zum...<\/div><div class='post-meta '><span class='read-more'><a data-id='54833' class='' href='https:\/\/www.ffbs.at\/blog\/arbeiten-mit-schneid-und-trenngeraeten-mittwochsuebung\/54833\/'>zum Bericht<\/a><\/span><\/div><\/div><\/div> <a data-id='54833' class='' href='https:\/\/www.ffbs.at\/blog\/arbeiten-mit-schneid-und-trenngeraeten-mittwochsuebung\/54833\/'><img fetchpriority=\"high\" decoding=\"async\" width=\"1200\" height=\"1600\" src=\"https:\/\/www.ffbs.at\/blog\/wp-content\/uploads\/2026\/04\/Uebung-2-22.4.-.avif\" class=\"rt-img-responsive \" alt=\"\" \/><\/a><\/div><\/div><div class=\"rt-col-md-4 rt-col-sm-6 rt-col-xs-12 even-grid-item rt-grid-item\" data-id=\"54494\"><div class=\"rt-holder\"><div class=\"overlay\"><h3 class=\"entry-title\"><a data-id=\"54494\" class=\"\" href=\"https:\/\/www.ffbs.at\/blog\/pkw-droht-in-schwechat-zu-stuerzen-abschlussuebung\/54494\/\">PKW droht in Schwechat zu st\u00fcrzen &#8211; Abschluss\u00fcbung<\/a><\/h3><span class='post-meta-user '><span class='date-meta'><i class='far fa-calendar-alt '><\/i>13. M\u00e4rz 2026<\/span><span class='author'><i class='fa fa-user '><\/i><a href=\"https:\/\/www.ffbs.at\/blog\/author\/viktor\/\">Viktor van de Castell<\/a><\/span><\/span><div class='rt-detail'><div class='tpg-excerpt'>Am Mittwoch, dem 11. M\u00e4rz, konnte eine sogenannte Abschluss\u00fcbung zum Thema &#8222;Anschlagmittel und Personenrettung&#8220; durchgef\u00fchrt...<\/div><div class='post-meta '><span class='read-more'><a data-id='54494' class='' href='https:\/\/www.ffbs.at\/blog\/pkw-droht-in-schwechat-zu-stuerzen-abschlussuebung\/54494\/'>zum Bericht<\/a><\/span><\/div><\/div><\/div> <a data-id='54494' class='' href='https:\/\/www.ffbs.at\/blog\/pkw-droht-in-schwechat-zu-stuerzen-abschlussuebung\/54494\/'><img decoding=\"async\" width=\"1200\" height=\"900\" src=\"https:\/\/www.ffbs.at\/blog\/wp-content\/uploads\/2026\/03\/20260312_120951000_iOS.jpg\" class=\"rt-img-responsive \" alt=\"\" \/><\/a><\/div><\/div><div class=\"rt-col-md-4 rt-col-sm-6 rt-col-xs-12 even-grid-item rt-grid-item\" data-id=\"54026\"><div class=\"rt-holder\"><div class=\"overlay\"><h3 class=\"entry-title\"><a data-id=\"54026\" class=\"\" href=\"https:\/\/www.ffbs.at\/blog\/ausbildungspruefung-atemschutz-bronze\/54026\/\">Ausbildungspr\u00fcfung Atemschutz &#8211; Bronze<\/a><\/h3><span class='post-meta-user '><span class='date-meta'><i class='far fa-calendar-alt '><\/i>15. Feber 2026<\/span><span class='author'><i class='fa fa-user '><\/i><a href=\"https:\/\/www.ffbs.at\/blog\/author\/viktor\/\">Viktor van de Castell<\/a><\/span><\/span><div class='rt-detail'><div class='tpg-excerpt'>Nach intensivem Training der vergangenen Wochen war es f\u00fcr f\u00fcnf Mitglieder der Freiwilligen Feuerwehr Baden-Stadt...<\/div><div class='post-meta '><span class='read-more'><a data-id='54026' class='' href='https:\/\/www.ffbs.at\/blog\/ausbildungspruefung-atemschutz-bronze\/54026\/'>zum Bericht<\/a><\/span><\/div><\/div><\/div> <a data-id='54026' class='' href='https:\/\/www.ffbs.at\/blog\/ausbildungspruefung-atemschutz-bronze\/54026\/'><img decoding=\"async\" width=\"2125\" height=\"1227\" src=\"https:\/\/www.ffbs.at\/blog\/wp-content\/uploads\/2026\/02\/cDSC_3626.avif\" class=\"rt-img-responsive \" alt=\"\" \/><\/a><\/div><\/div><div class=\"rt-col-md-4 rt-col-sm-6 rt-col-xs-12 even-grid-item rt-grid-item\" data-id=\"53179\"><div class=\"rt-holder\"><div class=\"overlay\"><h3 class=\"entry-title\"><a data-id=\"53179\" class=\"\" href=\"https:\/\/www.ffbs.at\/blog\/abschnittsuebung-im-landesklinikum-baden\/53179\/\">Abschnitts\u00fcbung im Landesklinikum Baden<\/a><\/h3><span class='post-meta-user '><span class='date-meta'><i class='far fa-calendar-alt '><\/i>13. November 2025<\/span><span class='author'><i class='fa fa-user '><\/i><a href=\"https:\/\/www.ffbs.at\/blog\/author\/viktor\/\">Viktor van de Castell<\/a><\/span><\/span><div class='rt-detail'><div class='tpg-excerpt'>Am Mittwoch, den 05. November fand eine gro\u00df angelegte \u00dcbung im Badener Landesklinikum, ausgearbeitet von...<\/div><div class='post-meta '><span class='read-more'><a data-id='53179' class='' href='https:\/\/www.ffbs.at\/blog\/abschnittsuebung-im-landesklinikum-baden\/53179\/'>zum Bericht<\/a><\/span><\/div><\/div><\/div> <a data-id='53179' class='' href='https:\/\/www.ffbs.at\/blog\/abschnittsuebung-im-landesklinikum-baden\/53179\/'><img loading=\"lazy\" decoding=\"async\" width=\"1200\" height=\"800\" src=\"https:\/\/www.ffbs.at\/blog\/wp-content\/uploads\/2025\/11\/20251105SSCH_AUEBUNG_LK-BADEN_221.avif\" class=\"rt-img-responsive \" alt=\"\" \/><\/a><\/div><\/div><div class=\"rt-col-md-4 rt-col-sm-6 rt-col-xs-12 even-grid-item rt-grid-item\" data-id=\"52704\"><div class=\"rt-holder\"><div class=\"overlay\"><h3 class=\"entry-title\"><a data-id=\"52704\" class=\"\" href=\"https:\/\/www.ffbs.at\/blog\/technische-einsatzuebung-verkehrsunfall-gemeinsam-mit-dem-roten-kreuz-baden\/52704\/\">Technische Einsatz\u00fcbung &#8222;Verkehrsunfall&#8220; gemeinsam mit dem Roten Kreuz Baden<\/a><\/h3><span class='post-meta-user '><span class='date-meta'><i class='far fa-calendar-alt '><\/i>13. Oktober 2025<\/span><span class='author'><i class='fa fa-user '><\/i><a href=\"https:\/\/www.ffbs.at\/blog\/author\/dominik\/\">Dominik Zw\u00f6lfer<\/a><\/span><span class='post-tags-links'><i class='fa fa-tags '><\/i><a href=\"https:\/\/www.ffbs.at\/blog\/tag\/personenrettung\/\" rel=\"tag\">Personenrettung<\/a><span class=\"rt-separator\">,<\/span><a href=\"https:\/\/www.ffbs.at\/blog\/tag\/rotes-kreurz\/\" rel=\"tag\">Rotes Kreurz<\/a><span class=\"rt-separator\">,<\/span><a href=\"https:\/\/www.ffbs.at\/blog\/tag\/ubung\/\" rel=\"tag\">\u00dcbung<\/a><span class=\"rt-separator\">,<\/span><a href=\"https:\/\/www.ffbs.at\/blog\/tag\/verkehrsunfall\/\" rel=\"tag\">Verkehrsunfall<\/a><\/span><\/span><div class='rt-detail'><div class='tpg-excerpt'>Gemeinsam mit dem Badener Roten Kreuz fand am Mittwoch, dem 05. Oktober, eine gro\u00df angelegte...<\/div><div class='post-meta '><span class='read-more'><a data-id='52704' class='' href='https:\/\/www.ffbs.at\/blog\/technische-einsatzuebung-verkehrsunfall-gemeinsam-mit-dem-roten-kreuz-baden\/52704\/'>zum Bericht<\/a><\/span><\/div><\/div><\/div> <a data-id='52704' class='' href='https:\/\/www.ffbs.at\/blog\/technische-einsatzuebung-verkehrsunfall-gemeinsam-mit-dem-roten-kreuz-baden\/52704\/'><img loading=\"lazy\" decoding=\"async\" width=\"2560\" height=\"1440\" src=\"https:\/\/www.ffbs.at\/blog\/wp-content\/uploads\/2025\/10\/PXL_20251008_175108397-1.avif\" class=\"rt-img-responsive \" alt=\"\" \/><\/a><\/div><\/div><div class=\"rt-col-md-4 rt-col-sm-6 rt-col-xs-12 even-grid-item rt-grid-item\" data-id=\"52590\"><div class=\"rt-holder\"><div class=\"overlay\"><h3 class=\"entry-title\"><a data-id=\"52590\" class=\"\" href=\"https:\/\/www.ffbs.at\/blog\/evakuierungsuebung-an-der-mittelschule-alland\/52590\/\">Evakuierungs\u00fcbung an der Mittelschule Alland<\/a><\/h3><span class='post-meta-user '><span class='date-meta'><i class='far fa-calendar-alt '><\/i>28. September 2025<\/span><span class='author'><i class='fa fa-user '><\/i><a href=\"https:\/\/www.ffbs.at\/blog\/author\/viktor\/\">Viktor van de Castell<\/a><\/span><\/span><div class='rt-detail'><div class='tpg-excerpt'>Am Freitag, dem 26. September 2025, stand f\u00fcr die Sch\u00fclerinnen und Sch\u00fcler der Mittelschule Alland...<\/div><div class='post-meta '><span class='read-more'><a data-id='52590' class='' href='https:\/\/www.ffbs.at\/blog\/evakuierungsuebung-an-der-mittelschule-alland\/52590\/'>zum Bericht<\/a><\/span><\/div><\/div><\/div> <a data-id='52590' class='' href='https:\/\/www.ffbs.at\/blog\/evakuierungsuebung-an-der-mittelschule-alland\/52590\/'><img loading=\"lazy\" decoding=\"async\" width=\"1200\" height=\"900\" src=\"https:\/\/www.ffbs.at\/blog\/wp-content\/uploads\/2025\/09\/20250926SSCH_Uebung-Alland_IMG_6391.avif\" class=\"rt-img-responsive \" alt=\"\" \/><\/a><\/div><\/div><div class=\"rt-col-md-4 rt-col-sm-6 rt-col-xs-12 even-grid-item rt-grid-item\" data-id=\"52538\"><div class=\"rt-holder\"><div class=\"overlay\"><h3 class=\"entry-title\"><a data-id=\"52538\" class=\"\" href=\"https:\/\/www.ffbs.at\/blog\/abschnittsuebung-brand-in-badener-mittelschule\/52538\/\">Abschnitts\u00fcbung: Brand in Badener Mittelschule<\/a><\/h3><span class='post-meta-user '><span class='date-meta'><i class='far fa-calendar-alt '><\/i>12. September 2025<\/span><span class='author'><i class='fa fa-user '><\/i><a href=\"https:\/\/www.ffbs.at\/blog\/author\/viktor\/\">Viktor van de Castell<\/a><\/span><\/span><div class='rt-detail'><div class='tpg-excerpt'>Am Mittwoch, dem 10. September 2025, fand eine Abschnitts\u00fcbung, ausgearbeitet von der FF Baden-Weikersdorf, in...<\/div><div class='post-meta '><span class='read-more'><a data-id='52538' class='' href='https:\/\/www.ffbs.at\/blog\/abschnittsuebung-brand-in-badener-mittelschule\/52538\/'>zum Bericht<\/a><\/span><\/div><\/div><\/div> <a data-id='52538' class='' href='https:\/\/www.ffbs.at\/blog\/abschnittsuebung-brand-in-badener-mittelschule\/52538\/'><img loading=\"lazy\" decoding=\"async\" width=\"1200\" height=\"900\" src=\"https:\/\/www.ffbs.at\/blog\/wp-content\/uploads\/2025\/09\/IMG_0335.avif\" class=\"rt-img-responsive \" alt=\"\" \/><\/a><\/div><\/div><div class=\"rt-col-md-4 rt-col-sm-6 rt-col-xs-12 even-grid-item rt-grid-item\" data-id=\"52178\"><div class=\"rt-holder\"><div class=\"overlay\"><h3 class=\"entry-title\"><a data-id=\"52178\" class=\"\" href=\"https:\/\/www.ffbs.at\/blog\/schulung-von-tragbaren-feuerloeschern\/52178\/\">Schulung \u00fcber tragbare Feuerl\u00f6scher<\/a><\/h3><span class='post-meta-user '><span class='date-meta'><i class='far fa-calendar-alt '><\/i>29. Juli 2025<\/span><span class='author'><i class='fa fa-user '><\/i><a href=\"https:\/\/www.ffbs.at\/blog\/author\/viktor\/\">Viktor van de Castell<\/a><\/span><\/span><div class='rt-detail'><div class='tpg-excerpt'>Am Montag, den 28. Juli, fand eine \u00dcbung rund um das Thema tragbare Feuerl\u00f6scher statt...<\/div><div class='post-meta '><span class='read-more'><a data-id='52178' class='' href='https:\/\/www.ffbs.at\/blog\/schulung-von-tragbaren-feuerloeschern\/52178\/'>zum Bericht<\/a><\/span><\/div><\/div><\/div> <a data-id='52178' class='' href='https:\/\/www.ffbs.at\/blog\/schulung-von-tragbaren-feuerloeschern\/52178\/'><img loading=\"lazy\" decoding=\"async\" width=\"1200\" height=\"675\" src=\"https:\/\/www.ffbs.at\/blog\/wp-content\/uploads\/2025\/07\/PXL_20250728_163753112.MP_.avif\" class=\"rt-img-responsive \" alt=\"\" \/><\/a><\/div><\/div><div class=\"rt-col-md-4 rt-col-sm-6 rt-col-xs-12 even-grid-item rt-grid-item\" data-id=\"51744\"><div class=\"rt-holder\"><div class=\"overlay\"><h3 class=\"entry-title\"><a data-id=\"51744\" class=\"\" href=\"https:\/\/www.ffbs.at\/blog\/realbrand-uebung-in-abbruchhaus\/51744\/\">Realbrand-\u00dcbung in Abbruchhaus<\/a><\/h3><span class='post-meta-user '><span class='date-meta'><i class='far fa-calendar-alt '><\/i>29. Mai 2025<\/span><span class='author'><i class='fa fa-user '><\/i><a href=\"https:\/\/www.ffbs.at\/blog\/author\/viktor\/\">Viktor van de Castell<\/a><\/span><\/span><div class='rt-detail'><div class='tpg-excerpt'>Am Mittwoch, dem 14. Mai 2025, organisierte das Ausbildungsteam der FF Baden-Stadt eine realit\u00e4tsnahe Abschnitts\u00fcbung...<\/div><div class='post-meta '><span class='read-more'><a data-id='51744' class='' href='https:\/\/www.ffbs.at\/blog\/realbrand-uebung-in-abbruchhaus\/51744\/'>zum Bericht<\/a><\/span><\/div><\/div><\/div> <a data-id='51744' class='' href='https:\/\/www.ffbs.at\/blog\/realbrand-uebung-in-abbruchhaus\/51744\/'><img loading=\"lazy\" decoding=\"async\" width=\"900\" height=\"1200\" src=\"https:\/\/www.ffbs.at\/blog\/wp-content\/uploads\/2025\/07\/FFBS_20250514_AUe_WienStrom_26.avif\" class=\"rt-img-responsive \" alt=\"\" \/><\/a><\/div><\/div><\/div><div class='rt-pagination-wrap' data-total-pages='22' data-posts-per-page='9' data-type='pagination'  ><div class=\"rt-pagination\" ><ul class=\"pagination-list\"><li class=\"active\"><span>1<\/span><\/li><li><a data-paged='2' href='https:\/\/www.ffbs.at\/blog\/wp-json\/wp\/v2\/pages\/48744\/page\/2\/'>2<\/a><\/li><li><a data-paged='3' href='https:\/\/www.ffbs.at\/blog\/wp-json\/wp\/v2\/pages\/48744\/page\/3\/'>3<\/a><\/li><li><a data-paged='4' href='https:\/\/www.ffbs.at\/blog\/wp-json\/wp\/v2\/pages\/48744\/page\/4\/'>4<\/a><\/li><li><a data-paged='5' href='https:\/\/www.ffbs.at\/blog\/wp-json\/wp\/v2\/pages\/48744\/page\/5\/'>5<\/a><\/li><li><a data-paged='2' href=\"https:\/\/www.ffbs.at\/blog\/wp-json\/wp\/v2\/pages\/48744\/page\/2\/\"  aria-label='Next'>&rsaquo;<\/a><\/li><li><a data-paged='22' href='https:\/\/www.ffbs.at\/blog\/wp-json\/wp\/v2\/pages\/48744\/page\/22\/' aria-label='Last'>&raquo;<\/a><\/li><\/ul><\/div><\/div><\/div>\n","protected":false},"excerpt":{"rendered":"<p>Ausbildungen<\/p>\n","protected":false},"author":8,"featured_media":0,"parent":0,"menu_order":0,"comment_status":"closed","ping_status":"closed","template":"","meta":{"_uag_custom_page_level_css":"","site-sidebar-layout":"default","site-content-layout":"","ast-site-content-layout":"default","site-content-style":"default","site-sidebar-style":"default","ast-global-header-display":"","ast-banner-title-visibility":"","ast-main-header-display":"","ast-hfb-above-header-display":"","ast-hfb-below-header-display":"","ast-hfb-mobile-header-display":"","site-post-title":"","ast-breadcrumbs-content":"","ast-featured-img":"","footer-sml-layout":"","ast-disable-related-posts":"","theme-transparent-header-meta":"","adv-header-id-meta":"","stick-header-meta":"","header-above-stick-meta":"","header-main-stick-meta":"","header-below-stick-meta":"","astra-migrate-meta-layouts":"default","ast-page-background-enabled":"default","ast-page-background-meta":{"desktop":{"background-color":"var(--ast-global-color-4)","background-image":"","background-repeat":"repeat","background-position":"center center","background-size":"auto","background-attachment":"scroll","background-type":"","background-media":"","overlay-type":"","overlay-color":"","overlay-opacity":"","overlay-gradient":""},"tablet":{"background-color":"","background-image":"","background-repeat":"repeat","background-position":"center center","background-size":"auto","background-attachment":"scroll","background-type":"","background-media":"","overlay-type":"","overlay-color":"","overlay-opacity":"","overlay-gradient":""},"mobile":{"background-color":"","background-image":"","background-repeat":"repeat","background-position":"center center","background-size":"auto","background-attachment":"scroll","background-type":"","background-media":"","overlay-type":"","overlay-color":"","overlay-opacity":"","overlay-gradient":""}},"ast-content-background-meta":{"desktop":{"background-color":"var(--ast-global-color-5)","background-image":"","background-repeat":"repeat","background-position":"center center","background-size":"auto","background-attachment":"scroll","background-type":"","background-media":"","overlay-type":"","overlay-color":"","overlay-opacity":"","overlay-gradient":""},"tablet":{"background-color":"var(--ast-global-color-5)","background-image":"","background-repeat":"repeat","background-position":"center center","background-size":"auto","background-attachment":"scroll","background-type":"","background-media":"","overlay-type":"","overlay-color":"","overlay-opacity":"","overlay-gradient":""},"mobile":{"background-color":"var(--ast-global-color-5)","background-image":"","background-repeat":"repeat","background-position":"center center","background-size":"auto","background-attachment":"scroll","background-type":"","background-media":"","overlay-type":"","overlay-color":"","overlay-opacity":"","overlay-gradient":""}},"ngg_post_thumbnail":0,"footnotes":""},"class_list":["post-48744","page","type-page","status-publish","hentry"],"uagb_featured_image_src":{"full":false,"thumbnail":false,"medium":false,"medium_large":false,"large":false,"1536x1536":false,"2048x2048":false,"tp-image-grid":false},"uagb_author_info":{"display_name":"Viktor van de Castell","author_link":"https:\/\/www.ffbs.at\/blog\/author\/viktor\/"},"uagb_comment_info":0,"uagb_excerpt":"Ausbildungen","rttpg_featured_image_url":null,"rttpg_author":{"display_name":"Viktor van de Castell","author_link":"https:\/\/www.ffbs.at\/blog\/author\/viktor\/"},"rttpg_comment":0,"rttpg_category":"","rttpg_excerpt":"Ausbildungen","_links":{"self":[{"href":"https:\/\/www.ffbs.at\/blog\/wp-json\/wp\/v2\/pages\/48744","targetHints":{"allow":["GET"]}}],"collection":[{"href":"https:\/\/www.ffbs.at\/blog\/wp-json\/wp\/v2\/pages"}],"about":[{"href":"https:\/\/www.ffbs.at\/blog\/wp-json\/wp\/v2\/types\/page"}],"author":[{"embeddable":true,"href":"https:\/\/www.ffbs.at\/blog\/wp-json\/wp\/v2\/users\/8"}],"replies":[{"embeddable":true,"href":"https:\/\/www.ffbs.at\/blog\/wp-json\/wp\/v2\/comments?post=48744"}],"version-history":[{"count":2,"href":"https:\/\/www.ffbs.at\/blog\/wp-json\/wp\/v2\/pages\/48744\/revisions"}],"predecessor-version":[{"id":49184,"href":"https:\/\/www.ffbs.at\/blog\/wp-json\/wp\/v2\/pages\/48744\/revisions\/49184"}],"wp:attachment":[{"href":"https:\/\/www.ffbs.at\/blog\/wp-json\/wp\/v2\/media?parent=48744"}],"curies":[{"name":"wp","href":"https:\/\/api.w.org\/{rel}","templated":true}]}}