{"id":46236,"date":"2023-09-02T10:07:50","date_gmt":"2023-09-02T09:07:50","guid":{"rendered":"https:\/\/www.ffbs.at\/blog\/?page_id=46236"},"modified":"2023-09-02T10:07:50","modified_gmt":"2023-09-02T09:07:50","slug":"wla-ruest","status":"publish","type":"page","link":"https:\/\/www.ffbs.at\/blog\/wla-ruest\/","title":{"rendered":"WLA &#8211; R\u00fcst"},"content":{"rendered":"\n<h2 class=\"wp-block-heading\">Wechselladeaufbau &#8211; R\u00fcst<\/h2>\n\n\n\n<p>Nach einer Bauphase \u00fcber mehrere Monate hinweg konnte nun unser neuer Wechselladeraufbau (WLA)-R\u00fcst, mit 30. Juni 2021, in Dienst gestellt werden. Hierbei handelt es sich um einen zu ca. 75 % im Eigenbau hergestellten und ann\u00e4hernd zu 100 % selbst konstruierten Abroll-Container.In den vergangenen 2,5 Jahren wurden gemeinsam \u00fcber 6.000 Gesamtstunden f\u00fcr die Detail-Planungen, die Anfertigung von unz\u00e4hligen Konstruktionszeichnungen und dem eigentlichen Bau von den genannten Personen neben ihren beruflichen Aufgaben und ihren eigentlichen T\u00e4tigkeiten in der Feuerwehr investiert.<\/p>\n\n\n\n<p><strong>Technische Daten:<\/strong><\/p>\n\n\n\n<p>&#8211; Aufbau: Fachfirma und Eigenbau<\/p>\n\n\n\n<p>&#8211; Baujahr: 2021<\/p>\n\n\n\n<p>&#8211; Verwendung und Besonderheiten:&nbsp;Der Wechselladeaufbau R\u00fcst dient vorwiegend zur Unterst\u00fctzung bei Eins\u00e4tzen mit Wasserschaden, bei \u00d6lschaden auf Land und Gew\u00e4sser, bei Sicherungs- und P\u00f6lzarbeiten, Ausleuchten und Versorgung. Transportiert wird dieser mit dem <a href=\"https:\/\/www.ffbs.at\/blog\/?page_id=280\" data-type=\"page\" data-id=\"280\">Wechselladefahrzeug-Kran (Last2)<\/a>.<\/p>\n\n\n\n<div style=\"height:34px\" aria-hidden=\"true\" class=\"wp-block-spacer\"><\/div>\n\n\n<div  id=\"jtg-46237\" class=\"modula modula-gallery modula-creative-gallery\" data-config=\"{&quot;height&quot;:700,&quot;tabletHeight&quot;:800,&quot;mobileHeight&quot;:800,&quot;desktopHeight&quot;:700,&quot;enableTwitter&quot;:false,&quot;enableWhatsapp&quot;:false,&quot;enableFacebook&quot;:false,&quot;enablePinterest&quot;:false,&quot;enableLinkedin&quot;:false,&quot;enableEmail&quot;:false,&quot;randomFactor&quot;:0.5,&quot;type&quot;:&quot;creative-gallery&quot;,&quot;columns&quot;:12,&quot;gutter&quot;:10,&quot;mobileGutter&quot;:10,&quot;tabletGutter&quot;:10,&quot;desktopGutter&quot;:10,&quot;enableResponsive&quot;:&quot;0&quot;,&quot;tabletColumns&quot;:2,&quot;mobileColumns&quot;:1,&quot;lazyLoad&quot;:0,&quot;lightboxOpts&quot;:{&quot;animated&quot;:true,&quot;Thumbs&quot;:{&quot;type&quot;:&quot;modern&quot;,&quot;showOnStart&quot;:false},&quot;Toolbar&quot;:{&quot;display&quot;:{&quot;right&quot;:[&quot;close&quot;]},&quot;enabled&quot;:true},&quot;Carousel&quot;:{&quot;Panzoom&quot;:{&quot;touch&quot;:true},&quot;infinite&quot;:false},&quot;keyboard&quot;:{&quot;Escape&quot;:&quot;close&quot;,&quot;Delete&quot;:&quot;close&quot;,&quot;Backspace&quot;:&quot;close&quot;,&quot;PageUp&quot;:false,&quot;PageDown&quot;:false,&quot;ArrowUp&quot;:false,&quot;ArrowDown&quot;:false,&quot;ArrowRight&quot;:false,&quot;ArrowLeft&quot;:false},&quot;touch&quot;:false,&quot;backdropClick&quot;:false,&quot;l10n&quot;:{&quot;CLOSE&quot;:&quot;Close&quot;,&quot;NEXT&quot;:&quot;Next&quot;,&quot;PREV&quot;:&quot;Previous&quot;,&quot;Error&quot;:&quot;The requested content cannot be loaded. Please try again later.&quot;,&quot;PLAY_START&quot;:&quot;Start slideshow&quot;,&quot;PLAY_STOP&quot;:&quot;Pause slideshow&quot;,&quot;FULL_SCREEN&quot;:&quot;Full screen&quot;,&quot;THUMBS&quot;:&quot;Thumbnails&quot;,&quot;DOWNLOAD&quot;:&quot;Download&quot;,&quot;SHARE&quot;:&quot;Share&quot;,&quot;ZOOM&quot;:&quot;Zoom&quot;,&quot;EMAIL&quot;:&quot;Here is the link to the image : %%image_link%% and this is the link to the gallery : %%gallery_link%%&quot;,&quot;MODAL&quot;:&quot;You can close this modal content with the ESC key&quot;,&quot;ERROR&quot;:&quot;Something Went Wrong, Please Try Again Later&quot;,&quot;IMAGE_ERROR&quot;:&quot;Image Not Found&quot;,&quot;ELEMENT_NOT_FOUND&quot;:&quot;HTML Element Not Found&quot;,&quot;AJAX_NOT_FOUND&quot;:&quot;Error Loading AJAX : Not Found&quot;,&quot;AJAX_FORBIDDEN&quot;:&quot;Error Loading AJAX : Forbidden&quot;,&quot;IFRAME_ERROR&quot;:&quot;Error Loading Page&quot;,&quot;TOGGLE_ZOOM&quot;:&quot;Toggle zoom level&quot;,&quot;TOGGLE_THUMBS&quot;:&quot;Toggle thumbnails&quot;,&quot;TOGGLE_SLIDESHOW&quot;:&quot;Toggle slideshow&quot;,&quot;TOGGLE_FULLSCREEN&quot;:&quot;Toggle full-screen mode&quot;},&quot;Images&quot;:{&quot;Panzoom&quot;:{&quot;maxScale&quot;:2}},&quot;mainClass&quot;:&quot;modula-fancybox-container modula-lightbox-jtg-46237&quot;,&quot;Html&quot;:{&quot;videoAutoplay&quot;:0,&quot;videoTpl&quot;:&quot;&lt;video class=\\&quot;fancybox__html5video\\&quot; controls muted playsinline controlsList controlsList=\\&quot;nodownload\\&quot; poster=\\&quot;{{poster}}\\&quot; src=\\&quot;{{src}}\\&quot; type=\\&quot;{{format}}\\&quot; &gt;  Sorry, your browser doesn&#039;t support embedded videos, &lt;a href=\\&quot;{{src}}\\&quot;&gt; download &lt;\\\/a&gt; and watch with your favorite video player! &lt;\\\/video&gt;&quot;}},&quot;inView&quot;:false,&quot;email_subject&quot;:&quot;Check out this awesome image !!&quot;,&quot;email_message&quot;:&quot;Here is the link to the image : %%image_link%% and this is the link to the gallery : %%gallery_link%%&quot;,&quot;lightbox&quot;:&quot;fancybox&quot;}\">\n\n\t\n\t<div  class=\"modula-items\">\n\t\t<div class=\"modula-item effect-pufrobo\" >\n\t<div class=\"modula-item-overlay\"><\/div>\n\n\t<div class=\"modula-item-content\">\n\n\t\t<a data-image-id=\"49774\" role=\"button\" data-elementor-open-lightbox=\"no\" tabindex=\"0\" rel=\"jtg-46237\" data-caption=\"\" aria-label=\"Open image in lightbox\" class=\"tile-inner modula-item-link\"><\/a><img fetchpriority=\"high\" decoding=\"async\" class=\"pic wp-image-49774\"  data-valign=\"middle\" data-halign=\"center\" alt=\"\" data-full=\"https:\/\/www.ffbs.at\/blog\/wp-content\/uploads\/2024\/07\/low_DSC_1223-3.jpg\" title=\"low_DSC_1223\" crop=\"\" width=\"350\" height=\"350\" src=\"https:\/\/www.ffbs.at\/blog\/wp-content\/uploads\/2024\/07\/low_DSC_1223-3-350x350.jpg\" data-src=\"https:\/\/www.ffbs.at\/blog\/wp-content\/uploads\/2024\/07\/low_DSC_1223-3-350x350.jpg\" data-caption=\"\" srcset=\"https:\/\/www.ffbs.at\/blog\/wp-content\/uploads\/2024\/07\/low_DSC_1223-3-350x350.jpg 350w, https:\/\/www.ffbs.at\/blog\/wp-content\/uploads\/2024\/07\/low_DSC_1223-3-1024x1024.jpg 1024w, https:\/\/www.ffbs.at\/blog\/wp-content\/uploads\/2024\/07\/low_DSC_1223-3-200x200.jpg 200w, https:\/\/www.ffbs.at\/blog\/wp-content\/uploads\/2024\/07\/low_DSC_1223-3-768x768.jpg 768w, https:\/\/www.ffbs.at\/blog\/wp-content\/uploads\/2024\/07\/low_DSC_1223-3-700x700.jpg 700w\" sizes=\"(max-width: 350px) 100vw, 350px\" \/>\n\t\t<div class=\"figc no-description\">\n\t\t\t<div class=\"figc-inner\">\n\t\t\t\t\t\t\t\t\t\t\t\t\t\t\t<\/div>\n\t\t<\/div>\n\n\t<\/div>\n\n<\/div><div class=\"modula-item effect-pufrobo\" >\n\t<div class=\"modula-item-overlay\"><\/div>\n\n\t<div class=\"modula-item-content\">\n\n\t\t<a data-image-id=\"49779\" role=\"button\" data-elementor-open-lightbox=\"no\" tabindex=\"0\" rel=\"jtg-46237\" data-caption=\"\" aria-label=\"Open image in lightbox\" class=\"tile-inner modula-item-link\"><\/a><img decoding=\"async\" class=\"pic wp-image-49779\"  data-valign=\"middle\" data-halign=\"center\" alt=\"\" data-full=\"https:\/\/www.ffbs.at\/blog\/wp-content\/uploads\/2024\/07\/low_DSC_1404.jpg\" title=\"low_DSC_1404\" crop=\"\" width=\"350\" height=\"350\" src=\"https:\/\/www.ffbs.at\/blog\/wp-content\/uploads\/2024\/07\/low_DSC_1404-350x350.jpg\" data-src=\"https:\/\/www.ffbs.at\/blog\/wp-content\/uploads\/2024\/07\/low_DSC_1404-350x350.jpg\" data-caption=\"\" srcset=\"https:\/\/www.ffbs.at\/blog\/wp-content\/uploads\/2024\/07\/low_DSC_1404-350x350.jpg 350w, https:\/\/www.ffbs.at\/blog\/wp-content\/uploads\/2024\/07\/low_DSC_1404-1024x1024.jpg 1024w, https:\/\/www.ffbs.at\/blog\/wp-content\/uploads\/2024\/07\/low_DSC_1404-200x200.jpg 200w, https:\/\/www.ffbs.at\/blog\/wp-content\/uploads\/2024\/07\/low_DSC_1404-768x768.jpg 768w, https:\/\/www.ffbs.at\/blog\/wp-content\/uploads\/2024\/07\/low_DSC_1404-700x700.jpg 700w\" sizes=\"(max-width: 350px) 100vw, 350px\" \/>\n\t\t<div class=\"figc no-description\">\n\t\t\t<div class=\"figc-inner\">\n\t\t\t\t\t\t\t\t\t\t\t\t\t\t\t<\/div>\n\t\t<\/div>\n\n\t<\/div>\n\n<\/div><div class=\"modula-item effect-pufrobo\" >\n\t<div class=\"modula-item-overlay\"><\/div>\n\n\t<div class=\"modula-item-content\">\n\n\t\t<a data-image-id=\"49780\" role=\"button\" data-elementor-open-lightbox=\"no\" tabindex=\"0\" rel=\"jtg-46237\" data-caption=\"\" aria-label=\"Open image in lightbox\" class=\"tile-inner modula-item-link\"><\/a><img decoding=\"async\" class=\"pic wp-image-49780\"  data-valign=\"middle\" data-halign=\"center\" alt=\"\" data-full=\"https:\/\/www.ffbs.at\/blog\/wp-content\/uploads\/2024\/07\/low_DSC_1275.jpg\" title=\"low_DSC_1275\" crop=\"\" width=\"350\" height=\"350\" src=\"https:\/\/www.ffbs.at\/blog\/wp-content\/uploads\/2024\/07\/low_DSC_1275-350x350.jpg\" data-src=\"https:\/\/www.ffbs.at\/blog\/wp-content\/uploads\/2024\/07\/low_DSC_1275-350x350.jpg\" data-caption=\"\" srcset=\"https:\/\/www.ffbs.at\/blog\/wp-content\/uploads\/2024\/07\/low_DSC_1275-350x350.jpg 350w, https:\/\/www.ffbs.at\/blog\/wp-content\/uploads\/2024\/07\/low_DSC_1275-1024x1024.jpg 1024w, https:\/\/www.ffbs.at\/blog\/wp-content\/uploads\/2024\/07\/low_DSC_1275-200x200.jpg 200w, https:\/\/www.ffbs.at\/blog\/wp-content\/uploads\/2024\/07\/low_DSC_1275-768x768.jpg 768w, https:\/\/www.ffbs.at\/blog\/wp-content\/uploads\/2024\/07\/low_DSC_1275-700x700.jpg 700w\" sizes=\"(max-width: 350px) 100vw, 350px\" \/>\n\t\t<div class=\"figc no-description\">\n\t\t\t<div class=\"figc-inner\">\n\t\t\t\t\t\t\t\t\t\t\t\t\t\t\t<\/div>\n\t\t<\/div>\n\n\t<\/div>\n\n<\/div><div class=\"modula-item effect-pufrobo\" >\n\t<div class=\"modula-item-overlay\"><\/div>\n\n\t<div class=\"modula-item-content\">\n\n\t\t<a data-image-id=\"49778\" role=\"button\" data-elementor-open-lightbox=\"no\" tabindex=\"0\" rel=\"jtg-46237\" data-caption=\"\" aria-label=\"Open image in lightbox\" class=\"tile-inner modula-item-link\"><\/a><img loading=\"lazy\" decoding=\"async\" class=\"pic wp-image-49778\"  data-valign=\"middle\" data-halign=\"center\" alt=\"\" data-full=\"https:\/\/www.ffbs.at\/blog\/wp-content\/uploads\/2024\/07\/low_DSC_1359.jpg\" title=\"low_DSC_1359\" crop=\"\" width=\"350\" height=\"350\" src=\"https:\/\/www.ffbs.at\/blog\/wp-content\/uploads\/2024\/07\/low_DSC_1359-350x350.jpg\" data-src=\"https:\/\/www.ffbs.at\/blog\/wp-content\/uploads\/2024\/07\/low_DSC_1359-350x350.jpg\" data-caption=\"\" srcset=\"https:\/\/www.ffbs.at\/blog\/wp-content\/uploads\/2024\/07\/low_DSC_1359-350x350.jpg 350w, https:\/\/www.ffbs.at\/blog\/wp-content\/uploads\/2024\/07\/low_DSC_1359-1024x1024.jpg 1024w, https:\/\/www.ffbs.at\/blog\/wp-content\/uploads\/2024\/07\/low_DSC_1359-200x200.jpg 200w, https:\/\/www.ffbs.at\/blog\/wp-content\/uploads\/2024\/07\/low_DSC_1359-768x768.jpg 768w, https:\/\/www.ffbs.at\/blog\/wp-content\/uploads\/2024\/07\/low_DSC_1359-700x700.jpg 700w\" sizes=\"(max-width: 350px) 100vw, 350px\" \/>\n\t\t<div class=\"figc no-description\">\n\t\t\t<div class=\"figc-inner\">\n\t\t\t\t\t\t\t\t\t\t\t\t\t\t\t<\/div>\n\t\t<\/div>\n\n\t<\/div>\n\n<\/div><div class=\"modula-item effect-pufrobo\" >\n\t<div class=\"modula-item-overlay\"><\/div>\n\n\t<div class=\"modula-item-content\">\n\n\t\t<a data-image-id=\"49776\" role=\"button\" data-elementor-open-lightbox=\"no\" tabindex=\"0\" rel=\"jtg-46237\" data-caption=\"\" aria-label=\"Open image in lightbox\" class=\"tile-inner modula-item-link\"><\/a><img loading=\"lazy\" decoding=\"async\" class=\"pic wp-image-49776\"  data-valign=\"middle\" data-halign=\"center\" alt=\"\" data-full=\"https:\/\/www.ffbs.at\/blog\/wp-content\/uploads\/2024\/07\/low_DSC_1257-2.jpg\" title=\"low_DSC_1257\" crop=\"\" width=\"350\" height=\"350\" src=\"https:\/\/www.ffbs.at\/blog\/wp-content\/uploads\/2024\/07\/low_DSC_1257-2-350x350.jpg\" data-src=\"https:\/\/www.ffbs.at\/blog\/wp-content\/uploads\/2024\/07\/low_DSC_1257-2-350x350.jpg\" data-caption=\"\" srcset=\"https:\/\/www.ffbs.at\/blog\/wp-content\/uploads\/2024\/07\/low_DSC_1257-2-350x350.jpg 350w, https:\/\/www.ffbs.at\/blog\/wp-content\/uploads\/2024\/07\/low_DSC_1257-2-1024x1024.jpg 1024w, https:\/\/www.ffbs.at\/blog\/wp-content\/uploads\/2024\/07\/low_DSC_1257-2-200x200.jpg 200w, https:\/\/www.ffbs.at\/blog\/wp-content\/uploads\/2024\/07\/low_DSC_1257-2-768x768.jpg 768w, https:\/\/www.ffbs.at\/blog\/wp-content\/uploads\/2024\/07\/low_DSC_1257-2-700x700.jpg 700w\" sizes=\"(max-width: 350px) 100vw, 350px\" \/>\n\t\t<div class=\"figc no-description\">\n\t\t\t<div class=\"figc-inner\">\n\t\t\t\t\t\t\t\t\t\t\t\t\t\t\t<\/div>\n\t\t<\/div>\n\n\t<\/div>\n\n<\/div><div class=\"modula-item effect-pufrobo\" >\n\t<div class=\"modula-item-overlay\"><\/div>\n\n\t<div class=\"modula-item-content\">\n\n\t\t<a data-image-id=\"49775\" role=\"button\" data-elementor-open-lightbox=\"no\" tabindex=\"0\" rel=\"jtg-46237\" data-caption=\"\" aria-label=\"Open image in lightbox\" class=\"tile-inner modula-item-link\"><\/a><img loading=\"lazy\" decoding=\"async\" class=\"pic wp-image-49775\"  data-valign=\"middle\" data-halign=\"center\" alt=\"\" data-full=\"https:\/\/www.ffbs.at\/blog\/wp-content\/uploads\/2024\/07\/low_DSC_1239-2.jpg\" title=\"low_DSC_1239\" crop=\"\" width=\"350\" height=\"350\" src=\"https:\/\/www.ffbs.at\/blog\/wp-content\/uploads\/2024\/07\/low_DSC_1239-2-350x350.jpg\" data-src=\"https:\/\/www.ffbs.at\/blog\/wp-content\/uploads\/2024\/07\/low_DSC_1239-2-350x350.jpg\" data-caption=\"\" srcset=\"https:\/\/www.ffbs.at\/blog\/wp-content\/uploads\/2024\/07\/low_DSC_1239-2-350x350.jpg 350w, https:\/\/www.ffbs.at\/blog\/wp-content\/uploads\/2024\/07\/low_DSC_1239-2-1024x1024.jpg 1024w, https:\/\/www.ffbs.at\/blog\/wp-content\/uploads\/2024\/07\/low_DSC_1239-2-200x200.jpg 200w, https:\/\/www.ffbs.at\/blog\/wp-content\/uploads\/2024\/07\/low_DSC_1239-2-768x768.jpg 768w, https:\/\/www.ffbs.at\/blog\/wp-content\/uploads\/2024\/07\/low_DSC_1239-2-700x700.jpg 700w\" sizes=\"(max-width: 350px) 100vw, 350px\" \/>\n\t\t<div class=\"figc no-description\">\n\t\t\t<div class=\"figc-inner\">\n\t\t\t\t\t\t\t\t\t\t\t\t\t\t\t<\/div>\n\t\t<\/div>\n\n\t<\/div>\n\n<\/div><div class=\"modula-item effect-pufrobo\" >\n\t<div class=\"modula-item-overlay\"><\/div>\n\n\t<div class=\"modula-item-content\">\n\n\t\t<a data-image-id=\"49777\" role=\"button\" data-elementor-open-lightbox=\"no\" tabindex=\"0\" rel=\"jtg-46237\" data-caption=\"\" aria-label=\"Open image in lightbox\" class=\"tile-inner modula-item-link\"><\/a><img loading=\"lazy\" decoding=\"async\" class=\"pic wp-image-49777\"  data-valign=\"middle\" data-halign=\"center\" alt=\"\" data-full=\"https:\/\/www.ffbs.at\/blog\/wp-content\/uploads\/2024\/07\/low_DSC_1301.jpg\" title=\"low_DSC_1301\" crop=\"\" width=\"350\" height=\"350\" src=\"https:\/\/www.ffbs.at\/blog\/wp-content\/uploads\/2024\/07\/low_DSC_1301-350x350.jpg\" data-src=\"https:\/\/www.ffbs.at\/blog\/wp-content\/uploads\/2024\/07\/low_DSC_1301-350x350.jpg\" data-caption=\"\" srcset=\"https:\/\/www.ffbs.at\/blog\/wp-content\/uploads\/2024\/07\/low_DSC_1301-350x350.jpg 350w, https:\/\/www.ffbs.at\/blog\/wp-content\/uploads\/2024\/07\/low_DSC_1301-1024x1024.jpg 1024w, https:\/\/www.ffbs.at\/blog\/wp-content\/uploads\/2024\/07\/low_DSC_1301-200x200.jpg 200w, https:\/\/www.ffbs.at\/blog\/wp-content\/uploads\/2024\/07\/low_DSC_1301-768x768.jpg 768w, https:\/\/www.ffbs.at\/blog\/wp-content\/uploads\/2024\/07\/low_DSC_1301-700x700.jpg 700w\" sizes=\"(max-width: 350px) 100vw, 350px\" \/>\n\t\t<div class=\"figc no-description\">\n\t\t\t<div class=\"figc-inner\">\n\t\t\t\t\t\t\t\t\t\t\t\t\t\t\t<\/div>\n\t\t<\/div>\n\n\t<\/div>\n\n<\/div><div class=\"modula-item effect-pufrobo\" >\n\t<div class=\"modula-item-overlay\"><\/div>\n\n\t<div class=\"modula-item-content\">\n\n\t\t<a data-image-id=\"46238\" role=\"button\" data-elementor-open-lightbox=\"no\" tabindex=\"0\" rel=\"jtg-46237\" data-caption=\"\" aria-label=\"Open image in lightbox\" class=\"tile-inner modula-item-link\"><\/a><img loading=\"lazy\" decoding=\"async\" class=\"pic wp-image-46238\"  data-valign=\"middle\" data-halign=\"center\" alt=\"\" data-full=\"https:\/\/www.ffbs.at\/blog\/wp-content\/uploads\/2023\/09\/202107FFBS_WLA-Ruest_255-1024x559-1.jpg\" title=\"202107FFBS_WLA-R\u00fcst_255-1024x559\" crop=\"\" width=\"350\" height=\"350\" src=\"https:\/\/www.ffbs.at\/blog\/wp-content\/uploads\/2023\/09\/202107FFBS_WLA-Ruest_255-1024x559-1-350x350.jpg\" data-src=\"https:\/\/www.ffbs.at\/blog\/wp-content\/uploads\/2023\/09\/202107FFBS_WLA-Ruest_255-1024x559-1-350x350.jpg\" data-caption=\"\" srcset=\"https:\/\/www.ffbs.at\/blog\/wp-content\/uploads\/2023\/09\/202107FFBS_WLA-Ruest_255-1024x559-1-350x350.jpg 350w, https:\/\/www.ffbs.at\/blog\/wp-content\/uploads\/2023\/09\/202107FFBS_WLA-Ruest_255-1024x559-1-200x200.jpg 200w\" sizes=\"(max-width: 350px) 100vw, 350px\" \/>\n\t\t<div class=\"figc no-description\">\n\t\t\t<div class=\"figc-inner\">\n\t\t\t\t\t\t\t\t\t\t\t\t\t\t\t<\/div>\n\t\t<\/div>\n\n\t<\/div>\n\n<\/div><div class=\"modula-item effect-pufrobo\" >\n\t<div class=\"modula-item-overlay\"><\/div>\n\n\t<div class=\"modula-item-content\">\n\n\t\t<a data-image-id=\"46239\" role=\"button\" data-elementor-open-lightbox=\"no\" tabindex=\"0\" rel=\"jtg-46237\" data-caption=\"\" aria-label=\"Open image in lightbox\" class=\"tile-inner modula-item-link\"><\/a><img loading=\"lazy\" decoding=\"async\" class=\"pic wp-image-46239\"  data-valign=\"middle\" data-halign=\"center\" alt=\"\" data-full=\"https:\/\/www.ffbs.at\/blog\/wp-content\/uploads\/2023\/09\/202107FFBS_WLA-Ruest_256-1024x920-1.jpg\" title=\"202107FFBS_WLA-R\u00fcst_256-1024x920\" crop=\"\" width=\"350\" height=\"350\" src=\"https:\/\/www.ffbs.at\/blog\/wp-content\/uploads\/2023\/09\/202107FFBS_WLA-Ruest_256-1024x920-1-350x350.jpg\" data-src=\"https:\/\/www.ffbs.at\/blog\/wp-content\/uploads\/2023\/09\/202107FFBS_WLA-Ruest_256-1024x920-1-350x350.jpg\" data-caption=\"\" srcset=\"https:\/\/www.ffbs.at\/blog\/wp-content\/uploads\/2023\/09\/202107FFBS_WLA-Ruest_256-1024x920-1-350x350.jpg 350w, https:\/\/www.ffbs.at\/blog\/wp-content\/uploads\/2023\/09\/202107FFBS_WLA-Ruest_256-1024x920-1-200x200.jpg 200w, https:\/\/www.ffbs.at\/blog\/wp-content\/uploads\/2023\/09\/202107FFBS_WLA-Ruest_256-1024x920-1-768x768.jpg 768w\" sizes=\"(max-width: 350px) 100vw, 350px\" \/>\n\t\t<div class=\"figc no-description\">\n\t\t\t<div class=\"figc-inner\">\n\t\t\t\t\t\t\t\t\t\t\t\t\t\t\t<\/div>\n\t\t<\/div>\n\n\t<\/div>\n\n<\/div><div class=\"modula-item effect-pufrobo\" >\n\t<div class=\"modula-item-overlay\"><\/div>\n\n\t<div class=\"modula-item-content\">\n\n\t\t<a data-image-id=\"46242\" role=\"button\" data-elementor-open-lightbox=\"no\" tabindex=\"0\" rel=\"jtg-46237\" data-caption=\"\" aria-label=\"Open image in lightbox\" class=\"tile-inner modula-item-link\"><\/a><img loading=\"lazy\" decoding=\"async\" class=\"pic wp-image-46242\"  data-valign=\"middle\" data-halign=\"center\" alt=\"\" data-full=\"https:\/\/www.ffbs.at\/blog\/wp-content\/uploads\/2023\/09\/20210630FFBS_Indienststellung-WLA-Ruest_17.jpg\" title=\"20210630 Indienststellung WLA R\u00fcst\" crop=\"\" width=\"350\" height=\"350\" src=\"https:\/\/www.ffbs.at\/blog\/wp-content\/uploads\/2023\/09\/20210630FFBS_Indienststellung-WLA-Ruest_17-350x350.jpg\" data-src=\"https:\/\/www.ffbs.at\/blog\/wp-content\/uploads\/2023\/09\/20210630FFBS_Indienststellung-WLA-Ruest_17-350x350.jpg\" data-caption=\"\" srcset=\"https:\/\/www.ffbs.at\/blog\/wp-content\/uploads\/2023\/09\/20210630FFBS_Indienststellung-WLA-Ruest_17-350x350.jpg 350w, https:\/\/www.ffbs.at\/blog\/wp-content\/uploads\/2023\/09\/20210630FFBS_Indienststellung-WLA-Ruest_17-200x200.jpg 200w\" sizes=\"(max-width: 350px) 100vw, 350px\" \/>\n\t\t<div class=\"figc no-description\">\n\t\t\t<div class=\"figc-inner\">\n\t\t\t\t\t\t\t\t\t\t\t\t\t\t\t<\/div>\n\t\t<\/div>\n\n\t<\/div>\n\n<\/div>\t\t\n\t<\/div>\n\n\t\n\t\n\t<script type=\"application\/ld+json\">\n\t{\n\t\t\"@context\": \"http:\/\/schema.org\",\n\t\t\"@type\"   : \"ImageGallery\",\n\t\t\"id\"      : \"https:\/\/www.ffbs.at\/blog\/wla-ruest\/\",\n\t\t\"url\"     : \"https:\/\/www.ffbs.at\/blog\/wla-ruest\/\"\n\t}\n\n\t<\/script>\n\n\t\n<\/div>\n\n\n\n\n<div style=\"height:36px\" aria-hidden=\"true\" class=\"wp-block-spacer\"><\/div>\n","protected":false},"excerpt":{"rendered":"<p>Wechselladeaufbau &#8211; R\u00fcst Nach einer Bauphase \u00fcber mehrere Monate hinweg konnte nun unser neuer Wechselladeraufbau (WLA)-R\u00fcst, mit 30. Juni 2021, [&hellip;]<\/p>\n","protected":false},"author":8,"featured_media":0,"parent":0,"menu_order":0,"comment_status":"closed","ping_status":"closed","template":"","meta":{"_uag_custom_page_level_css":"","site-sidebar-layout":"default","site-content-layout":"","ast-site-content-layout":"default","site-content-style":"default","site-sidebar-style":"default","ast-global-header-display":"","ast-banner-title-visibility":"","ast-main-header-display":"","ast-hfb-above-header-display":"","ast-hfb-below-header-display":"","ast-hfb-mobile-header-display":"","site-post-title":"disabled","ast-breadcrumbs-content":"","ast-featured-img":"","footer-sml-layout":"","ast-disable-related-posts":"","theme-transparent-header-meta":"","adv-header-id-meta":"","stick-header-meta":"","header-above-stick-meta":"","header-main-stick-meta":"","header-below-stick-meta":"","astra-migrate-meta-layouts":"","ast-page-background-enabled":"default","ast-page-background-meta":{"desktop":{"background-color":"var(--ast-global-color-4)","background-image":"","background-repeat":"repeat","background-position":"center center","background-size":"auto","background-attachment":"scroll","background-type":"","background-media":"","overlay-type":"","overlay-color":"","overlay-opacity":"","overlay-gradient":""},"tablet":{"background-color":"","background-image":"","background-repeat":"repeat","background-position":"center center","background-size":"auto","background-attachment":"scroll","background-type":"","background-media":"","overlay-type":"","overlay-color":"","overlay-opacity":"","overlay-gradient":""},"mobile":{"background-color":"","background-image":"","background-repeat":"repeat","background-position":"center center","background-size":"auto","background-attachment":"scroll","background-type":"","background-media":"","overlay-type":"","overlay-color":"","overlay-opacity":"","overlay-gradient":""}},"ast-content-background-meta":{"desktop":{"background-color":"var(--ast-global-color-5)","background-image":"","background-repeat":"repeat","background-position":"center center","background-size":"auto","background-attachment":"scroll","background-type":"","background-media":"","overlay-type":"","overlay-color":"","overlay-opacity":"","overlay-gradient":""},"tablet":{"background-color":"var(--ast-global-color-5)","background-image":"","background-repeat":"repeat","background-position":"center center","background-size":"auto","background-attachment":"scroll","background-type":"","background-media":"","overlay-type":"","overlay-color":"","overlay-opacity":"","overlay-gradient":""},"mobile":{"background-color":"var(--ast-global-color-5)","background-image":"","background-repeat":"repeat","background-position":"center center","background-size":"auto","background-attachment":"scroll","background-type":"","background-media":"","overlay-type":"","overlay-color":"","overlay-opacity":"","overlay-gradient":""}},"ngg_post_thumbnail":0,"footnotes":""},"class_list":["post-46236","page","type-page","status-publish","hentry"],"uagb_featured_image_src":{"full":false,"thumbnail":false,"medium":false,"medium_large":false,"large":false,"1536x1536":false,"2048x2048":false,"tp-image-grid":false},"uagb_author_info":{"display_name":"Viktor van de Castell","author_link":"https:\/\/www.ffbs.at\/blog\/author\/viktor\/"},"uagb_comment_info":0,"uagb_excerpt":"Wechselladeaufbau &#8211; R\u00fcst Nach einer Bauphase \u00fcber mehrere Monate hinweg konnte nun unser neuer Wechselladeraufbau (WLA)-R\u00fcst, mit 30. Juni 2021, [&hellip;]","rttpg_featured_image_url":null,"rttpg_author":{"display_name":"Viktor van de Castell","author_link":"https:\/\/www.ffbs.at\/blog\/author\/viktor\/"},"rttpg_comment":0,"rttpg_category":null,"rttpg_excerpt":"Wechselladeaufbau &#8211; R\u00fcst Nach einer Bauphase \u00fcber mehrere Monate hinweg konnte nun unser neuer Wechselladeraufbau (WLA)-R\u00fcst, mit 30. Juni 2021, [&hellip;]","_links":{"self":[{"href":"https:\/\/www.ffbs.at\/blog\/wp-json\/wp\/v2\/pages\/46236","targetHints":{"allow":["GET"]}}],"collection":[{"href":"https:\/\/www.ffbs.at\/blog\/wp-json\/wp\/v2\/pages"}],"about":[{"href":"https:\/\/www.ffbs.at\/blog\/wp-json\/wp\/v2\/types\/page"}],"author":[{"embeddable":true,"href":"https:\/\/www.ffbs.at\/blog\/wp-json\/wp\/v2\/users\/8"}],"replies":[{"embeddable":true,"href":"https:\/\/www.ffbs.at\/blog\/wp-json\/wp\/v2\/comments?post=46236"}],"version-history":[{"count":3,"href":"https:\/\/www.ffbs.at\/blog\/wp-json\/wp\/v2\/pages\/46236\/revisions"}],"predecessor-version":[{"id":46245,"href":"https:\/\/www.ffbs.at\/blog\/wp-json\/wp\/v2\/pages\/46236\/revisions\/46245"}],"wp:attachment":[{"href":"https:\/\/www.ffbs.at\/blog\/wp-json\/wp\/v2\/media?parent=46236"}],"curies":[{"name":"wp","href":"https:\/\/api.w.org\/{rel}","templated":true}]}}