{"id":45851,"date":"2023-08-24T10:10:31","date_gmt":"2023-08-24T09:10:31","guid":{"rendered":"https:\/\/www.ffbs.at\/blog\/?page_id=45851"},"modified":"2024-04-20T17:40:03","modified_gmt":"2024-04-20T16:40:03","slug":"hlf3-tank-3","status":"publish","type":"page","link":"https:\/\/www.ffbs.at\/blog\/hlf3-tank-3\/","title":{"rendered":"HLF3 &#8211; Tank 3"},"content":{"rendered":"\n<h3 class=\"wp-block-heading\">Hilfeleistungsl\u00f6schfahrzeug 3<\/h3>\n\n\n\n<p>\u00dcber ein neues Hilfeleistungsfahrzeug kann sich die Freiwillige Feuerwehr Baden-Stadt seit 2019 freuen. Das durch die Stadtgemeinde Baden finanzierte Feuerwehrauto wird aufgrund seines gro\u00dfen Tankvolumens von 4.000 Litern vor allem in Gebieten mit geringer L\u00f6schwasser-Versorgung sowie als Begleitfahrzeug f\u00fcr die Drehleiter eingesetzt.<\/p>\n\n\n\n<p><strong>Technische Daten:<\/strong><\/p>\n\n\n\n<p>&#8211; Fahrgestell: MAN TGL 18.340, Allradantrieb<\/p>\n\n\n\n<p>&#8211; Aufbau: Fa. Rosenbauer AT<\/p>\n\n\n\n<p>&#8211; Baujahr: 2019<\/p>\n\n\n\n<p>&#8211; Motorleistung: 251 KW (341 PS)<\/p>\n\n\n\n<p>&#8211; Gesamtgewicht: 18.000 kg<\/p>\n\n\n\n<p>&#8211; Besatzung: 1:6<\/p>\n\n\n\n<p>&#8211; Wassertank: 4.000l<\/p>\n\n\n\n<p>&#8211; L\u00e4nge: 7,9 m Breite: 2,5 m H\u00f6he: 3,3 m<\/p>\n\n\n\n<div style=\"height:26px\" aria-hidden=\"true\" class=\"wp-block-spacer\"><\/div>\n\n\n\n<p>Au\u00dferdem ist das Fahrzeug mit einer besonderen Ausr\u00fcstung f\u00fcr besondere Eins\u00e4tze wie etwa Wald- oder Flurbr\u00e4nde sowie Dach-, Zwischendecken- und Dehnfugenbr\u00e4nde) ausger\u00fcstet und verf\u00fcgt \u00fcber ein Bel\u00fcftungsger\u00e4t mit Wassernebel, eine W\u00e4rmebildkamera sowie einen abnehmbaren Wasserwerfer. Ein Stromerzeuger und eine Stra\u00dfenwaschanlage stehen ebenso zur Verf\u00fcgung wie eine dreiteilige Schiebeleiter (14 m) sowie eine vierteilige Steckleiter und spezielle Absturzsicherungen. Um Menschenrettungen auch in unbefahrbaren Gebieten zu erm\u00f6glichen, ist in diesem Fahrzeug zudem ein Sprungpolster mit 16 m Rettungsh\u00f6he untergebracht.<\/p>\n\n\n\n<div style=\"height:43px\" aria-hidden=\"true\" class=\"wp-block-spacer\"><\/div>\n\n\n<div  id=\"jtg-45852\" class=\"modula modula-gallery modula-custom-grid\" data-config=\"{&quot;height&quot;:0,&quot;tabletHeight&quot;:0,&quot;mobileHeight&quot;:0,&quot;desktopHeight&quot;:0,&quot;enableTwitter&quot;:false,&quot;enableWhatsapp&quot;:false,&quot;enableFacebook&quot;:false,&quot;enablePinterest&quot;:false,&quot;enableLinkedin&quot;:false,&quot;enableEmail&quot;:false,&quot;randomFactor&quot;:0,&quot;type&quot;:&quot;custom-grid&quot;,&quot;columns&quot;:12,&quot;gutter&quot;:20,&quot;mobileGutter&quot;:20,&quot;tabletGutter&quot;:20,&quot;desktopGutter&quot;:20,&quot;enableResponsive&quot;:&quot;0&quot;,&quot;tabletColumns&quot;:&quot;2&quot;,&quot;mobileColumns&quot;:&quot;1&quot;,&quot;lazyLoad&quot;:0,&quot;lightboxOpts&quot;:{&quot;animated&quot;:true,&quot;Thumbs&quot;:{&quot;type&quot;:&quot;modern&quot;,&quot;showOnStart&quot;:false},&quot;Toolbar&quot;:{&quot;display&quot;:{&quot;right&quot;:[&quot;close&quot;]},&quot;enabled&quot;:true},&quot;Carousel&quot;:{&quot;Panzoom&quot;:{&quot;touch&quot;:true},&quot;infinite&quot;:false},&quot;keyboard&quot;:{&quot;Escape&quot;:&quot;close&quot;,&quot;Delete&quot;:&quot;close&quot;,&quot;Backspace&quot;:&quot;close&quot;,&quot;PageUp&quot;:false,&quot;PageDown&quot;:false,&quot;ArrowUp&quot;:false,&quot;ArrowDown&quot;:false,&quot;ArrowRight&quot;:false,&quot;ArrowLeft&quot;:false},&quot;touch&quot;:false,&quot;backdropClick&quot;:false,&quot;l10n&quot;:{&quot;CLOSE&quot;:&quot;Close&quot;,&quot;NEXT&quot;:&quot;Next&quot;,&quot;PREV&quot;:&quot;Previous&quot;,&quot;Error&quot;:&quot;The requested content cannot be loaded. Please try again later.&quot;,&quot;PLAY_START&quot;:&quot;Start slideshow&quot;,&quot;PLAY_STOP&quot;:&quot;Pause slideshow&quot;,&quot;FULL_SCREEN&quot;:&quot;Full screen&quot;,&quot;THUMBS&quot;:&quot;Thumbnails&quot;,&quot;DOWNLOAD&quot;:&quot;Download&quot;,&quot;SHARE&quot;:&quot;Share&quot;,&quot;ZOOM&quot;:&quot;Zoom&quot;,&quot;EMAIL&quot;:&quot;Here is the link to the image : %%image_link%% and this is the link to the gallery : %%gallery_link%%&quot;,&quot;MODAL&quot;:&quot;You can close this modal content with the ESC key&quot;,&quot;ERROR&quot;:&quot;Something Went Wrong, Please Try Again Later&quot;,&quot;IMAGE_ERROR&quot;:&quot;Image Not Found&quot;,&quot;ELEMENT_NOT_FOUND&quot;:&quot;HTML Element Not Found&quot;,&quot;AJAX_NOT_FOUND&quot;:&quot;Error Loading AJAX : Not Found&quot;,&quot;AJAX_FORBIDDEN&quot;:&quot;Error Loading AJAX : Forbidden&quot;,&quot;IFRAME_ERROR&quot;:&quot;Error Loading Page&quot;,&quot;TOGGLE_ZOOM&quot;:&quot;Toggle zoom level&quot;,&quot;TOGGLE_THUMBS&quot;:&quot;Toggle thumbnails&quot;,&quot;TOGGLE_SLIDESHOW&quot;:&quot;Toggle slideshow&quot;,&quot;TOGGLE_FULLSCREEN&quot;:&quot;Toggle full-screen mode&quot;},&quot;Images&quot;:{&quot;Panzoom&quot;:{&quot;maxScale&quot;:2}},&quot;mainClass&quot;:&quot;modula-fancybox-container modula-lightbox-jtg-45852&quot;,&quot;Html&quot;:{&quot;videoAutoplay&quot;:0,&quot;videoTpl&quot;:&quot;&lt;video class=\\&quot;fancybox__html5video\\&quot; controls muted playsinline controlsList controlsList=\\&quot;nodownload\\&quot; poster=\\&quot;{{poster}}\\&quot; src=\\&quot;{{src}}\\&quot; type=\\&quot;{{format}}\\&quot; &gt;  Sorry, your browser doesn&#039;t support embedded videos, &lt;a href=\\&quot;{{src}}\\&quot;&gt; download &lt;\\\/a&gt; and watch with your favorite video player! &lt;\\\/video&gt;&quot;}},&quot;inView&quot;:false,&quot;email_subject&quot;:&quot;Check out this awesome image !!&quot;,&quot;email_message&quot;:&quot;Here is the link to the image : %%image_link%% and this is the link to the gallery : %%gallery_link%%&quot;,&quot;lightbox&quot;:&quot;fancybox&quot;}\">\n\n\t\n\t<div  class=\"modula-items\">\n\t\t<div class=\"modula-item effect-pufrobo\" data-width=\"3\" data-height=\"2\" >\n\t<div class=\"modula-item-overlay\"><\/div>\n\n\t<div class=\"modula-item-content\">\n\n\t\t<a data-image-id=\"45853\" role=\"button\" data-elementor-open-lightbox=\"no\" tabindex=\"0\" rel=\"jtg-45852\" data-caption=\"\" aria-label=\"Open image in lightbox\" class=\"tile-inner modula-item-link\"><\/a><img fetchpriority=\"high\" decoding=\"async\" class=\"pic wp-image-45853\"  data-valign=\"middle\" data-halign=\"center\" alt=\"\" data-full=\"https:\/\/www.ffbs.at\/blog\/wp-content\/uploads\/2023\/08\/DSC_8077PS-2.jpg\" title=\"DSC_8077PS-2\" crop=\"\" width=\"350\" height=\"350\" src=\"https:\/\/www.ffbs.at\/blog\/wp-content\/uploads\/2023\/08\/DSC_8077PS-2-350x350.jpg\" data-src=\"https:\/\/www.ffbs.at\/blog\/wp-content\/uploads\/2023\/08\/DSC_8077PS-2-350x350.jpg\" data-caption=\"\" srcset=\"https:\/\/www.ffbs.at\/blog\/wp-content\/uploads\/2023\/08\/DSC_8077PS-2-scaled-350x350.jpg 350w, https:\/\/www.ffbs.at\/blog\/wp-content\/uploads\/2023\/08\/DSC_8077PS-2-1024x1024.jpg 1024w, https:\/\/www.ffbs.at\/blog\/wp-content\/uploads\/2023\/08\/DSC_8077PS-2-200x200.jpg 200w, https:\/\/www.ffbs.at\/blog\/wp-content\/uploads\/2023\/08\/DSC_8077PS-2-768x768.jpg 768w\" sizes=\"(max-width: 350px) 100vw, 350px\" \/>\n\t\t<div class=\"figc no-description\">\n\t\t\t<div class=\"figc-inner\">\n\t\t\t\t\t\t\t\t\t\t\t\t\t\t\t<\/div>\n\t\t<\/div>\n\n\t<\/div>\n\n<\/div><div class=\"modula-item effect-pufrobo\" data-width=\"2\" data-height=\"2\" >\n\t<div class=\"modula-item-overlay\"><\/div>\n\n\t<div class=\"modula-item-content\">\n\n\t\t<a data-image-id=\"45854\" role=\"button\" data-elementor-open-lightbox=\"no\" tabindex=\"0\" rel=\"jtg-45852\" data-caption=\"HLF3 - Tank 3\" aria-label=\"Open image in lightbox\" class=\"tile-inner modula-item-link\"><\/a><img decoding=\"async\" class=\"pic wp-image-45854\"  data-valign=\"middle\" data-halign=\"center\" alt=\"\" data-full=\"https:\/\/www.ffbs.at\/blog\/wp-content\/uploads\/2023\/08\/DSC_8106PS-2-1.jpg\" title=\"DSC_8106PS-2\" crop=\"\" width=\"350\" height=\"350\" src=\"https:\/\/www.ffbs.at\/blog\/wp-content\/uploads\/2023\/08\/DSC_8106PS-2-1-350x350.jpg\" data-src=\"https:\/\/www.ffbs.at\/blog\/wp-content\/uploads\/2023\/08\/DSC_8106PS-2-1-350x350.jpg\" data-caption=\"HLF3 - Tank 3\"\/>\n\t\t<div class=\"figc\">\n\t\t\t<div class=\"figc-inner\">\n\t\t\t\t\t\t\t\t\t\t\t\t\t<div class=\"jtg-description\">HLF3 - Tank 3<\/div>\n\t\t\t\t\t\t\t\t\t\t\t<\/div>\n\t\t<\/div>\n\n\t<\/div>\n\n<\/div><div class=\"modula-item effect-pufrobo\" data-width=\"2\" data-height=\"2\" >\n\t<div class=\"modula-item-overlay\"><\/div>\n\n\t<div class=\"modula-item-content\">\n\n\t\t<a data-image-id=\"45855\" role=\"button\" data-elementor-open-lightbox=\"no\" tabindex=\"0\" rel=\"jtg-45852\" data-caption=\"\" aria-label=\"Open image in lightbox\" class=\"tile-inner modula-item-link\"><\/a><img decoding=\"async\" class=\"pic wp-image-45855\"  data-valign=\"middle\" data-halign=\"center\" alt=\"\" data-full=\"https:\/\/www.ffbs.at\/blog\/wp-content\/uploads\/2023\/08\/DSC_8143PS-2.jpg\" title=\"DSC_8143PS-2\" crop=\"\" width=\"350\" height=\"350\" src=\"https:\/\/www.ffbs.at\/blog\/wp-content\/uploads\/2023\/08\/DSC_8143PS-2-350x350.jpg\" data-src=\"https:\/\/www.ffbs.at\/blog\/wp-content\/uploads\/2023\/08\/DSC_8143PS-2-350x350.jpg\" data-caption=\"\" srcset=\"https:\/\/www.ffbs.at\/blog\/wp-content\/uploads\/2023\/08\/DSC_8143PS-2-scaled-350x350.jpg 350w, https:\/\/www.ffbs.at\/blog\/wp-content\/uploads\/2023\/08\/DSC_8143PS-2-1024x1024.jpg 1024w, https:\/\/www.ffbs.at\/blog\/wp-content\/uploads\/2023\/08\/DSC_8143PS-2-200x200.jpg 200w, https:\/\/www.ffbs.at\/blog\/wp-content\/uploads\/2023\/08\/DSC_8143PS-2-768x768.jpg 768w\" sizes=\"(max-width: 350px) 100vw, 350px\" \/>\n\t\t<div class=\"figc no-description\">\n\t\t\t<div class=\"figc-inner\">\n\t\t\t\t\t\t\t\t\t\t\t\t\t\t\t<\/div>\n\t\t<\/div>\n\n\t<\/div>\n\n<\/div><div class=\"modula-item effect-pufrobo\" data-width=\"3\" data-height=\"2\" >\n\t<div class=\"modula-item-overlay\"><\/div>\n\n\t<div class=\"modula-item-content\">\n\n\t\t<a data-image-id=\"45856\" role=\"button\" data-elementor-open-lightbox=\"no\" tabindex=\"0\" rel=\"jtg-45852\" data-caption=\"\" aria-label=\"Open image in lightbox\" class=\"tile-inner modula-item-link\"><\/a><img loading=\"lazy\" decoding=\"async\" class=\"pic wp-image-45856\"  data-valign=\"middle\" data-halign=\"center\" alt=\"\" data-full=\"https:\/\/www.ffbs.at\/blog\/wp-content\/uploads\/2023\/08\/DSC_8178PS-2.jpg\" title=\"DSC_8178PS-2\" crop=\"\" width=\"350\" height=\"350\" src=\"https:\/\/www.ffbs.at\/blog\/wp-content\/uploads\/2023\/08\/DSC_8178PS-2-350x350.jpg\" data-src=\"https:\/\/www.ffbs.at\/blog\/wp-content\/uploads\/2023\/08\/DSC_8178PS-2-350x350.jpg\" data-caption=\"\" srcset=\"https:\/\/www.ffbs.at\/blog\/wp-content\/uploads\/2023\/08\/DSC_8178PS-2-scaled-350x350.jpg 350w, https:\/\/www.ffbs.at\/blog\/wp-content\/uploads\/2023\/08\/DSC_8178PS-2-1024x1024.jpg 1024w, https:\/\/www.ffbs.at\/blog\/wp-content\/uploads\/2023\/08\/DSC_8178PS-2-200x200.jpg 200w, https:\/\/www.ffbs.at\/blog\/wp-content\/uploads\/2023\/08\/DSC_8178PS-2-768x768.jpg 768w\" sizes=\"(max-width: 350px) 100vw, 350px\" \/>\n\t\t<div class=\"figc no-description\">\n\t\t\t<div class=\"figc-inner\">\n\t\t\t\t\t\t\t\t\t\t\t\t\t\t\t<\/div>\n\t\t<\/div>\n\n\t<\/div>\n\n<\/div><div class=\"modula-item effect-pufrobo\" data-width=\"3\" data-height=\"2\" >\n\t<div class=\"modula-item-overlay\"><\/div>\n\n\t<div class=\"modula-item-content\">\n\n\t\t<a data-image-id=\"45857\" role=\"button\" data-elementor-open-lightbox=\"no\" tabindex=\"0\" rel=\"jtg-45852\" data-caption=\"\" aria-label=\"Open image in lightbox\" class=\"tile-inner modula-item-link\"><\/a><img loading=\"lazy\" decoding=\"async\" class=\"pic wp-image-45857\"  data-valign=\"middle\" data-halign=\"center\" alt=\"\" data-full=\"https:\/\/www.ffbs.at\/blog\/wp-content\/uploads\/2023\/08\/DSC_8233PS-2.jpg\" title=\"DSC_8233PS-2\" crop=\"\" width=\"350\" height=\"350\" src=\"https:\/\/www.ffbs.at\/blog\/wp-content\/uploads\/2023\/08\/DSC_8233PS-2-350x350.jpg\" data-src=\"https:\/\/www.ffbs.at\/blog\/wp-content\/uploads\/2023\/08\/DSC_8233PS-2-350x350.jpg\" data-caption=\"\" srcset=\"https:\/\/www.ffbs.at\/blog\/wp-content\/uploads\/2023\/08\/DSC_8233PS-2-scaled-350x350.jpg 350w, https:\/\/www.ffbs.at\/blog\/wp-content\/uploads\/2023\/08\/DSC_8233PS-2-1024x1024.jpg 1024w, https:\/\/www.ffbs.at\/blog\/wp-content\/uploads\/2023\/08\/DSC_8233PS-2-200x200.jpg 200w, https:\/\/www.ffbs.at\/blog\/wp-content\/uploads\/2023\/08\/DSC_8233PS-2-768x768.jpg 768w\" sizes=\"(max-width: 350px) 100vw, 350px\" \/>\n\t\t<div class=\"figc no-description\">\n\t\t\t<div class=\"figc-inner\">\n\t\t\t\t\t\t\t\t\t\t\t\t\t\t\t<\/div>\n\t\t<\/div>\n\n\t<\/div>\n\n<\/div><div class=\"modula-item effect-pufrobo\" data-width=\"2\" data-height=\"2\" >\n\t<div class=\"modula-item-overlay\"><\/div>\n\n\t<div class=\"modula-item-content\">\n\n\t\t<a data-image-id=\"45861\" role=\"button\" data-elementor-open-lightbox=\"no\" tabindex=\"0\" rel=\"jtg-45852\" data-caption=\"\" aria-label=\"Open image in lightbox\" class=\"tile-inner modula-item-link\"><\/a><img loading=\"lazy\" decoding=\"async\" class=\"pic wp-image-45861\"  data-valign=\"middle\" data-halign=\"center\" alt=\"\" data-full=\"https:\/\/www.ffbs.at\/blog\/wp-content\/uploads\/2023\/08\/20210723_Grossbrand-Kottingbrunn_042.jpg\" title=\"20210723 Gro\u00dfbrand in Kottingbrunn\" crop=\"\" width=\"350\" height=\"350\" src=\"https:\/\/www.ffbs.at\/blog\/wp-content\/uploads\/2023\/08\/20210723_Grossbrand-Kottingbrunn_042-350x350.jpg\" data-src=\"https:\/\/www.ffbs.at\/blog\/wp-content\/uploads\/2023\/08\/20210723_Grossbrand-Kottingbrunn_042-350x350.jpg\" data-caption=\"\" srcset=\"https:\/\/www.ffbs.at\/blog\/wp-content\/uploads\/2023\/08\/20210723_Grossbrand-Kottingbrunn_042-350x350.jpg 350w, https:\/\/www.ffbs.at\/blog\/wp-content\/uploads\/2023\/08\/20210723_Grossbrand-Kottingbrunn_042-200x200.jpg 200w\" sizes=\"(max-width: 350px) 100vw, 350px\" \/>\n\t\t<div class=\"figc no-description\">\n\t\t\t<div class=\"figc-inner\">\n\t\t\t\t\t\t\t\t\t\t\t\t\t\t\t<\/div>\n\t\t<\/div>\n\n\t<\/div>\n\n<\/div><div class=\"modula-item effect-pufrobo\" data-width=\"3\" data-height=\"2\" >\n\t<div class=\"modula-item-overlay\"><\/div>\n\n\t<div class=\"modula-item-content\">\n\n\t\t<a data-image-id=\"45859\" role=\"button\" data-elementor-open-lightbox=\"no\" tabindex=\"0\" rel=\"jtg-45852\" data-caption=\"\" aria-label=\"Open image in lightbox\" class=\"tile-inner modula-item-link\"><\/a><img loading=\"lazy\" decoding=\"async\" class=\"pic wp-image-45859\"  data-valign=\"middle\" data-halign=\"center\" alt=\"\" data-full=\"https:\/\/www.ffbs.at\/blog\/wp-content\/uploads\/2023\/08\/20220823FFBS_S1-Baden_06.jpg\" title=\"20220823 S1 \u00d6lspur Baden Josefsplatz\" crop=\"\" width=\"350\" height=\"350\" src=\"https:\/\/www.ffbs.at\/blog\/wp-content\/uploads\/2023\/08\/20220823FFBS_S1-Baden_06-350x350.jpg\" data-src=\"https:\/\/www.ffbs.at\/blog\/wp-content\/uploads\/2023\/08\/20220823FFBS_S1-Baden_06-350x350.jpg\" data-caption=\"\" srcset=\"https:\/\/www.ffbs.at\/blog\/wp-content\/uploads\/2023\/08\/20220823FFBS_S1-Baden_06-350x350.jpg 350w, https:\/\/www.ffbs.at\/blog\/wp-content\/uploads\/2023\/08\/20220823FFBS_S1-Baden_06-200x200.jpg 200w, https:\/\/www.ffbs.at\/blog\/wp-content\/uploads\/2023\/08\/20220823FFBS_S1-Baden_06-768x768.jpg 768w\" sizes=\"(max-width: 350px) 100vw, 350px\" \/>\n\t\t<div class=\"figc no-description\">\n\t\t\t<div class=\"figc-inner\">\n\t\t\t\t\t\t\t\t\t\t\t\t\t\t\t<\/div>\n\t\t<\/div>\n\n\t<\/div>\n\n<\/div><div class=\"modula-item effect-pufrobo\" data-width=\"2\" data-height=\"2\" >\n\t<div class=\"modula-item-overlay\"><\/div>\n\n\t<div class=\"modula-item-content\">\n\n\t\t<a data-image-id=\"45860\" role=\"button\" data-elementor-open-lightbox=\"no\" tabindex=\"0\" rel=\"jtg-45852\" data-caption=\"\" aria-label=\"Open image in lightbox\" class=\"tile-inner modula-item-link\"><\/a><img loading=\"lazy\" decoding=\"async\" class=\"pic wp-image-45860\"  data-valign=\"middle\" data-halign=\"center\" alt=\"\" data-full=\"https:\/\/www.ffbs.at\/blog\/wp-content\/uploads\/2023\/08\/20220823FFBS_S1-Baden_12.jpg\" title=\"20220823 S1 \u00d6lspur Baden Josefsplatz\" crop=\"\" width=\"350\" height=\"350\" src=\"https:\/\/www.ffbs.at\/blog\/wp-content\/uploads\/2023\/08\/20220823FFBS_S1-Baden_12-350x350.jpg\" data-src=\"https:\/\/www.ffbs.at\/blog\/wp-content\/uploads\/2023\/08\/20220823FFBS_S1-Baden_12-350x350.jpg\" data-caption=\"\" srcset=\"https:\/\/www.ffbs.at\/blog\/wp-content\/uploads\/2023\/08\/20220823FFBS_S1-Baden_12-350x350.jpg 350w, https:\/\/www.ffbs.at\/blog\/wp-content\/uploads\/2023\/08\/20220823FFBS_S1-Baden_12-200x200.jpg 200w, https:\/\/www.ffbs.at\/blog\/wp-content\/uploads\/2023\/08\/20220823FFBS_S1-Baden_12-768x768.jpg 768w\" sizes=\"(max-width: 350px) 100vw, 350px\" \/>\n\t\t<div class=\"figc no-description\">\n\t\t\t<div class=\"figc-inner\">\n\t\t\t\t\t\t\t\t\t\t\t\t\t\t\t<\/div>\n\t\t<\/div>\n\n\t<\/div>\n\n<\/div>\t\t\n\t<\/div>\n\n\t\n\t\n\t<script type=\"application\/ld+json\">\n\t{\n\t\t\"@context\": \"http:\/\/schema.org\",\n\t\t\"@type\"   : \"ImageGallery\",\n\t\t\"id\"      : \"https:\/\/www.ffbs.at\/blog\/hlf3-tank-3\/\",\n\t\t\"url\"     : \"https:\/\/www.ffbs.at\/blog\/hlf3-tank-3\/\"\n\t}\n\n\t<\/script>\n\n\t\n<\/div>\n\n\n\n\n<div style=\"height:55px\" aria-hidden=\"true\" class=\"wp-block-spacer\"><\/div>\n","protected":false},"excerpt":{"rendered":"<p>Hilfeleistungsl\u00f6schfahrzeug 3 \u00dcber ein neues Hilfeleistungsfahrzeug kann sich die Freiwillige Feuerwehr Baden-Stadt seit 2019 freuen. Das durch die Stadtgemeinde Baden [&hellip;]<\/p>\n","protected":false},"author":8,"featured_media":0,"parent":0,"menu_order":0,"comment_status":"closed","ping_status":"closed","template":"","meta":{"_uag_custom_page_level_css":"","site-sidebar-layout":"default","site-content-layout":"","ast-site-content-layout":"default","site-content-style":"default","site-sidebar-style":"default","ast-global-header-display":"","ast-banner-title-visibility":"","ast-main-header-display":"","ast-hfb-above-header-display":"","ast-hfb-below-header-display":"","ast-hfb-mobile-header-display":"","site-post-title":"","ast-breadcrumbs-content":"","ast-featured-img":"","footer-sml-layout":"","ast-disable-related-posts":"","theme-transparent-header-meta":"","adv-header-id-meta":"","stick-header-meta":"","header-above-stick-meta":"","header-main-stick-meta":"","header-below-stick-meta":"","astra-migrate-meta-layouts":"default","ast-page-background-enabled":"default","ast-page-background-meta":{"desktop":{"background-color":"var(--ast-global-color-4)","background-image":"","background-repeat":"repeat","background-position":"center center","background-size":"auto","background-attachment":"scroll","background-type":"","background-media":"","overlay-type":"","overlay-color":"","overlay-opacity":"","overlay-gradient":""},"tablet":{"background-color":"","background-image":"","background-repeat":"repeat","background-position":"center center","background-size":"auto","background-attachment":"scroll","background-type":"","background-media":"","overlay-type":"","overlay-color":"","overlay-opacity":"","overlay-gradient":""},"mobile":{"background-color":"","background-image":"","background-repeat":"repeat","background-position":"center center","background-size":"auto","background-attachment":"scroll","background-type":"","background-media":"","overlay-type":"","overlay-color":"","overlay-opacity":"","overlay-gradient":""}},"ast-content-background-meta":{"desktop":{"background-color":"var(--ast-global-color-5)","background-image":"","background-repeat":"repeat","background-position":"center center","background-size":"auto","background-attachment":"scroll","background-type":"","background-media":"","overlay-type":"","overlay-color":"","overlay-opacity":"","overlay-gradient":""},"tablet":{"background-color":"var(--ast-global-color-5)","background-image":"","background-repeat":"repeat","background-position":"center center","background-size":"auto","background-attachment":"scroll","background-type":"","background-media":"","overlay-type":"","overlay-color":"","overlay-opacity":"","overlay-gradient":""},"mobile":{"background-color":"var(--ast-global-color-5)","background-image":"","background-repeat":"repeat","background-position":"center center","background-size":"auto","background-attachment":"scroll","background-type":"","background-media":"","overlay-type":"","overlay-color":"","overlay-opacity":"","overlay-gradient":""}},"ngg_post_thumbnail":0,"footnotes":""},"class_list":["post-45851","page","type-page","status-publish","hentry"],"uagb_featured_image_src":{"full":false,"thumbnail":false,"medium":false,"medium_large":false,"large":false,"1536x1536":false,"2048x2048":false,"tp-image-grid":false},"uagb_author_info":{"display_name":"Viktor van de Castell","author_link":"https:\/\/www.ffbs.at\/blog\/author\/viktor\/"},"uagb_comment_info":0,"uagb_excerpt":"Hilfeleistungsl\u00f6schfahrzeug 3 \u00dcber ein neues Hilfeleistungsfahrzeug kann sich die Freiwillige Feuerwehr Baden-Stadt seit 2019 freuen. Das durch die Stadtgemeinde Baden [&hellip;]","rttpg_featured_image_url":null,"rttpg_author":{"display_name":"Viktor van de Castell","author_link":"https:\/\/www.ffbs.at\/blog\/author\/viktor\/"},"rttpg_comment":0,"rttpg_category":null,"rttpg_excerpt":"Hilfeleistungsl\u00f6schfahrzeug 3 \u00dcber ein neues Hilfeleistungsfahrzeug kann sich die Freiwillige Feuerwehr Baden-Stadt seit 2019 freuen. Das durch die Stadtgemeinde Baden [&hellip;]","_links":{"self":[{"href":"https:\/\/www.ffbs.at\/blog\/wp-json\/wp\/v2\/pages\/45851","targetHints":{"allow":["GET"]}}],"collection":[{"href":"https:\/\/www.ffbs.at\/blog\/wp-json\/wp\/v2\/pages"}],"about":[{"href":"https:\/\/www.ffbs.at\/blog\/wp-json\/wp\/v2\/types\/page"}],"author":[{"embeddable":true,"href":"https:\/\/www.ffbs.at\/blog\/wp-json\/wp\/v2\/users\/8"}],"replies":[{"embeddable":true,"href":"https:\/\/www.ffbs.at\/blog\/wp-json\/wp\/v2\/comments?post=45851"}],"version-history":[{"count":5,"href":"https:\/\/www.ffbs.at\/blog\/wp-json\/wp\/v2\/pages\/45851\/revisions"}],"predecessor-version":[{"id":49257,"href":"https:\/\/www.ffbs.at\/blog\/wp-json\/wp\/v2\/pages\/45851\/revisions\/49257"}],"wp:attachment":[{"href":"https:\/\/www.ffbs.at\/blog\/wp-json\/wp\/v2\/media?parent=45851"}],"curies":[{"name":"wp","href":"https:\/\/api.w.org\/{rel}","templated":true}]}}