{"id":45842,"date":"2023-08-24T09:59:34","date_gmt":"2023-08-24T08:59:34","guid":{"rendered":"https:\/\/www.ffbs.at\/blog\/?page_id=45842"},"modified":"2023-08-24T22:27:03","modified_gmt":"2023-08-24T21:27:03","slug":"rlfa-2000-200","status":"publish","type":"page","link":"https:\/\/www.ffbs.at\/blog\/rlfa-2000-200\/","title":{"rendered":"RLFA 2000-200"},"content":{"rendered":"\n<h3 class=\"wp-block-heading\">R\u00fcstl\u00f6schfahrzeug mit Allrad<\/h3>\n\n\n\n<p>Tank 2 Baden-Stadt ist ein R\u00fcst-L\u00f6sch-Fahrzeug mit Allrad. Es enth\u00e4lt einen 2000 Liter Wassertank, einen 200 Liter Schaumtank und Ger\u00e4tschaften<\/p>\n\n\n\n<p><strong>Technische Daten:<\/strong><\/p>\n\n\n\n<p>&#8211; Fahrgestell: Iveco 190E34W<\/p>\n\n\n\n<p>&#8211; Aufbau: Magirus Lohr<\/p>\n\n\n\n<p>&#8211; Baujahr: 1999<\/p>\n\n\n\n<p>&#8211; Motorleistung: 254 kW (345 PS)<\/p>\n\n\n\n<p>&#8211; H\u00f6chst zul. Gesamtgewicht: 18.000 kg<\/p>\n\n\n\n<p>&#8211; Besatzung: 1:8<\/p>\n\n\n\n<p>&#8211; Wassertank: 2.000 L Schaumtank: 200 L<\/p>\n\n\n\n<p>&#8211; L\u00e4nge: 7,4 m Breite: 2,5 m H\u00f6he: 3,3 m<\/p>\n\n\n\n<div style=\"height:57px\" aria-hidden=\"true\" class=\"wp-block-spacer\"><\/div>\n\n\n<div  id=\"jtg-45843\" class=\"modula modula-gallery modula-custom-grid\" data-config=\"{&quot;height&quot;:800,&quot;tabletHeight&quot;:800,&quot;mobileHeight&quot;:800,&quot;desktopHeight&quot;:800,&quot;enableTwitter&quot;:false,&quot;enableWhatsapp&quot;:false,&quot;enableFacebook&quot;:false,&quot;enablePinterest&quot;:false,&quot;enableLinkedin&quot;:false,&quot;enableEmail&quot;:false,&quot;randomFactor&quot;:0,&quot;type&quot;:&quot;custom-grid&quot;,&quot;columns&quot;:12,&quot;gutter&quot;:20,&quot;mobileGutter&quot;:20,&quot;tabletGutter&quot;:20,&quot;desktopGutter&quot;:20,&quot;enableResponsive&quot;:&quot;0&quot;,&quot;tabletColumns&quot;:2,&quot;mobileColumns&quot;:1,&quot;lazyLoad&quot;:0,&quot;lightboxOpts&quot;:{&quot;animated&quot;:true,&quot;Thumbs&quot;:{&quot;type&quot;:&quot;modern&quot;,&quot;showOnStart&quot;:false},&quot;Toolbar&quot;:{&quot;display&quot;:{&quot;right&quot;:[&quot;close&quot;]},&quot;enabled&quot;:true},&quot;Carousel&quot;:{&quot;Panzoom&quot;:{&quot;touch&quot;:true},&quot;infinite&quot;:false},&quot;keyboard&quot;:{&quot;Escape&quot;:&quot;close&quot;,&quot;Delete&quot;:&quot;close&quot;,&quot;Backspace&quot;:&quot;close&quot;,&quot;PageUp&quot;:false,&quot;PageDown&quot;:false,&quot;ArrowUp&quot;:false,&quot;ArrowDown&quot;:false,&quot;ArrowRight&quot;:false,&quot;ArrowLeft&quot;:false},&quot;touch&quot;:false,&quot;backdropClick&quot;:false,&quot;l10n&quot;:{&quot;CLOSE&quot;:&quot;Close&quot;,&quot;NEXT&quot;:&quot;Next&quot;,&quot;PREV&quot;:&quot;Previous&quot;,&quot;Error&quot;:&quot;The requested content cannot be loaded. Please try again later.&quot;,&quot;PLAY_START&quot;:&quot;Start slideshow&quot;,&quot;PLAY_STOP&quot;:&quot;Pause slideshow&quot;,&quot;FULL_SCREEN&quot;:&quot;Full screen&quot;,&quot;THUMBS&quot;:&quot;Thumbnails&quot;,&quot;DOWNLOAD&quot;:&quot;Download&quot;,&quot;SHARE&quot;:&quot;Share&quot;,&quot;ZOOM&quot;:&quot;Zoom&quot;,&quot;EMAIL&quot;:&quot;Here is the link to the image : %%image_link%% and this is the link to the gallery : %%gallery_link%%&quot;,&quot;MODAL&quot;:&quot;You can close this modal content with the ESC key&quot;,&quot;ERROR&quot;:&quot;Something Went Wrong, Please Try Again Later&quot;,&quot;IMAGE_ERROR&quot;:&quot;Image Not Found&quot;,&quot;ELEMENT_NOT_FOUND&quot;:&quot;HTML Element Not Found&quot;,&quot;AJAX_NOT_FOUND&quot;:&quot;Error Loading AJAX : Not Found&quot;,&quot;AJAX_FORBIDDEN&quot;:&quot;Error Loading AJAX : Forbidden&quot;,&quot;IFRAME_ERROR&quot;:&quot;Error Loading Page&quot;,&quot;TOGGLE_ZOOM&quot;:&quot;Toggle zoom level&quot;,&quot;TOGGLE_THUMBS&quot;:&quot;Toggle thumbnails&quot;,&quot;TOGGLE_SLIDESHOW&quot;:&quot;Toggle slideshow&quot;,&quot;TOGGLE_FULLSCREEN&quot;:&quot;Toggle full-screen mode&quot;},&quot;Images&quot;:{&quot;Panzoom&quot;:{&quot;maxScale&quot;:2}},&quot;mainClass&quot;:&quot;modula-fancybox-container modula-lightbox-jtg-45843&quot;,&quot;Html&quot;:{&quot;videoAutoplay&quot;:0,&quot;videoTpl&quot;:&quot;&lt;video class=\\&quot;fancybox__html5video\\&quot; controls muted playsinline controlsList controlsList=\\&quot;nodownload\\&quot; poster=\\&quot;{{poster}}\\&quot; src=\\&quot;{{src}}\\&quot; type=\\&quot;{{format}}\\&quot; &gt;  Sorry, your browser doesn&#039;t support embedded videos, &lt;a href=\\&quot;{{src}}\\&quot;&gt; download &lt;\\\/a&gt; and watch with your favorite video player! &lt;\\\/video&gt;&quot;}},&quot;inView&quot;:false,&quot;email_subject&quot;:&quot;Check out this awesome image !!&quot;,&quot;email_message&quot;:&quot;Here is the link to the image : %%image_link%% and this is the link to the gallery : %%gallery_link%%&quot;,&quot;lightbox&quot;:&quot;fancybox&quot;}\">\n\n\t\n\t<div  class=\"modula-items\">\n\t\t<div class=\"modula-item effect-pufrobo\" data-width=\"2\" data-height=\"2\" >\n\t<div class=\"modula-item-overlay\"><\/div>\n\n\t<div class=\"modula-item-content\">\n\n\t\t<a data-image-id=\"45844\" role=\"button\" data-elementor-open-lightbox=\"no\" tabindex=\"0\" rel=\"jtg-45843\" data-caption=\"RLFA - Tank 2\" aria-label=\"Open image in lightbox\" class=\"tile-inner modula-item-link\"><\/a><img fetchpriority=\"high\" decoding=\"async\" class=\"pic wp-image-45844\"  data-valign=\"middle\" data-halign=\"center\" alt=\"\" data-full=\"https:\/\/www.ffbs.at\/blog\/wp-content\/uploads\/2023\/08\/IMG_2269a-2.jpg\" title=\"IMG_2269a\" crop=\"\" width=\"350\" height=\"350\" src=\"https:\/\/www.ffbs.at\/blog\/wp-content\/uploads\/2023\/08\/IMG_2269a-2-350x350.jpg\" data-src=\"https:\/\/www.ffbs.at\/blog\/wp-content\/uploads\/2023\/08\/IMG_2269a-2-350x350.jpg\" data-caption=\"RLFA - Tank 2\"\/>\n\t\t<div class=\"figc\">\n\t\t\t<div class=\"figc-inner\">\n\t\t\t\t\t\t\t\t\t\t\t\t\t<div class=\"jtg-description\">RLFA - Tank 2<\/div>\n\t\t\t\t\t\t\t\t\t\t\t<\/div>\n\t\t<\/div>\n\n\t<\/div>\n\n<\/div><div class=\"modula-item effect-pufrobo\" data-width=\"2\" data-height=\"2\" >\n\t<div class=\"modula-item-overlay\"><\/div>\n\n\t<div class=\"modula-item-content\">\n\n\t\t<a data-image-id=\"45845\" role=\"button\" data-elementor-open-lightbox=\"no\" tabindex=\"0\" rel=\"jtg-45843\" data-caption=\"\" aria-label=\"Open image in lightbox\" class=\"tile-inner modula-item-link\"><\/a><img decoding=\"async\" class=\"pic wp-image-45845\"  data-valign=\"middle\" data-halign=\"center\" alt=\"\" data-full=\"https:\/\/www.ffbs.at\/blog\/wp-content\/uploads\/2023\/08\/IMG_2291a.jpg\" title=\"IMG_2291a\" crop=\"\" width=\"350\" height=\"350\" src=\"https:\/\/www.ffbs.at\/blog\/wp-content\/uploads\/2023\/08\/IMG_2291a-350x350.jpg\" data-src=\"https:\/\/www.ffbs.at\/blog\/wp-content\/uploads\/2023\/08\/IMG_2291a-350x350.jpg\" data-caption=\"\" srcset=\"https:\/\/www.ffbs.at\/blog\/wp-content\/uploads\/2023\/08\/IMG_2291a-scaled-350x350.jpg 350w, https:\/\/www.ffbs.at\/blog\/wp-content\/uploads\/2023\/08\/IMG_2291a-1024x1024.jpg 1024w, https:\/\/www.ffbs.at\/blog\/wp-content\/uploads\/2023\/08\/IMG_2291a-200x200.jpg 200w, https:\/\/www.ffbs.at\/blog\/wp-content\/uploads\/2023\/08\/IMG_2291a-768x768.jpg 768w\" sizes=\"(max-width: 350px) 100vw, 350px\" \/>\n\t\t<div class=\"figc no-description\">\n\t\t\t<div class=\"figc-inner\">\n\t\t\t\t\t\t\t\t\t\t\t\t\t\t\t<\/div>\n\t\t<\/div>\n\n\t<\/div>\n\n<\/div><div class=\"modula-item effect-pufrobo\" data-width=\"2\" data-height=\"2\" >\n\t<div class=\"modula-item-overlay\"><\/div>\n\n\t<div class=\"modula-item-content\">\n\n\t\t<a data-image-id=\"45846\" role=\"button\" data-elementor-open-lightbox=\"no\" tabindex=\"0\" rel=\"jtg-45843\" data-caption=\"\" aria-label=\"Open image in lightbox\" class=\"tile-inner modula-item-link\"><\/a><img decoding=\"async\" class=\"pic wp-image-45846\"  data-valign=\"middle\" data-halign=\"center\" alt=\"\" data-full=\"https:\/\/www.ffbs.at\/blog\/wp-content\/uploads\/2023\/08\/IMG_2297a.jpg\" title=\"IMG_2297a\" crop=\"\" width=\"350\" height=\"350\" src=\"https:\/\/www.ffbs.at\/blog\/wp-content\/uploads\/2023\/08\/IMG_2297a-350x350.jpg\" data-src=\"https:\/\/www.ffbs.at\/blog\/wp-content\/uploads\/2023\/08\/IMG_2297a-350x350.jpg\" data-caption=\"\" srcset=\"https:\/\/www.ffbs.at\/blog\/wp-content\/uploads\/2023\/08\/IMG_2297a-scaled-350x350.jpg 350w, https:\/\/www.ffbs.at\/blog\/wp-content\/uploads\/2023\/08\/IMG_2297a-1024x1024.jpg 1024w, https:\/\/www.ffbs.at\/blog\/wp-content\/uploads\/2023\/08\/IMG_2297a-200x200.jpg 200w, https:\/\/www.ffbs.at\/blog\/wp-content\/uploads\/2023\/08\/IMG_2297a-768x768.jpg 768w\" sizes=\"(max-width: 350px) 100vw, 350px\" \/>\n\t\t<div class=\"figc no-description\">\n\t\t\t<div class=\"figc-inner\">\n\t\t\t\t\t\t\t\t\t\t\t\t\t\t\t<\/div>\n\t\t<\/div>\n\n\t<\/div>\n\n<\/div><div class=\"modula-item effect-pufrobo\" data-width=\"2\" data-height=\"2\" >\n\t<div class=\"modula-item-overlay\"><\/div>\n\n\t<div class=\"modula-item-content\">\n\n\t\t<a data-image-id=\"45848\" role=\"button\" data-elementor-open-lightbox=\"no\" tabindex=\"0\" rel=\"jtg-45843\" data-caption=\"\" aria-label=\"Open image in lightbox\" class=\"tile-inner modula-item-link\"><\/a><img loading=\"lazy\" decoding=\"async\" class=\"pic wp-image-45848\"  data-valign=\"middle\" data-halign=\"center\" alt=\"\" data-full=\"https:\/\/www.ffbs.at\/blog\/wp-content\/uploads\/2023\/08\/IMG_2436a.jpg\" title=\"IMG_2436a\" crop=\"\" width=\"350\" height=\"350\" src=\"https:\/\/www.ffbs.at\/blog\/wp-content\/uploads\/2023\/08\/IMG_2436a-350x350.jpg\" data-src=\"https:\/\/www.ffbs.at\/blog\/wp-content\/uploads\/2023\/08\/IMG_2436a-350x350.jpg\" data-caption=\"\" srcset=\"https:\/\/www.ffbs.at\/blog\/wp-content\/uploads\/2023\/08\/IMG_2436a-scaled-350x350.jpg 350w, https:\/\/www.ffbs.at\/blog\/wp-content\/uploads\/2023\/08\/IMG_2436a-1024x1024.jpg 1024w, https:\/\/www.ffbs.at\/blog\/wp-content\/uploads\/2023\/08\/IMG_2436a-200x200.jpg 200w, https:\/\/www.ffbs.at\/blog\/wp-content\/uploads\/2023\/08\/IMG_2436a-768x768.jpg 768w\" sizes=\"(max-width: 350px) 100vw, 350px\" \/>\n\t\t<div class=\"figc no-description\">\n\t\t\t<div class=\"figc-inner\">\n\t\t\t\t\t\t\t\t\t\t\t\t\t\t\t<\/div>\n\t\t<\/div>\n\n\t<\/div>\n\n<\/div>\t\t\n\t<\/div>\n\n\t\n\t\n\t<script type=\"application\/ld+json\">\n\t{\n\t\t\"@context\": \"http:\/\/schema.org\",\n\t\t\"@type\"   : \"ImageGallery\",\n\t\t\"id\"      : \"https:\/\/www.ffbs.at\/blog\/rlfa-2000-200\/\",\n\t\t\"url\"     : \"https:\/\/www.ffbs.at\/blog\/rlfa-2000-200\/\"\n\t}\n\n\t<\/script>\n\n\t\n<\/div>\n\n\n\n\n<div style=\"height:54px\" aria-hidden=\"true\" class=\"wp-block-spacer\"><\/div>\n","protected":false},"excerpt":{"rendered":"<p>R\u00fcstl\u00f6schfahrzeug mit Allrad Tank 2 Baden-Stadt ist ein R\u00fcst-L\u00f6sch-Fahrzeug mit Allrad. Es enth\u00e4lt einen 2000 Liter Wassertank, einen 200 Liter [&hellip;]<\/p>\n","protected":false},"author":8,"featured_media":0,"parent":0,"menu_order":0,"comment_status":"closed","ping_status":"closed","template":"","meta":{"_uag_custom_page_level_css":"","site-sidebar-layout":"default","site-content-layout":"","ast-site-content-layout":"default","site-content-style":"default","site-sidebar-style":"default","ast-global-header-display":"","ast-banner-title-visibility":"","ast-main-header-display":"","ast-hfb-above-header-display":"","ast-hfb-below-header-display":"","ast-hfb-mobile-header-display":"","site-post-title":"","ast-breadcrumbs-content":"","ast-featured-img":"","footer-sml-layout":"","ast-disable-related-posts":"","theme-transparent-header-meta":"","adv-header-id-meta":"","stick-header-meta":"","header-above-stick-meta":"","header-main-stick-meta":"","header-below-stick-meta":"","astra-migrate-meta-layouts":"default","ast-page-background-enabled":"default","ast-page-background-meta":{"desktop":{"background-color":"var(--ast-global-color-4)","background-image":"","background-repeat":"repeat","background-position":"center center","background-size":"auto","background-attachment":"scroll","background-type":"","background-media":"","overlay-type":"","overlay-color":"","overlay-opacity":"","overlay-gradient":""},"tablet":{"background-color":"","background-image":"","background-repeat":"repeat","background-position":"center center","background-size":"auto","background-attachment":"scroll","background-type":"","background-media":"","overlay-type":"","overlay-color":"","overlay-opacity":"","overlay-gradient":""},"mobile":{"background-color":"","background-image":"","background-repeat":"repeat","background-position":"center center","background-size":"auto","background-attachment":"scroll","background-type":"","background-media":"","overlay-type":"","overlay-color":"","overlay-opacity":"","overlay-gradient":""}},"ast-content-background-meta":{"desktop":{"background-color":"var(--ast-global-color-5)","background-image":"","background-repeat":"repeat","background-position":"center center","background-size":"auto","background-attachment":"scroll","background-type":"","background-media":"","overlay-type":"","overlay-color":"","overlay-opacity":"","overlay-gradient":""},"tablet":{"background-color":"var(--ast-global-color-5)","background-image":"","background-repeat":"repeat","background-position":"center center","background-size":"auto","background-attachment":"scroll","background-type":"","background-media":"","overlay-type":"","overlay-color":"","overlay-opacity":"","overlay-gradient":""},"mobile":{"background-color":"var(--ast-global-color-5)","background-image":"","background-repeat":"repeat","background-position":"center center","background-size":"auto","background-attachment":"scroll","background-type":"","background-media":"","overlay-type":"","overlay-color":"","overlay-opacity":"","overlay-gradient":""}},"ngg_post_thumbnail":0,"footnotes":""},"class_list":["post-45842","page","type-page","status-publish","hentry"],"uagb_featured_image_src":{"full":false,"thumbnail":false,"medium":false,"medium_large":false,"large":false,"1536x1536":false,"2048x2048":false,"tp-image-grid":false},"uagb_author_info":{"display_name":"Viktor van de Castell","author_link":"https:\/\/www.ffbs.at\/blog\/author\/viktor\/"},"uagb_comment_info":0,"uagb_excerpt":"R\u00fcstl\u00f6schfahrzeug mit Allrad Tank 2 Baden-Stadt ist ein R\u00fcst-L\u00f6sch-Fahrzeug mit Allrad. Es enth\u00e4lt einen 2000 Liter Wassertank, einen 200 Liter [&hellip;]","rttpg_featured_image_url":null,"rttpg_author":{"display_name":"Viktor van de Castell","author_link":"https:\/\/www.ffbs.at\/blog\/author\/viktor\/"},"rttpg_comment":0,"rttpg_category":null,"rttpg_excerpt":"R\u00fcstl\u00f6schfahrzeug mit Allrad Tank 2 Baden-Stadt ist ein R\u00fcst-L\u00f6sch-Fahrzeug mit Allrad. Es enth\u00e4lt einen 2000 Liter Wassertank, einen 200 Liter [&hellip;]","_links":{"self":[{"href":"https:\/\/www.ffbs.at\/blog\/wp-json\/wp\/v2\/pages\/45842","targetHints":{"allow":["GET"]}}],"collection":[{"href":"https:\/\/www.ffbs.at\/blog\/wp-json\/wp\/v2\/pages"}],"about":[{"href":"https:\/\/www.ffbs.at\/blog\/wp-json\/wp\/v2\/types\/page"}],"author":[{"embeddable":true,"href":"https:\/\/www.ffbs.at\/blog\/wp-json\/wp\/v2\/users\/8"}],"replies":[{"embeddable":true,"href":"https:\/\/www.ffbs.at\/blog\/wp-json\/wp\/v2\/comments?post=45842"}],"version-history":[{"count":4,"href":"https:\/\/www.ffbs.at\/blog\/wp-json\/wp\/v2\/pages\/45842\/revisions"}],"predecessor-version":[{"id":45908,"href":"https:\/\/www.ffbs.at\/blog\/wp-json\/wp\/v2\/pages\/45842\/revisions\/45908"}],"wp:attachment":[{"href":"https:\/\/www.ffbs.at\/blog\/wp-json\/wp\/v2\/media?parent=45842"}],"curies":[{"name":"wp","href":"https:\/\/api.w.org\/{rel}","templated":true}]}}