{"id":44616,"date":"2023-12-01T10:07:00","date_gmt":"2023-12-01T09:07:00","guid":{"rendered":"https:\/\/www.ffbs.at\/blog\/?page_id=44616"},"modified":"2023-09-19T09:07:53","modified_gmt":"2023-09-19T08:07:53","slug":"sonderfahrzeug-sof-1-last-3","status":"publish","type":"page","link":"https:\/\/www.ffbs.at\/blog\/sonderfahrzeug-sof-1-last-3\/","title":{"rendered":"Sonderfahrzeug &#8211; SOF 1 (Last 3)"},"content":{"rendered":"\n<figure id=\"tablepress-1\" class=\"wp-block-table\"><table><tbody><tr><td>Funkrufname:<\/td><td>Last 3 Baden-Stadt<\/td><\/tr><tr><td>Hersteller:<\/td><td>Can AM BRP<\/td><\/tr><tr><td>Typ-Fahrgestell:<\/td><td>Can Am Traxter HD 9 XU<\/td><\/tr><tr><td>Erstzulassung:<\/td><td>27.05.2022<\/td><\/tr><tr><td>Indienststellung:<\/td><td>12.04.2023<\/td><\/tr><tr><td>Sitzpl\u00e4tze:<\/td><td>3<\/td><\/tr><tr><td>Eigengewicht:<\/td><td>747 kg<\/td><\/tr><tr><td>Leistung:<\/td><td>48,5 kW<\/td><\/tr><tr><td>Hubraum:<\/td><td>976 ccm<\/td><\/tr><\/tbody><\/table><\/figure>\n\n\n\n<h1 class=\"wp-block-heading\">Fahrzeugbeschreibung:<\/h1>\n\n\n\n<p>Bei dem Sonderfahrzeug handelt es sich um ein hochgel\u00e4ndeg\u00e4ngiges All-Terrain Vehicle (ATV) der Marke Can Am Traxter HD9 XU. Dieses kommt k\u00fcnftig \u00fcberall dort zur Verwendung, wo unsere anderen Einsatzfahrzeuge nicht mehr hinkommen. Das 8 Monate alte Fahrzeug wurde der Feuerwehr f\u00fcr den Einsatz- und \u00dcbungsdienst im J\u00e4nner 2023 zur Verf\u00fcgung gestellt und in Eigenregie von unseren Mitgliedern zu einem Einsatzfahrzeug umgebaut. Es dient zum Transport von Ger\u00e4tschaften und Personal in unwegsamem Gel\u00e4nde. Das Sonderfahrzeug hatte sich bereits bei einigen Eins\u00e4tzen zuvor, vor allem im Badener Kurpark und Waldgbiet, bestens bew\u00e4hrt. (siehe Berichte <a href=\"https:\/\/www.ffbs.at\/blog\/?p=42090\" target=\"_blank\" rel=\"noreferrer noopener\">28.09.22 Waldbrand<\/a>, <a href=\"https:\/\/www.ffbs.at\/blog\/?p=42240\" target=\"_blank\" rel=\"noreferrer noopener\">05.11.22 FZG Bergung 1 Kurpark<\/a>, <a href=\"https:\/\/www.ffbs.at\/blog\/?p=42732\" target=\"_blank\" rel=\"noreferrer noopener\">24.12.22 FZG Bergung 2 Kurpark<\/a>)<\/p>\n\n\n\n<p>Es wurde am 12. April 2023 bei der FF Baden-Stadt als Einsatzfahrzeug offiziell in Dienst gestellt und am Florianitag im April 2023 gesegnet. Fahrzeugpate ist unser Ehrenoberbrandinspektor Stefan Schneider, der es auch erm\u00f6glicht hatte so ein Fahrzeug f\u00fcr unsere Wehr zur Verf\u00fcgung zu haben.<\/p>\n\n\n\n<figure class=\"wp-block-image size-large is-resized\"><img fetchpriority=\"high\" decoding=\"async\" src=\"https:\/\/www.ffbs.at\/blog\/wp-content\/uploads\/2023\/05\/2023_Sonderfahrzeug-1-FF-Baden-Stadt-01-1024x646.jpg\" alt=\"\" class=\"wp-image-44628\" style=\"width:840px;height:529px\" width=\"840\" height=\"529\" srcset=\"https:\/\/www.ffbs.at\/blog\/wp-content\/uploads\/2023\/05\/2023_Sonderfahrzeug-1-FF-Baden-Stadt-01-1024x646.jpg 1024w, https:\/\/www.ffbs.at\/blog\/wp-content\/uploads\/2023\/05\/2023_Sonderfahrzeug-1-FF-Baden-Stadt-01-350x221.jpg 350w, https:\/\/www.ffbs.at\/blog\/wp-content\/uploads\/2023\/05\/2023_Sonderfahrzeug-1-FF-Baden-Stadt-01-768x484.jpg 768w, https:\/\/www.ffbs.at\/blog\/wp-content\/uploads\/2023\/05\/2023_Sonderfahrzeug-1-FF-Baden-Stadt-01.jpg 1250w\" sizes=\"(max-width: 840px) 100vw, 840px\" \/><\/figure>\n\n\n\n<figure class=\"wp-block-image size-large\"><img decoding=\"async\" width=\"659\" height=\"1024\" src=\"https:\/\/www.ffbs.at\/blog\/wp-content\/uploads\/2023\/05\/Sonderfahrzeug-FF-Baden-Stadt-02-659x1024.jpg\" alt=\"\" class=\"wp-image-44629\" srcset=\"https:\/\/www.ffbs.at\/blog\/wp-content\/uploads\/2023\/05\/Sonderfahrzeug-FF-Baden-Stadt-02-659x1024.jpg 659w, https:\/\/www.ffbs.at\/blog\/wp-content\/uploads\/2023\/05\/Sonderfahrzeug-FF-Baden-Stadt-02-225x350.jpg 225w, https:\/\/www.ffbs.at\/blog\/wp-content\/uploads\/2023\/05\/Sonderfahrzeug-FF-Baden-Stadt-02-768x1193.jpg 768w, https:\/\/www.ffbs.at\/blog\/wp-content\/uploads\/2023\/05\/Sonderfahrzeug-FF-Baden-Stadt-02-989x1536.jpg 989w, https:\/\/www.ffbs.at\/blog\/wp-content\/uploads\/2023\/05\/Sonderfahrzeug-FF-Baden-Stadt-02-1319x2048.jpg 1319w, https:\/\/www.ffbs.at\/blog\/wp-content\/uploads\/2023\/05\/Sonderfahrzeug-FF-Baden-Stadt-02.jpg 1610w\" sizes=\"(max-width: 659px) 100vw, 659px\" \/><\/figure>\n\n\n\n<figure class=\"wp-block-image size-large\"><img decoding=\"async\" width=\"1024\" height=\"683\" src=\"https:\/\/www.ffbs.at\/blog\/wp-content\/uploads\/2023\/05\/IMG-20230502-WA0044-1024x683.jpg\" alt=\"\" class=\"wp-image-44633\" srcset=\"https:\/\/www.ffbs.at\/blog\/wp-content\/uploads\/2023\/05\/IMG-20230502-WA0044-1024x683.jpg 1024w, https:\/\/www.ffbs.at\/blog\/wp-content\/uploads\/2023\/05\/IMG-20230502-WA0044-350x233.jpg 350w, https:\/\/www.ffbs.at\/blog\/wp-content\/uploads\/2023\/05\/IMG-20230502-WA0044-768x512.jpg 768w, https:\/\/www.ffbs.at\/blog\/wp-content\/uploads\/2023\/05\/IMG-20230502-WA0044.jpg 1080w\" sizes=\"(max-width: 1024px) 100vw, 1024px\" \/><figcaption class=\"wp-element-caption\">Segnung von unserem All-Terrain Vehicle (SOF1) &#8211; Rufname Last 3 Baden-Stadt am Florianitag 29.April 2023 der Badener Feuerwehren am Badener Hauptplatz. Am Bild von links.: Bezirkshauptfrau-Stv. Mag. Martin Hallbauer, FWKDT HBI Mag. Gerald PETER, Fahrzeugpate EOBI Stefan Schneider, B\u00fcrgermeister DI Stefan Szirucsek und FWKDT STV OBI Robert Lichtenauer<br><br>Foto: psb\/Presse Stadtgemeinde Baden<\/figcaption><\/figure>\n","protected":false},"excerpt":{"rendered":"<p>Funkrufname: Last 3 Baden-Stadt Hersteller: Can AM BRP Typ-Fahrgestell: Can Am Traxter HD 9 XU Erstzulassung: 27.05.2022 Indienststellung: 12.04.2023 Sitzpl\u00e4tze: [&hellip;]<\/p>\n","protected":false},"author":7,"featured_media":0,"parent":0,"menu_order":0,"comment_status":"closed","ping_status":"closed","template":"","meta":{"_uag_custom_page_level_css":"","site-sidebar-layout":"default","site-content-layout":"","ast-site-content-layout":"default","site-content-style":"default","site-sidebar-style":"default","ast-global-header-display":"","ast-banner-title-visibility":"","ast-main-header-display":"","ast-hfb-above-header-display":"","ast-hfb-below-header-display":"","ast-hfb-mobile-header-display":"","site-post-title":"","ast-breadcrumbs-content":"","ast-featured-img":"","footer-sml-layout":"","ast-disable-related-posts":"","theme-transparent-header-meta":"","adv-header-id-meta":"","stick-header-meta":"","header-above-stick-meta":"","header-main-stick-meta":"","header-below-stick-meta":"","astra-migrate-meta-layouts":"default","ast-page-background-enabled":"default","ast-page-background-meta":{"desktop":{"background-color":"var(--ast-global-color-4)","background-image":"","background-repeat":"repeat","background-position":"center center","background-size":"auto","background-attachment":"scroll","background-type":"","background-media":"","overlay-type":"","overlay-color":"","overlay-opacity":"","overlay-gradient":""},"tablet":{"background-color":"","background-image":"","background-repeat":"repeat","background-position":"center center","background-size":"auto","background-attachment":"scroll","background-type":"","background-media":"","overlay-type":"","overlay-color":"","overlay-opacity":"","overlay-gradient":""},"mobile":{"background-color":"","background-image":"","background-repeat":"repeat","background-position":"center center","background-size":"auto","background-attachment":"scroll","background-type":"","background-media":"","overlay-type":"","overlay-color":"","overlay-opacity":"","overlay-gradient":""}},"ast-content-background-meta":{"desktop":{"background-color":"var(--ast-global-color-5)","background-image":"","background-repeat":"repeat","background-position":"center center","background-size":"auto","background-attachment":"scroll","background-type":"","background-media":"","overlay-type":"","overlay-color":"","overlay-opacity":"","overlay-gradient":""},"tablet":{"background-color":"var(--ast-global-color-5)","background-image":"","background-repeat":"repeat","background-position":"center center","background-size":"auto","background-attachment":"scroll","background-type":"","background-media":"","overlay-type":"","overlay-color":"","overlay-opacity":"","overlay-gradient":""},"mobile":{"background-color":"var(--ast-global-color-5)","background-image":"","background-repeat":"repeat","background-position":"center center","background-size":"auto","background-attachment":"scroll","background-type":"","background-media":"","overlay-type":"","overlay-color":"","overlay-opacity":"","overlay-gradient":""}},"ngg_post_thumbnail":0,"footnotes":""},"class_list":["post-44616","page","type-page","status-publish","hentry"],"uagb_featured_image_src":{"full":false,"thumbnail":false,"medium":false,"medium_large":false,"large":false,"1536x1536":false,"2048x2048":false,"tp-image-grid":false},"uagb_author_info":{"display_name":"Stefan Schneider","author_link":"https:\/\/www.ffbs.at\/blog\/author\/stefan\/"},"uagb_comment_info":0,"uagb_excerpt":"Funkrufname: Last 3 Baden-Stadt Hersteller: Can AM BRP Typ-Fahrgestell: Can Am Traxter HD 9 XU Erstzulassung: 27.05.2022 Indienststellung: 12.04.2023 Sitzpl\u00e4tze: [&hellip;]","rttpg_featured_image_url":null,"rttpg_author":{"display_name":"Stefan Schneider","author_link":"https:\/\/www.ffbs.at\/blog\/author\/stefan\/"},"rttpg_comment":0,"rttpg_category":null,"rttpg_excerpt":"Funkrufname: Last 3 Baden-Stadt Hersteller: Can AM BRP Typ-Fahrgestell: Can Am Traxter HD 9 XU Erstzulassung: 27.05.2022 Indienststellung: 12.04.2023 Sitzpl\u00e4tze: [&hellip;]","_links":{"self":[{"href":"https:\/\/www.ffbs.at\/blog\/wp-json\/wp\/v2\/pages\/44616","targetHints":{"allow":["GET"]}}],"collection":[{"href":"https:\/\/www.ffbs.at\/blog\/wp-json\/wp\/v2\/pages"}],"about":[{"href":"https:\/\/www.ffbs.at\/blog\/wp-json\/wp\/v2\/types\/page"}],"author":[{"embeddable":true,"href":"https:\/\/www.ffbs.at\/blog\/wp-json\/wp\/v2\/users\/7"}],"replies":[{"embeddable":true,"href":"https:\/\/www.ffbs.at\/blog\/wp-json\/wp\/v2\/comments?post=44616"}],"version-history":[{"count":21,"href":"https:\/\/www.ffbs.at\/blog\/wp-json\/wp\/v2\/pages\/44616\/revisions"}],"predecessor-version":[{"id":48440,"href":"https:\/\/www.ffbs.at\/blog\/wp-json\/wp\/v2\/pages\/44616\/revisions\/48440"}],"wp:attachment":[{"href":"https:\/\/www.ffbs.at\/blog\/wp-json\/wp\/v2\/media?parent=44616"}],"curies":[{"name":"wp","href":"https:\/\/api.w.org\/{rel}","templated":true}]}}