{"id":277,"date":"2013-03-31T21:14:05","date_gmt":"2013-03-31T19:14:05","guid":{"rendered":"http:\/\/www.ffbs.at\/blog\/?page_id=277"},"modified":"2023-08-24T22:59:48","modified_gmt":"2023-08-24T21:59:48","slug":"pumpe-klf","status":"publish","type":"page","link":"https:\/\/www.ffbs.at\/blog\/uber-uns\/fahrzeuge\/pumpe-klf\/","title":{"rendered":"KLF &#8211; Pumpe"},"content":{"rendered":"\n<p><\/p>\n\n\n\n<h3 class=\"wp-block-heading\">Kleinl\u00f6schfahrzeug<\/h3>\n\n\n\n<p>F\u00fcr eine ausreichende Wasserversorgung beim Brandeinsatz sorgt das Kleinl\u00f6schfahrzeug der Freiwilligen Feuerwehr Baden-Stadt. Es ist mit einer Tragkraftspritze ausgestattet, die eine F\u00f6rderleistung von ca. 1.600 Liter in der Minute besitzt.<\/p>\n\n\n\n<p>Diese &#8222;TS&#8220;, wie sie in der Feuerwehrsprache genannt wird, kann ausgebaut werden und an Orte verbracht werden, wo L\u00f6schwasser entnommen werden kann. Dies kann auch ein nat\u00fcrlicher Fluss oder Brunnen sein. Dieses Einsatzfahrzeug ist au\u00dferdem f\u00fcr eine selbst\u00e4ndige Brandbek\u00e4mpfung, zum Beispiel bei Wiesenbr\u00e4nde, ausge- r\u00fcstet und kann mit der 9 Mann starken Besatzung den L\u00f6schangriff leiten.<\/p>\n\n\n\n<p><strong>Technische Daten:<\/strong><\/p>\n\n\n\n<p>&#8211; Fahrgestell: Mercedes Benz 310D<\/p>\n\n\n\n<p>&#8211; Aufbau: Magirus Lohr<\/p>\n\n\n\n<p>&#8211; Baujahr: 1995<\/p>\n\n\n\n<p>&#8211; Motorleistung: 70 kW (95 PS)<\/p>\n\n\n\n<p>&#8211; H\u00f6chst zul. Gesamtgewicht: 3.500 kg<\/p>\n\n\n\n<p>&#8211; Besatzung: 1:8<\/p>\n\n\n\n<p>&#8211; L\u00e4nge: 5,25 m Breite: 1,9 m H\u00f6he: 2,4 m<\/p>\n\n\n\n<p>&#8211; Bemerkung: TS (Tragkraftspritze)<\/p>\n\n\n\n<div style=\"height:42px\" aria-hidden=\"true\" class=\"wp-block-spacer\"><\/div>\n\n\n<div  id=\"jtg-45931\" class=\"modula modula-gallery modula-columns\" data-config=\"{&quot;tabletHeight&quot;:0,&quot;mobileHeight&quot;:0,&quot;desktopHeight&quot;:0,&quot;enableTwitter&quot;:false,&quot;enableWhatsapp&quot;:false,&quot;enableFacebook&quot;:false,&quot;enablePinterest&quot;:false,&quot;enableLinkedin&quot;:false,&quot;enableEmail&quot;:false,&quot;randomFactor&quot;:0,&quot;type&quot;:&quot;grid&quot;,&quot;columns&quot;:12,&quot;gutter&quot;:20,&quot;mobileGutter&quot;:20,&quot;tabletGutter&quot;:20,&quot;desktopGutter&quot;:20,&quot;enableResponsive&quot;:&quot;0&quot;,&quot;tabletColumns&quot;:&quot;2&quot;,&quot;mobileColumns&quot;:&quot;1&quot;,&quot;lazyLoad&quot;:0,&quot;lightboxOpts&quot;:{&quot;animated&quot;:true,&quot;Thumbs&quot;:{&quot;type&quot;:&quot;modern&quot;,&quot;showOnStart&quot;:false},&quot;Toolbar&quot;:{&quot;display&quot;:{&quot;right&quot;:[&quot;close&quot;]},&quot;enabled&quot;:true},&quot;Carousel&quot;:{&quot;Panzoom&quot;:{&quot;touch&quot;:true},&quot;infinite&quot;:false},&quot;keyboard&quot;:{&quot;Escape&quot;:&quot;close&quot;,&quot;Delete&quot;:&quot;close&quot;,&quot;Backspace&quot;:&quot;close&quot;,&quot;PageUp&quot;:false,&quot;PageDown&quot;:false,&quot;ArrowUp&quot;:false,&quot;ArrowDown&quot;:false,&quot;ArrowRight&quot;:false,&quot;ArrowLeft&quot;:false},&quot;touch&quot;:false,&quot;backdropClick&quot;:false,&quot;l10n&quot;:{&quot;CLOSE&quot;:&quot;Close&quot;,&quot;NEXT&quot;:&quot;Next&quot;,&quot;PREV&quot;:&quot;Previous&quot;,&quot;Error&quot;:&quot;The requested content cannot be loaded. Please try again later.&quot;,&quot;PLAY_START&quot;:&quot;Start slideshow&quot;,&quot;PLAY_STOP&quot;:&quot;Pause slideshow&quot;,&quot;FULL_SCREEN&quot;:&quot;Full screen&quot;,&quot;THUMBS&quot;:&quot;Thumbnails&quot;,&quot;DOWNLOAD&quot;:&quot;Download&quot;,&quot;SHARE&quot;:&quot;Share&quot;,&quot;ZOOM&quot;:&quot;Zoom&quot;,&quot;EMAIL&quot;:&quot;Here is the link to the image : %%image_link%% and this is the link to the gallery : %%gallery_link%%&quot;,&quot;MODAL&quot;:&quot;You can close this modal content with the ESC key&quot;,&quot;ERROR&quot;:&quot;Something Went Wrong, Please Try Again Later&quot;,&quot;IMAGE_ERROR&quot;:&quot;Image Not Found&quot;,&quot;ELEMENT_NOT_FOUND&quot;:&quot;HTML Element Not Found&quot;,&quot;AJAX_NOT_FOUND&quot;:&quot;Error Loading AJAX : Not Found&quot;,&quot;AJAX_FORBIDDEN&quot;:&quot;Error Loading AJAX : Forbidden&quot;,&quot;IFRAME_ERROR&quot;:&quot;Error Loading Page&quot;,&quot;TOGGLE_ZOOM&quot;:&quot;Toggle zoom level&quot;,&quot;TOGGLE_THUMBS&quot;:&quot;Toggle thumbnails&quot;,&quot;TOGGLE_SLIDESHOW&quot;:&quot;Toggle slideshow&quot;,&quot;TOGGLE_FULLSCREEN&quot;:&quot;Toggle full-screen mode&quot;},&quot;Images&quot;:{&quot;Panzoom&quot;:{&quot;maxScale&quot;:2}},&quot;mainClass&quot;:&quot;modula-fancybox-container modula-lightbox-jtg-45931&quot;,&quot;Html&quot;:{&quot;videoAutoplay&quot;:0,&quot;videoTpl&quot;:&quot;&lt;video class=\\&quot;fancybox__html5video\\&quot; controls muted playsinline controlsList controlsList=\\&quot;nodownload\\&quot; poster=\\&quot;{{poster}}\\&quot; src=\\&quot;{{src}}\\&quot; type=\\&quot;{{format}}\\&quot; &gt;  Sorry, your browser doesn&#039;t support embedded videos, &lt;a href=\\&quot;{{src}}\\&quot;&gt; download &lt;\\\/a&gt; and watch with your favorite video player! &lt;\\\/video&gt;&quot;}},&quot;inView&quot;:false,&quot;email_subject&quot;:&quot;Check out this awesome image !!&quot;,&quot;email_message&quot;:&quot;Here is the link to the image : %%image_link%% and this is the link to the gallery : %%gallery_link%%&quot;,&quot;grid_type&quot;:&quot;automatic&quot;,&quot;rowHeight&quot;:250,&quot;lastRow&quot;:&quot;justify&quot;,&quot;lightbox&quot;:&quot;fancybox&quot;}\">\n\n\t\n\t<div  class=\"modula-items grid-gallery\">\n\t\t<div class=\"modula-item effect-pufrobo\" >\n\t<div class=\"modula-item-overlay\"><\/div>\n\n\t<div class=\"modula-item-content\">\n\n\t\t<a data-image-id=\"45932\" role=\"button\" data-elementor-open-lightbox=\"no\" tabindex=\"0\" rel=\"jtg-45931\" data-caption=\"\" aria-label=\"Open image in lightbox\" class=\"tile-inner modula-item-link\"><\/a><img fetchpriority=\"high\" decoding=\"async\" class=\"pic wp-image-45932\"  data-valign=\"middle\" data-halign=\"center\" alt=\"\" data-full=\"https:\/\/www.ffbs.at\/blog\/wp-content\/uploads\/2023\/08\/IMG_2243a-1.jpg\" title=\"IMG_2243a\" crop=\"\" width=\"350\" height=\"350\" src=\"https:\/\/www.ffbs.at\/blog\/wp-content\/uploads\/2023\/08\/IMG_2243a-1-350x350.jpg\" data-src=\"https:\/\/www.ffbs.at\/blog\/wp-content\/uploads\/2023\/08\/IMG_2243a-1-350x350.jpg\" data-caption=\"\" srcset=\"https:\/\/www.ffbs.at\/blog\/wp-content\/uploads\/2023\/08\/IMG_2243a-1-scaled-350x350.jpg 350w, https:\/\/www.ffbs.at\/blog\/wp-content\/uploads\/2023\/08\/IMG_2243a-1-1024x1024.jpg 1024w, https:\/\/www.ffbs.at\/blog\/wp-content\/uploads\/2023\/08\/IMG_2243a-1-200x200.jpg 200w, https:\/\/www.ffbs.at\/blog\/wp-content\/uploads\/2023\/08\/IMG_2243a-1-768x768.jpg 768w\" sizes=\"(max-width: 350px) 100vw, 350px\" \/>\n\t\t<div class=\"figc no-description\">\n\t\t\t<div class=\"figc-inner\">\n\t\t\t\t\t\t\t\t\t\t\t\t\t\t\t<\/div>\n\t\t<\/div>\n\n\t<\/div>\n\n<\/div><div class=\"modula-item effect-pufrobo\" >\n\t<div class=\"modula-item-overlay\"><\/div>\n\n\t<div class=\"modula-item-content\">\n\n\t\t<a data-image-id=\"45933\" role=\"button\" data-elementor-open-lightbox=\"no\" tabindex=\"0\" rel=\"jtg-45931\" data-caption=\"\" aria-label=\"Open image in lightbox\" class=\"tile-inner modula-item-link\"><\/a><img decoding=\"async\" class=\"pic wp-image-45933\"  data-valign=\"middle\" data-halign=\"center\" alt=\"\" data-full=\"https:\/\/www.ffbs.at\/blog\/wp-content\/uploads\/2023\/08\/IMG_2255a.jpg\" title=\"IMG_2255a\" crop=\"\" width=\"350\" height=\"350\" src=\"https:\/\/www.ffbs.at\/blog\/wp-content\/uploads\/2023\/08\/IMG_2255a-350x350.jpg\" data-src=\"https:\/\/www.ffbs.at\/blog\/wp-content\/uploads\/2023\/08\/IMG_2255a-350x350.jpg\" data-caption=\"\" srcset=\"https:\/\/www.ffbs.at\/blog\/wp-content\/uploads\/2023\/08\/IMG_2255a-scaled-350x350.jpg 350w, https:\/\/www.ffbs.at\/blog\/wp-content\/uploads\/2023\/08\/IMG_2255a-1024x1024.jpg 1024w, https:\/\/www.ffbs.at\/blog\/wp-content\/uploads\/2023\/08\/IMG_2255a-200x200.jpg 200w, https:\/\/www.ffbs.at\/blog\/wp-content\/uploads\/2023\/08\/IMG_2255a-768x768.jpg 768w\" sizes=\"(max-width: 350px) 100vw, 350px\" \/>\n\t\t<div class=\"figc no-description\">\n\t\t\t<div class=\"figc-inner\">\n\t\t\t\t\t\t\t\t\t\t\t\t\t\t\t<\/div>\n\t\t<\/div>\n\n\t<\/div>\n\n<\/div><div class=\"modula-item effect-pufrobo\" >\n\t<div class=\"modula-item-overlay\"><\/div>\n\n\t<div class=\"modula-item-content\">\n\n\t\t<a data-image-id=\"45934\" role=\"button\" data-elementor-open-lightbox=\"no\" tabindex=\"0\" rel=\"jtg-45931\" data-caption=\"\" aria-label=\"Open image in lightbox\" class=\"tile-inner modula-item-link\"><\/a><img decoding=\"async\" class=\"pic wp-image-45934\"  data-valign=\"middle\" data-halign=\"center\" alt=\"\" data-full=\"https:\/\/www.ffbs.at\/blog\/wp-content\/uploads\/2023\/08\/IMG_2258a.jpg\" title=\"IMG_2258a\" crop=\"\" width=\"350\" height=\"350\" src=\"https:\/\/www.ffbs.at\/blog\/wp-content\/uploads\/2023\/08\/IMG_2258a-350x350.jpg\" data-src=\"https:\/\/www.ffbs.at\/blog\/wp-content\/uploads\/2023\/08\/IMG_2258a-350x350.jpg\" data-caption=\"\" srcset=\"https:\/\/www.ffbs.at\/blog\/wp-content\/uploads\/2023\/08\/IMG_2258a-scaled-350x350.jpg 350w, https:\/\/www.ffbs.at\/blog\/wp-content\/uploads\/2023\/08\/IMG_2258a-1024x1024.jpg 1024w, https:\/\/www.ffbs.at\/blog\/wp-content\/uploads\/2023\/08\/IMG_2258a-200x200.jpg 200w, https:\/\/www.ffbs.at\/blog\/wp-content\/uploads\/2023\/08\/IMG_2258a-768x768.jpg 768w\" sizes=\"(max-width: 350px) 100vw, 350px\" \/>\n\t\t<div class=\"figc no-description\">\n\t\t\t<div class=\"figc-inner\">\n\t\t\t\t\t\t\t\t\t\t\t\t\t\t\t<\/div>\n\t\t<\/div>\n\n\t<\/div>\n\n<\/div><div class=\"modula-item effect-pufrobo\" >\n\t<div class=\"modula-item-overlay\"><\/div>\n\n\t<div class=\"modula-item-content\">\n\n\t\t<a data-image-id=\"45935\" role=\"button\" data-elementor-open-lightbox=\"no\" tabindex=\"0\" rel=\"jtg-45931\" data-caption=\"\" aria-label=\"Open image in lightbox\" class=\"tile-inner modula-item-link\"><\/a><img loading=\"lazy\" decoding=\"async\" class=\"pic wp-image-45935\"  data-valign=\"middle\" data-halign=\"center\" alt=\"\" data-full=\"https:\/\/www.ffbs.at\/blog\/wp-content\/uploads\/2023\/08\/IMG_2262a.jpg\" title=\"IMG_2262a\" crop=\"\" width=\"350\" height=\"350\" src=\"https:\/\/www.ffbs.at\/blog\/wp-content\/uploads\/2023\/08\/IMG_2262a-350x350.jpg\" data-src=\"https:\/\/www.ffbs.at\/blog\/wp-content\/uploads\/2023\/08\/IMG_2262a-350x350.jpg\" data-caption=\"\" srcset=\"https:\/\/www.ffbs.at\/blog\/wp-content\/uploads\/2023\/08\/IMG_2262a-scaled-350x350.jpg 350w, https:\/\/www.ffbs.at\/blog\/wp-content\/uploads\/2023\/08\/IMG_2262a-1024x1024.jpg 1024w, https:\/\/www.ffbs.at\/blog\/wp-content\/uploads\/2023\/08\/IMG_2262a-200x200.jpg 200w, https:\/\/www.ffbs.at\/blog\/wp-content\/uploads\/2023\/08\/IMG_2262a-768x768.jpg 768w\" sizes=\"(max-width: 350px) 100vw, 350px\" \/>\n\t\t<div class=\"figc no-description\">\n\t\t\t<div class=\"figc-inner\">\n\t\t\t\t\t\t\t\t\t\t\t\t\t\t\t<\/div>\n\t\t<\/div>\n\n\t<\/div>\n\n<\/div><div class=\"modula-item effect-pufrobo\" >\n\t<div class=\"modula-item-overlay\"><\/div>\n\n\t<div class=\"modula-item-content\">\n\n\t\t<a data-image-id=\"45936\" role=\"button\" data-elementor-open-lightbox=\"no\" tabindex=\"0\" rel=\"jtg-45931\" data-caption=\"\" aria-label=\"Open image in lightbox\" class=\"tile-inner modula-item-link\"><\/a><img loading=\"lazy\" decoding=\"async\" class=\"pic wp-image-45936\"  data-valign=\"middle\" data-halign=\"center\" alt=\"\" data-full=\"https:\/\/www.ffbs.at\/blog\/wp-content\/uploads\/2023\/08\/IMG_2362a.jpg\" title=\"IMG_2362a\" crop=\"\" width=\"350\" height=\"350\" src=\"https:\/\/www.ffbs.at\/blog\/wp-content\/uploads\/2023\/08\/IMG_2362a-350x350.jpg\" data-src=\"https:\/\/www.ffbs.at\/blog\/wp-content\/uploads\/2023\/08\/IMG_2362a-350x350.jpg\" data-caption=\"\" srcset=\"https:\/\/www.ffbs.at\/blog\/wp-content\/uploads\/2023\/08\/IMG_2362a-scaled-350x350.jpg 350w, https:\/\/www.ffbs.at\/blog\/wp-content\/uploads\/2023\/08\/IMG_2362a-1024x1024.jpg 1024w, https:\/\/www.ffbs.at\/blog\/wp-content\/uploads\/2023\/08\/IMG_2362a-200x200.jpg 200w, https:\/\/www.ffbs.at\/blog\/wp-content\/uploads\/2023\/08\/IMG_2362a-768x768.jpg 768w\" sizes=\"(max-width: 350px) 100vw, 350px\" \/>\n\t\t<div class=\"figc no-description\">\n\t\t\t<div class=\"figc-inner\">\n\t\t\t\t\t\t\t\t\t\t\t\t\t\t\t<\/div>\n\t\t<\/div>\n\n\t<\/div>\n\n<\/div><div class=\"modula-item effect-pufrobo\" >\n\t<div class=\"modula-item-overlay\"><\/div>\n\n\t<div class=\"modula-item-content\">\n\n\t\t<a data-image-id=\"45937\" role=\"button\" data-elementor-open-lightbox=\"no\" tabindex=\"0\" rel=\"jtg-45931\" data-caption=\"\" aria-label=\"Open image in lightbox\" class=\"tile-inner modula-item-link\"><\/a><img loading=\"lazy\" decoding=\"async\" class=\"pic wp-image-45937\"  data-valign=\"middle\" data-halign=\"center\" alt=\"\" data-full=\"https:\/\/www.ffbs.at\/blog\/wp-content\/uploads\/2023\/08\/IMG_2386a.jpg\" title=\"IMG_2386a\" crop=\"\" width=\"350\" height=\"350\" src=\"https:\/\/www.ffbs.at\/blog\/wp-content\/uploads\/2023\/08\/IMG_2386a-350x350.jpg\" data-src=\"https:\/\/www.ffbs.at\/blog\/wp-content\/uploads\/2023\/08\/IMG_2386a-350x350.jpg\" data-caption=\"\" srcset=\"https:\/\/www.ffbs.at\/blog\/wp-content\/uploads\/2023\/08\/IMG_2386a-scaled-350x350.jpg 350w, https:\/\/www.ffbs.at\/blog\/wp-content\/uploads\/2023\/08\/IMG_2386a-1024x1024.jpg 1024w, https:\/\/www.ffbs.at\/blog\/wp-content\/uploads\/2023\/08\/IMG_2386a-200x200.jpg 200w, https:\/\/www.ffbs.at\/blog\/wp-content\/uploads\/2023\/08\/IMG_2386a-768x768.jpg 768w\" sizes=\"(max-width: 350px) 100vw, 350px\" \/>\n\t\t<div class=\"figc no-description\">\n\t\t\t<div class=\"figc-inner\">\n\t\t\t\t\t\t\t\t\t\t\t\t\t\t\t<\/div>\n\t\t<\/div>\n\n\t<\/div>\n\n<\/div><div class=\"modula-item effect-pufrobo\" >\n\t<div class=\"modula-item-overlay\"><\/div>\n\n\t<div class=\"modula-item-content\">\n\n\t\t<a data-image-id=\"45938\" role=\"button\" data-elementor-open-lightbox=\"no\" tabindex=\"0\" rel=\"jtg-45931\" data-caption=\"\" aria-label=\"Open image in lightbox\" class=\"tile-inner modula-item-link\"><\/a><img loading=\"lazy\" decoding=\"async\" class=\"pic wp-image-45938\"  data-valign=\"middle\" data-halign=\"center\" alt=\"\" data-full=\"https:\/\/www.ffbs.at\/blog\/wp-content\/uploads\/2023\/08\/IMG_2390a.jpg\" title=\"IMG_2390a\" crop=\"\" width=\"350\" height=\"350\" src=\"https:\/\/www.ffbs.at\/blog\/wp-content\/uploads\/2023\/08\/IMG_2390a-350x350.jpg\" data-src=\"https:\/\/www.ffbs.at\/blog\/wp-content\/uploads\/2023\/08\/IMG_2390a-350x350.jpg\" data-caption=\"\" srcset=\"https:\/\/www.ffbs.at\/blog\/wp-content\/uploads\/2023\/08\/IMG_2390a-scaled-350x350.jpg 350w, https:\/\/www.ffbs.at\/blog\/wp-content\/uploads\/2023\/08\/IMG_2390a-1024x1024.jpg 1024w, https:\/\/www.ffbs.at\/blog\/wp-content\/uploads\/2023\/08\/IMG_2390a-200x200.jpg 200w, https:\/\/www.ffbs.at\/blog\/wp-content\/uploads\/2023\/08\/IMG_2390a-768x768.jpg 768w\" sizes=\"(max-width: 350px) 100vw, 350px\" \/>\n\t\t<div class=\"figc no-description\">\n\t\t\t<div class=\"figc-inner\">\n\t\t\t\t\t\t\t\t\t\t\t\t\t\t\t<\/div>\n\t\t<\/div>\n\n\t<\/div>\n\n<\/div>\t\t\n\t<\/div>\n\n\t\n\t\n\t<script type=\"application\/ld+json\">\n\t{\n\t\t\"@context\": \"http:\/\/schema.org\",\n\t\t\"@type\"   : \"ImageGallery\",\n\t\t\"id\"      : \"https:\/\/www.ffbs.at\/blog\/uber-uns\/fahrzeuge\/pumpe-klf\/\",\n\t\t\"url\"     : \"https:\/\/www.ffbs.at\/blog\/uber-uns\/fahrzeuge\/pumpe-klf\/\"\n\t}\n\n\t<\/script>\n\n\t\n<\/div>\n\n\n\n\n<div style=\"height:52px\" aria-hidden=\"true\" class=\"wp-block-spacer\"><\/div>\n","protected":false},"excerpt":{"rendered":"<p>Kleinl\u00f6schfahrzeug F\u00fcr eine ausreichende Wasserversorgung beim Brandeinsatz sorgt das Kleinl\u00f6schfahrzeug der Freiwilligen Feuerwehr Baden-Stadt. Es ist mit einer Tragkraftspritze ausgestattet, [&hellip;]<\/p>\n","protected":false},"author":1,"featured_media":0,"parent":269,"menu_order":0,"comment_status":"closed","ping_status":"closed","template":"","meta":{"_uag_custom_page_level_css":"","site-sidebar-layout":"default","site-content-layout":"","ast-site-content-layout":"default","site-content-style":"default","site-sidebar-style":"default","ast-global-header-display":"","ast-banner-title-visibility":"","ast-main-header-display":"","ast-hfb-above-header-display":"","ast-hfb-below-header-display":"","ast-hfb-mobile-header-display":"","site-post-title":"","ast-breadcrumbs-content":"","ast-featured-img":"","footer-sml-layout":"","ast-disable-related-posts":"","theme-transparent-header-meta":"","adv-header-id-meta":"","stick-header-meta":"","header-above-stick-meta":"","header-main-stick-meta":"","header-below-stick-meta":"","astra-migrate-meta-layouts":"default","ast-page-background-enabled":"default","ast-page-background-meta":{"desktop":{"background-color":"var(--ast-global-color-4)","background-image":"","background-repeat":"repeat","background-position":"center center","background-size":"auto","background-attachment":"scroll","background-type":"","background-media":"","overlay-type":"","overlay-color":"","overlay-opacity":"","overlay-gradient":""},"tablet":{"background-color":"","background-image":"","background-repeat":"repeat","background-position":"center center","background-size":"auto","background-attachment":"scroll","background-type":"","background-media":"","overlay-type":"","overlay-color":"","overlay-opacity":"","overlay-gradient":""},"mobile":{"background-color":"","background-image":"","background-repeat":"repeat","background-position":"center center","background-size":"auto","background-attachment":"scroll","background-type":"","background-media":"","overlay-type":"","overlay-color":"","overlay-opacity":"","overlay-gradient":""}},"ast-content-background-meta":{"desktop":{"background-color":"var(--ast-global-color-5)","background-image":"","background-repeat":"repeat","background-position":"center center","background-size":"auto","background-attachment":"scroll","background-type":"","background-media":"","overlay-type":"","overlay-color":"","overlay-opacity":"","overlay-gradient":""},"tablet":{"background-color":"var(--ast-global-color-5)","background-image":"","background-repeat":"repeat","background-position":"center center","background-size":"auto","background-attachment":"scroll","background-type":"","background-media":"","overlay-type":"","overlay-color":"","overlay-opacity":"","overlay-gradient":""},"mobile":{"background-color":"var(--ast-global-color-5)","background-image":"","background-repeat":"repeat","background-position":"center center","background-size":"auto","background-attachment":"scroll","background-type":"","background-media":"","overlay-type":"","overlay-color":"","overlay-opacity":"","overlay-gradient":""}},"ngg_post_thumbnail":0,"footnotes":""},"class_list":["post-277","page","type-page","status-publish","hentry"],"uagb_featured_image_src":{"full":false,"thumbnail":false,"medium":false,"medium_large":false,"large":false,"1536x1536":false,"2048x2048":false,"tp-image-grid":false},"uagb_author_info":{"display_name":"admin","author_link":"https:\/\/www.ffbs.at\/blog\/author\/admin\/"},"uagb_comment_info":0,"uagb_excerpt":"Kleinl\u00f6schfahrzeug F\u00fcr eine ausreichende Wasserversorgung beim Brandeinsatz sorgt das Kleinl\u00f6schfahrzeug der Freiwilligen Feuerwehr Baden-Stadt. Es ist mit einer Tragkraftspritze ausgestattet, [&hellip;]","rttpg_featured_image_url":null,"rttpg_author":{"display_name":"admin","author_link":"https:\/\/www.ffbs.at\/blog\/author\/admin\/"},"rttpg_comment":0,"rttpg_category":null,"rttpg_excerpt":"Kleinl\u00f6schfahrzeug F\u00fcr eine ausreichende Wasserversorgung beim Brandeinsatz sorgt das Kleinl\u00f6schfahrzeug der Freiwilligen Feuerwehr Baden-Stadt. Es ist mit einer Tragkraftspritze ausgestattet, [&hellip;]","_links":{"self":[{"href":"https:\/\/www.ffbs.at\/blog\/wp-json\/wp\/v2\/pages\/277","targetHints":{"allow":["GET"]}}],"collection":[{"href":"https:\/\/www.ffbs.at\/blog\/wp-json\/wp\/v2\/pages"}],"about":[{"href":"https:\/\/www.ffbs.at\/blog\/wp-json\/wp\/v2\/types\/page"}],"author":[{"embeddable":true,"href":"https:\/\/www.ffbs.at\/blog\/wp-json\/wp\/v2\/users\/1"}],"replies":[{"embeddable":true,"href":"https:\/\/www.ffbs.at\/blog\/wp-json\/wp\/v2\/comments?post=277"}],"version-history":[{"count":3,"href":"https:\/\/www.ffbs.at\/blog\/wp-json\/wp\/v2\/pages\/277\/revisions"}],"predecessor-version":[{"id":45939,"href":"https:\/\/www.ffbs.at\/blog\/wp-json\/wp\/v2\/pages\/277\/revisions\/45939"}],"up":[{"embeddable":true,"href":"https:\/\/www.ffbs.at\/blog\/wp-json\/wp\/v2\/pages\/269"}],"wp:attachment":[{"href":"https:\/\/www.ffbs.at\/blog\/wp-json\/wp\/v2\/media?parent=277"}],"curies":[{"name":"wp","href":"https:\/\/api.w.org\/{rel}","templated":true}]}}