{"id":216,"date":"2012-01-01T19:50:54","date_gmt":"2012-01-01T17:50:54","guid":{"rendered":"http:\/\/www.ffbs.at\/blog\/?page_id=216"},"modified":"2026-02-06T12:03:21","modified_gmt":"2026-02-06T11:03:21","slug":"offentlichkeitsarbeit","status":"publish","type":"page","link":"https:\/\/www.ffbs.at\/blog\/uber-uns\/sachgebiete\/offentlichkeitsarbeit\/","title":{"rendered":"\u00d6ffentlichkeitsarbeit"},"content":{"rendered":"\n<div class=\"wp-block-uagb-advanced-heading uagb-block-6a797362\"><h2 class=\"uagb-heading-text\">\u00d6ffentlichkeitsarbeit<\/h2><\/div>\n\n\n\n<div style=\"height:24px\" aria-hidden=\"true\" class=\"wp-block-spacer\"><\/div>\n\n\n<p><img fetchpriority=\"high\" decoding=\"async\" class=\"wp-image-48796  alignleft\" src=\"https:\/\/www.ffbs.at\/blog\/wp-content\/uploads\/2024\/01\/WhatsApp-Bild-2024-01-24-um-21.13.03_207e320d-1-scaled.jpg\" alt=\"\" width=\"594\" height=\"368\" srcset=\"https:\/\/www.ffbs.at\/blog\/wp-content\/uploads\/2024\/01\/WhatsApp-Bild-2024-01-24-um-21.13.03_207e320d-1-scaled.jpg 2560w, https:\/\/www.ffbs.at\/blog\/wp-content\/uploads\/2024\/01\/WhatsApp-Bild-2024-01-24-um-21.13.03_207e320d-1-1536x951.jpg 1536w, https:\/\/www.ffbs.at\/blog\/wp-content\/uploads\/2024\/01\/WhatsApp-Bild-2024-01-24-um-21.13.03_207e320d-1-2048x1268.jpg 2048w\" sizes=\"(max-width: 594px) 100vw, 594px\" \/>&nbsp;<\/p>\n<p>1996 wurde der Bereich \u00d6ffentlichkeitsarbeit neu ins Leben gerufen. Dieser Arbeitsbereich kristallisierte sich in den letzten Jahren zu einem wesentlichen Aufgabengebiet in unserer Wehr.<\/p>\n<p>Die Feuerwehr ist mit den Rettungsmannschaften die wohl wichtigste Hilfsorganisation in \u00d6sterreich. Bis auf wenige Berufsfeuerwehren werden im ganzen Land die t\u00e4glichen Eins\u00e4tze von Freiwilligen Helfern unentgeltlich vollbracht. In unserer immer schnelllebigeren und hektisch werdenden Zeit ist es zu einer zus\u00e4tzlichen Aufgabe geworden, diese umfassenden T\u00e4tigkeiten der \u00d6ffentlichkeit zu pr\u00e4sentieren bzw. die Bev\u00f6lkerung zu informieren.<\/p>\n<p>Dieses Sachgebiet ist sowohl f\u00fcr die interne, als auch f\u00fcr die externe \u00d6ffentlichkeitsarbeit zust\u00e4ndig. Im internen Bereich wird in Zusammenarbeit mit der Verwaltung unsere monatlich erscheinende Feuerwehrzeitung \u201eFlash Over\u201c f\u00fcr unsere Kameraden erstellt. In dieser kleinen Zeitschrift wird \u00fcber neue Dienstvorschriften, Mitteilungen des Kommandos, bzw. der einzelnen Fachf\u00fchrungskr\u00e4fte, aber auch \u00fcber Termine und Ereignisse der Kameraden berichtet. Ein wesentlicher Bestandteil beinhaltet die automatisierte Diensteinteilung f\u00fcr s\u00e4mtliche Brandsicherheitswachen im Stadttheater, Sommerarena, Congress Casino, sowie Feuerwerken und Veranstaltungen mit brandgef\u00e4hrlichen T\u00e4tigkeiten. Den Abschluss der Zeitung bildet die Einsatz- und \u00dcbungsstatistik der vergangenen Monate.<\/p>\n<p>Das Team ist auch f\u00fcr s\u00e4mtliche F\u00fchrungen von G\u00e4sten, Kinderg\u00e4rten, Schulen und Feuerwehren verantwortlich. Diese F\u00fchrungen werden stets mit gro\u00dfer Begeisterung dankbar angenommen. W\u00e4hrend der Sommermonate ist daf\u00fcr Hochsaison. Eine Vielzahl von Kindergartengruppen und Schulklassen besuchen Jahr f\u00fcr Jahr unsere Feuerwehr.<\/p>\n<p>Ein H\u00f6hepunkt ist allj\u00e4hrlich der \u201eFlorianitag\u201c am Hauptplatz im Badener Zentrum. Hier werden die Fahrzeuge und Ger\u00e4tschaften der Bev\u00f6lkerung in der Fu\u00dfg\u00e4ngerzone pr\u00e4sentiert und u. a. mittels einem Infostand die Besucher fachkundig informiert.<\/p>\n<p>Im externen Bereich wird sehr intensiv mit der Badener Lokalpresse zusammengearbeitet. Hier \u00fcbernimmt der Ausschuss die Aufgabe mit Printmedien, Radio und Fernsehen Kontakt aufzunehmen und sie sowohl \u00fcber Eins\u00e4tze, als auch \u00fcber \u00dcbungen und sonstige Veranstaltungen zu informieren. Ein Hauptaufgabenbereich bildet hier sicher die t\u00e4gliche Erneuerung und F\u00fchrung unserer Feuerwehr Homepage <a href=\"http:\/\/www.ffbs.at\/\">www.ffbs.at<\/a>. Diese Seite mit ihrem G\u00e4stebuch erfreut sich stets gro\u00dfer Besucherzahl und regt oft zu fachkundigen Diskussionen an. In den letzten Jahren haben sich auch die &#8222;neuen Medien&#8220; weiterentwickelt, und die FFBS geht diesen weg mit und ist auch auch auf <a href=\"http:\/\/www.facebook.com\/pages\/Freiwillige-Feuerwehr-BADEN-STADT\/88929293335\" target=\"_blank\" rel=\"noopener noreferrer\">Facebook <\/a>und <a href=\"https:\/\/www.instagram.com\/ffbs.at\/?hl=de\">Instagram<\/a> vertreten.<\/p>\n<p>Ob in Schauk\u00e4sten, Informationsbrosch\u00fcren, Zeitungsberichten oder Internet-Informationen, die Freiwillige Feuerwehr Baden Stadt hat nicht nur die Aufgabe und Pflicht die Bev\u00f6lkerung zu informieren, sondern ist auch im Eigeninteresse sich zu pr\u00e4sentieren und zu vermarkten.<\/p>\n<p>Sachbearbeiter f\u00fcr die \u00d6ffentlichkeitsarbeit und Dokumentation: SB Viktor van de Castell<\/p>","protected":false},"excerpt":{"rendered":"<p>\u00d6ffentlichkeitsarbeit &nbsp; 1996 wurde der Bereich \u00d6ffentlichkeitsarbeit neu ins Leben gerufen. Dieser Arbeitsbereich kristallisierte sich in den letzten Jahren zu [&hellip;]<\/p>\n","protected":false},"author":1,"featured_media":0,"parent":184,"menu_order":0,"comment_status":"open","ping_status":"closed","template":"","meta":{"_uag_custom_page_level_css":"","site-sidebar-layout":"default","site-content-layout":"","ast-site-content-layout":"default","site-content-style":"default","site-sidebar-style":"default","ast-global-header-display":"","ast-banner-title-visibility":"","ast-main-header-display":"","ast-hfb-above-header-display":"","ast-hfb-below-header-display":"","ast-hfb-mobile-header-display":"","site-post-title":"","ast-breadcrumbs-content":"","ast-featured-img":"","footer-sml-layout":"","ast-disable-related-posts":"","theme-transparent-header-meta":"","adv-header-id-meta":"","stick-header-meta":"","header-above-stick-meta":"","header-main-stick-meta":"","header-below-stick-meta":"","astra-migrate-meta-layouts":"default","ast-page-background-enabled":"default","ast-page-background-meta":{"desktop":{"background-color":"var(--ast-global-color-4)","background-image":"","background-repeat":"repeat","background-position":"center center","background-size":"auto","background-attachment":"scroll","background-type":"","background-media":"","overlay-type":"","overlay-color":"","overlay-opacity":"","overlay-gradient":""},"tablet":{"background-color":"","background-image":"","background-repeat":"repeat","background-position":"center center","background-size":"auto","background-attachment":"scroll","background-type":"","background-media":"","overlay-type":"","overlay-color":"","overlay-opacity":"","overlay-gradient":""},"mobile":{"background-color":"","background-image":"","background-repeat":"repeat","background-position":"center center","background-size":"auto","background-attachment":"scroll","background-type":"","background-media":"","overlay-type":"","overlay-color":"","overlay-opacity":"","overlay-gradient":""}},"ast-content-background-meta":{"desktop":{"background-color":"var(--ast-global-color-5)","background-image":"","background-repeat":"repeat","background-position":"center center","background-size":"auto","background-attachment":"scroll","background-type":"","background-media":"","overlay-type":"","overlay-color":"","overlay-opacity":"","overlay-gradient":""},"tablet":{"background-color":"var(--ast-global-color-5)","background-image":"","background-repeat":"repeat","background-position":"center center","background-size":"auto","background-attachment":"scroll","background-type":"","background-media":"","overlay-type":"","overlay-color":"","overlay-opacity":"","overlay-gradient":""},"mobile":{"background-color":"var(--ast-global-color-5)","background-image":"","background-repeat":"repeat","background-position":"center center","background-size":"auto","background-attachment":"scroll","background-type":"","background-media":"","overlay-type":"","overlay-color":"","overlay-opacity":"","overlay-gradient":""}},"ngg_post_thumbnail":0,"footnotes":""},"class_list":["post-216","page","type-page","status-publish","hentry"],"uagb_featured_image_src":{"full":false,"thumbnail":false,"medium":false,"medium_large":false,"large":false,"1536x1536":false,"2048x2048":false,"tp-image-grid":false},"uagb_author_info":{"display_name":"admin","author_link":"https:\/\/www.ffbs.at\/blog\/author\/admin\/"},"uagb_comment_info":0,"uagb_excerpt":"\u00d6ffentlichkeitsarbeit &nbsp; 1996 wurde der Bereich \u00d6ffentlichkeitsarbeit neu ins Leben gerufen. Dieser Arbeitsbereich kristallisierte sich in den letzten Jahren zu [&hellip;]","rttpg_featured_image_url":null,"rttpg_author":{"display_name":"admin","author_link":"https:\/\/www.ffbs.at\/blog\/author\/admin\/"},"rttpg_comment":0,"rttpg_category":null,"rttpg_excerpt":"\u00d6ffentlichkeitsarbeit &nbsp; 1996 wurde der Bereich \u00d6ffentlichkeitsarbeit neu ins Leben gerufen. Dieser Arbeitsbereich kristallisierte sich in den letzten Jahren zu [&hellip;]","_links":{"self":[{"href":"https:\/\/www.ffbs.at\/blog\/wp-json\/wp\/v2\/pages\/216","targetHints":{"allow":["GET"]}}],"collection":[{"href":"https:\/\/www.ffbs.at\/blog\/wp-json\/wp\/v2\/pages"}],"about":[{"href":"https:\/\/www.ffbs.at\/blog\/wp-json\/wp\/v2\/types\/page"}],"author":[{"embeddable":true,"href":"https:\/\/www.ffbs.at\/blog\/wp-json\/wp\/v2\/users\/1"}],"replies":[{"embeddable":true,"href":"https:\/\/www.ffbs.at\/blog\/wp-json\/wp\/v2\/comments?post=216"}],"version-history":[{"count":10,"href":"https:\/\/www.ffbs.at\/blog\/wp-json\/wp\/v2\/pages\/216\/revisions"}],"predecessor-version":[{"id":53969,"href":"https:\/\/www.ffbs.at\/blog\/wp-json\/wp\/v2\/pages\/216\/revisions\/53969"}],"up":[{"embeddable":true,"href":"https:\/\/www.ffbs.at\/blog\/wp-json\/wp\/v2\/pages\/184"}],"wp:attachment":[{"href":"https:\/\/www.ffbs.at\/blog\/wp-json\/wp\/v2\/media?parent=216"}],"curies":[{"name":"wp","href":"https:\/\/api.w.org\/{rel}","templated":true}]}}