{"id":212,"date":"2012-01-01T18:47:54","date_gmt":"2012-01-01T17:47:54","guid":{"rendered":"http:\/\/www.ffbs.at\/blog\/?page_id=212"},"modified":"2026-02-06T11:53:02","modified_gmt":"2026-02-06T10:53:02","slug":"feuerwehr-medizinischer-dienst-fmd","status":"publish","type":"page","link":"https:\/\/www.ffbs.at\/blog\/uber-uns\/sachgebiete\/feuerwehr-medizinischer-dienst-fmd\/","title":{"rendered":"Feuerwehr-Medizinischer-Dienst FMD"},"content":{"rendered":"\n<h2 class=\"wp-block-heading\">Feuerwehr-Medizinischer-Dienst<\/h2>\n\n\n<p><img fetchpriority=\"high\" decoding=\"async\" class=\"alignleft wp-image-48814 \" src=\"https:\/\/www.ffbs.at\/blog\/wp-content\/uploads\/2024\/01\/DSC_9456-scaled.jpg\" alt=\"\" width=\"599\" height=\"396\" srcset=\"https:\/\/www.ffbs.at\/blog\/wp-content\/uploads\/2024\/01\/DSC_9456-scaled.jpg 2560w, https:\/\/www.ffbs.at\/blog\/wp-content\/uploads\/2024\/01\/DSC_9456-1536x1017.jpg 1536w, https:\/\/www.ffbs.at\/blog\/wp-content\/uploads\/2024\/01\/DSC_9456-2048x1356.jpg 2048w\" sizes=\"(max-width: 599px) 100vw, 599px\" \/><\/p>\n<p>Ein weiteres Sachgebiet in der Feuerwehr ist der Sanit\u00e4tsdienst. Die SAN-Gruppe ist f\u00fcr die Schulung der Mannschaft in den Bereichen Erste Hilfe zust\u00e4ndig und \u00fcberwacht die Beladung der Feuerwehrfahrzeuge mit diversem Erste Hilfe Material.<\/p>\n<p>Feuerwehr-Arzt:<br>FARZT Dr. Wolfgang Reiter<\/p>\n<p>Ihr Aufgabenbereich erstreckt sich \u00fcber alle Bereiche der Ersten Hilfe und erweiterten Ersten Hilfe.<\/p>\n<p>Das Equipment:<br>Der Sanit\u00e4tsdienst \u00fcberpr\u00fcft und wartet alle Erste Hilfe-Koffer in den Einsatzfahrzeugen, versorgt alle aktiven Mitglieder mit Infektionsschutzhandschuhen und h\u00e4lt s\u00e4mtliche Reservematerialien auf aktuellem Stand.<\/p>\n<p>Die Wartung:<br>Alle Materialien in s\u00e4mtlichen Erste Hilfe-Koffern und im Sanit\u00e4tsrucksack werden regelm\u00e4\u00dfig auf Ablaufdaten und Besch\u00e4digungen kontrolliert und gegebenenfalls ersetzt.<br>Nach jedem Einsatz mit Menschenrettung werden die Kameraden mit frischen Infektionsschutzhandschuhen ausger\u00fcstet.<\/p>\n<p>Die Ausbildung:<br>Der Sanit\u00e4tsdienst ist f\u00fcr die theoretische und praktische Schulung aller aktiven Mitglieder sowie auch der Feuerwehrjugend verantwortlich und h\u00e4lt diese mittels Schulungen und \u00dcbungen immer auf dem neuesten Wissensstand. Des weiteren werden intern Erste Hilfe-Kurse zur Auffrischung abgehalten und \u00fcber die Feuerwehr\u00e4rzte die dazu geh\u00f6rige Pr\u00fcfungen abgenommen.<br>Gemeinsam mit dem Atemschutzteam und den Feuerwehr\u00e4rzten werden die 5-j\u00e4hrigen Untersuchungsintervalle der Atemschutzger\u00e4tetr\u00e4ger \u00fcberwacht sowie Impfungen und Gesundenuntersuchungen organisiert.<\/p>","protected":false},"excerpt":{"rendered":"<p>Feuerwehr-Medizinischer-Dienst Ein weiteres Sachgebiet in der Feuerwehr ist der Sanit\u00e4tsdienst. Die SAN-Gruppe ist f\u00fcr die Schulung der Mannschaft in den [&hellip;]<\/p>\n","protected":false},"author":1,"featured_media":0,"parent":184,"menu_order":0,"comment_status":"open","ping_status":"closed","template":"","meta":{"_uag_custom_page_level_css":"","site-sidebar-layout":"default","site-content-layout":"","ast-site-content-layout":"default","site-content-style":"default","site-sidebar-style":"default","ast-global-header-display":"","ast-banner-title-visibility":"","ast-main-header-display":"","ast-hfb-above-header-display":"","ast-hfb-below-header-display":"","ast-hfb-mobile-header-display":"","site-post-title":"","ast-breadcrumbs-content":"","ast-featured-img":"","footer-sml-layout":"","ast-disable-related-posts":"","theme-transparent-header-meta":"","adv-header-id-meta":"","stick-header-meta":"","header-above-stick-meta":"","header-main-stick-meta":"","header-below-stick-meta":"","astra-migrate-meta-layouts":"default","ast-page-background-enabled":"default","ast-page-background-meta":{"desktop":{"background-color":"var(--ast-global-color-4)","background-image":"","background-repeat":"repeat","background-position":"center center","background-size":"auto","background-attachment":"scroll","background-type":"","background-media":"","overlay-type":"","overlay-color":"","overlay-opacity":"","overlay-gradient":""},"tablet":{"background-color":"","background-image":"","background-repeat":"repeat","background-position":"center center","background-size":"auto","background-attachment":"scroll","background-type":"","background-media":"","overlay-type":"","overlay-color":"","overlay-opacity":"","overlay-gradient":""},"mobile":{"background-color":"","background-image":"","background-repeat":"repeat","background-position":"center center","background-size":"auto","background-attachment":"scroll","background-type":"","background-media":"","overlay-type":"","overlay-color":"","overlay-opacity":"","overlay-gradient":""}},"ast-content-background-meta":{"desktop":{"background-color":"var(--ast-global-color-5)","background-image":"","background-repeat":"repeat","background-position":"center center","background-size":"auto","background-attachment":"scroll","background-type":"","background-media":"","overlay-type":"","overlay-color":"","overlay-opacity":"","overlay-gradient":""},"tablet":{"background-color":"var(--ast-global-color-5)","background-image":"","background-repeat":"repeat","background-position":"center center","background-size":"auto","background-attachment":"scroll","background-type":"","background-media":"","overlay-type":"","overlay-color":"","overlay-opacity":"","overlay-gradient":""},"mobile":{"background-color":"var(--ast-global-color-5)","background-image":"","background-repeat":"repeat","background-position":"center center","background-size":"auto","background-attachment":"scroll","background-type":"","background-media":"","overlay-type":"","overlay-color":"","overlay-opacity":"","overlay-gradient":""}},"ngg_post_thumbnail":0,"footnotes":""},"class_list":["post-212","page","type-page","status-publish","hentry"],"uagb_featured_image_src":{"full":false,"thumbnail":false,"medium":false,"medium_large":false,"large":false,"1536x1536":false,"2048x2048":false,"tp-image-grid":false},"uagb_author_info":{"display_name":"admin","author_link":"https:\/\/www.ffbs.at\/blog\/author\/admin\/"},"uagb_comment_info":0,"uagb_excerpt":"Feuerwehr-Medizinischer-Dienst Ein weiteres Sachgebiet in der Feuerwehr ist der Sanit\u00e4tsdienst. Die SAN-Gruppe ist f\u00fcr die Schulung der Mannschaft in den [&hellip;]","rttpg_featured_image_url":null,"rttpg_author":{"display_name":"admin","author_link":"https:\/\/www.ffbs.at\/blog\/author\/admin\/"},"rttpg_comment":0,"rttpg_category":null,"rttpg_excerpt":"Feuerwehr-Medizinischer-Dienst Ein weiteres Sachgebiet in der Feuerwehr ist der Sanit\u00e4tsdienst. Die SAN-Gruppe ist f\u00fcr die Schulung der Mannschaft in den [&hellip;]","_links":{"self":[{"href":"https:\/\/www.ffbs.at\/blog\/wp-json\/wp\/v2\/pages\/212","targetHints":{"allow":["GET"]}}],"collection":[{"href":"https:\/\/www.ffbs.at\/blog\/wp-json\/wp\/v2\/pages"}],"about":[{"href":"https:\/\/www.ffbs.at\/blog\/wp-json\/wp\/v2\/types\/page"}],"author":[{"embeddable":true,"href":"https:\/\/www.ffbs.at\/blog\/wp-json\/wp\/v2\/users\/1"}],"replies":[{"embeddable":true,"href":"https:\/\/www.ffbs.at\/blog\/wp-json\/wp\/v2\/comments?post=212"}],"version-history":[{"count":6,"href":"https:\/\/www.ffbs.at\/blog\/wp-json\/wp\/v2\/pages\/212\/revisions"}],"predecessor-version":[{"id":53962,"href":"https:\/\/www.ffbs.at\/blog\/wp-json\/wp\/v2\/pages\/212\/revisions\/53962"}],"up":[{"embeddable":true,"href":"https:\/\/www.ffbs.at\/blog\/wp-json\/wp\/v2\/pages\/184"}],"wp:attachment":[{"href":"https:\/\/www.ffbs.at\/blog\/wp-json\/wp\/v2\/media?parent=212"}],"curies":[{"name":"wp","href":"https:\/\/api.w.org\/{rel}","templated":true}]}}