{"id":210,"date":"2012-01-01T19:46:22","date_gmt":"2012-01-01T17:46:22","guid":{"rendered":"http:\/\/www.ffbs.at\/blog\/?page_id=210"},"modified":"2026-02-06T11:42:20","modified_gmt":"2026-02-06T10:42:20","slug":"ausbildung","status":"publish","type":"page","link":"https:\/\/www.ffbs.at\/blog\/uber-uns\/sachgebiete\/ausbildung\/","title":{"rendered":"Ausbildung"},"content":{"rendered":"\n<div class=\"wp-block-uagb-advanced-heading uagb-block-14817ffb\"><h2 class=\"uagb-heading-text\">Ausbildung<\/h2><\/div>\n\n\n\n<div style=\"height:39px\" aria-hidden=\"true\" class=\"wp-block-spacer\"><\/div>\n\n\n<p><img fetchpriority=\"high\" decoding=\"async\" class=\"alignleft size-full wp-image-27709\" src=\"http:\/\/www.ffbs.at\/blog\/wp-content\/uploads\/2012\/01\/sg_ausbildung.jpg\" alt=\"\" width=\"600\" height=\"450\" srcset=\"https:\/\/www.ffbs.at\/blog\/wp-content\/uploads\/2012\/01\/sg_ausbildung.jpg 600w, https:\/\/www.ffbs.at\/blog\/wp-content\/uploads\/2012\/01\/sg_ausbildung-350x263.jpg 350w\" sizes=\"(max-width: 600px) 100vw, 600px\" \/>Aufgabenbereich:&nbsp; &nbsp;Koordinierung der gesamten Mannschaftsausbildung<\/p>\n<p align=\"left\">Als Ausbildnerin in der Feuerwehr wurde BM Nicole Piffer berufen, unterst\u00fctzt wird sie dabei von OLM Beichbuchner Fritz und LM Helm Andrea.<\/p>\n<p align=\"left\">Als Verantwortlicher f\u00fcr die Ausbildung der Feuerwehr erstellt er einen &nbsp;j\u00e4hrlichen Ausbildungsplan und zeichnet f\u00fcr&nbsp;die Koordinierung und Durchf\u00fchrung verantwortlich.<\/p>\n<p align=\"left\">Speziell auf die Aus- und Weiterbildung jedes einzelnen Kameraden, wird seitens der Feuerwehr Baden \u2013 Stadt sehr gro\u00dfer Wert gelegt.<\/p>\n<p>Die Ausbildung des Feuerwehrmitgliedes beginnt bereits im Fr\u00fchstadium. W\u00e4hrend der Zeit bei der Feuerwehrjugend bereits zwischen dem 10. und 15. Lebensjahr.<br>Nach Absolvierung der Grundausbildung in Form der internen Ausbildungsgruppe, wird dem Feuerwehrmitglied das Basiswissen mit dem Grundlehrgang, Funklehrgang und Atemschutzger\u00e4tetr\u00e4gerlehrgang auf Bezirkslehrg\u00e4ngen vermittelt.<\/p>\n<p>Danach ist es die Aufgabe des Ausbildungsverantwortlichen, gemeinsam mit den Gruppen- und Zugskommandanten St\u00e4rken und Schw\u00e4chen in der Ausbildung zu erkennen und das Ausbildungsprogramm dementsprechend anzupassen.<\/p>\n<p>Die Ausbildung umfasst auch die Spezialgebiete wie Atemschutz, Funk, Maschinisten und Kraftfahrer, Schadstoff, Wasser-, Brand- und Technischen Dienst, Erste Hilfe, Feuerwehrjugend, Vorbeugender Brandschutz und \u00d6ffentlichkeitsarbeit.<\/p>\n<p>Jeden Mittwoch findet in Rahmen von Schulungen, Gruppen- bzw. Gesamt\u00fcbungen, die allgemeine Feuerwehrausbildung statt.<\/p>\n<p>F\u00fcr die theoretischen Schulungen stehen den Vortragenden multifunktionale Ger\u00e4tschaften wie Datenprojektor mit EDV- und Videoanschluss bzw. Tageslichtprojektor, Whiteboard und Flipchart zur Verf\u00fcgung.<\/p>\n<p>Um diese doch so h\u00e4ufigen, gro\u00dfteils praktischen \u00dcbungen realistisch wirken zu lassen, wird durch die Verantwortlichen immer wieder auch versucht einsatzreale Bedingungen wie z.B. Echtfeuer, pr\u00e4parierte Kraftfahrzeuge u.v.m. zu schaffen.<br>Es wird jedoch von Jahr zu Jahr, auch aufgrund des Umweltgedankens und der Verbauung vorhandener \u00dcbungsfl\u00e4chen immer schwieriger, dementsprechende Objekte oder Pl\u00e4tze im Stadtgebiet zu finden.<br>Alternativ dazu werden Brandsimulationen mit Nebelger\u00e4ten, welche auch bei B\u00fchnenshow\u00b4s verwendet werden, ohne R\u00fcckstandsbildung eingesetzt.<\/p>\n<p>Besonderen Wert wird bei der Ausbildung der aktiven Mannschaft auf die, in unserer Stadt befindlichen Kranken-, Pflege-, Theater und Veranstaltungsh\u00e4user, sowie zahlreichen Hotels und im \u00f6ffentlichen Dienst stehenden gef\u00e4hrdeten Objekte im Bereich Objektkunde, speziell zu brandschutztechnischen Einrichtungen und Zufahrts- bzw. Zugangswege gelegt.<\/p>\n<p>Die Aus- und Weiterbildung absolvieren die Feuerwehrmitglieder bei zahlreichen Seminaren und Lehrg\u00e4ngen im Bezirk Baden oder in der Landesfeuerwehrschule Tulln in so genannten Lehrgangsmodulen.<br>Dar\u00fcber hinaus werden auch spezielle externe Fortbildungsseminare wie die vergangenen Jahres stattgefundene Drehleitermaschinistenausbildung durch zwei Berufsfeuerwehroffiziere der BF Hamburg, in unserem Feuerwehrhaus abgehalten.<br>Dabei wurden neben den neuesten theoretischen Grundlagen der Einsatztaktik im Lehrsaal, auch praktische \u00dcbungen mit unserer Drehleiter vor Ort an Objekten in der Stadt Baden speziell geschult und trainiert.<\/p>\n<p>Neben den zahlreichen Ausbildungsvorschriften und -richtlinien des N\u00d6 Landesfeuerwehrverbandes, entstehen auch in unserer Feuerwehr in Form von internen taktischen Ausbildungsrichtlinien, angepasst an unser Einsatzgebiet, Unterlagen bzw. Schulungen welche gro\u00dfteils durch Zugtruppkommandant BM Robert Lichtenauer ausgearbeitet werden.<\/p>\n<p>Sehr gute Platzierungen bei verschiedenen Leistungsbewerben z.B.:<br>bei Funk-, Spreng-, Feuerwehrleistungsbewerbe in Bronze , Silber und Gold als auch beim Bewerb Technische Hilfeleistung, best\u00e4tigen den eingeschlagen Weg unseres Kommandos in der Aus- und Weiterbildung. Denn nur mit einer fundierten und praxisnahen Ausbildung k\u00f6nnen die Aufgaben der n\u00e4chsten Jahre weiterhin gemeistert werden.die Verantwortung erfolgreich mit.<\/p>","protected":false},"excerpt":{"rendered":"<p>Ausbildung Aufgabenbereich:&nbsp; &nbsp;Koordinierung der gesamten Mannschaftsausbildung Als Ausbildnerin in der Feuerwehr wurde BM Nicole Piffer berufen, unterst\u00fctzt wird sie dabei [&hellip;]<\/p>\n","protected":false},"author":1,"featured_media":0,"parent":184,"menu_order":0,"comment_status":"open","ping_status":"closed","template":"","meta":{"_uag_custom_page_level_css":"","site-sidebar-layout":"default","site-content-layout":"","ast-site-content-layout":"default","site-content-style":"default","site-sidebar-style":"default","ast-global-header-display":"","ast-banner-title-visibility":"","ast-main-header-display":"","ast-hfb-above-header-display":"","ast-hfb-below-header-display":"","ast-hfb-mobile-header-display":"","site-post-title":"","ast-breadcrumbs-content":"","ast-featured-img":"","footer-sml-layout":"","ast-disable-related-posts":"","theme-transparent-header-meta":"","adv-header-id-meta":"","stick-header-meta":"","header-above-stick-meta":"","header-main-stick-meta":"","header-below-stick-meta":"","astra-migrate-meta-layouts":"default","ast-page-background-enabled":"default","ast-page-background-meta":{"desktop":{"background-color":"var(--ast-global-color-4)","background-image":"","background-repeat":"repeat","background-position":"center center","background-size":"auto","background-attachment":"scroll","background-type":"","background-media":"","overlay-type":"","overlay-color":"","overlay-opacity":"","overlay-gradient":""},"tablet":{"background-color":"","background-image":"","background-repeat":"repeat","background-position":"center center","background-size":"auto","background-attachment":"scroll","background-type":"","background-media":"","overlay-type":"","overlay-color":"","overlay-opacity":"","overlay-gradient":""},"mobile":{"background-color":"","background-image":"","background-repeat":"repeat","background-position":"center center","background-size":"auto","background-attachment":"scroll","background-type":"","background-media":"","overlay-type":"","overlay-color":"","overlay-opacity":"","overlay-gradient":""}},"ast-content-background-meta":{"desktop":{"background-color":"var(--ast-global-color-5)","background-image":"","background-repeat":"repeat","background-position":"center center","background-size":"auto","background-attachment":"scroll","background-type":"","background-media":"","overlay-type":"","overlay-color":"","overlay-opacity":"","overlay-gradient":""},"tablet":{"background-color":"var(--ast-global-color-5)","background-image":"","background-repeat":"repeat","background-position":"center center","background-size":"auto","background-attachment":"scroll","background-type":"","background-media":"","overlay-type":"","overlay-color":"","overlay-opacity":"","overlay-gradient":""},"mobile":{"background-color":"var(--ast-global-color-5)","background-image":"","background-repeat":"repeat","background-position":"center center","background-size":"auto","background-attachment":"scroll","background-type":"","background-media":"","overlay-type":"","overlay-color":"","overlay-opacity":"","overlay-gradient":""}},"ngg_post_thumbnail":0,"footnotes":""},"class_list":["post-210","page","type-page","status-publish","hentry"],"uagb_featured_image_src":{"full":false,"thumbnail":false,"medium":false,"medium_large":false,"large":false,"1536x1536":false,"2048x2048":false,"tp-image-grid":false},"uagb_author_info":{"display_name":"admin","author_link":"https:\/\/www.ffbs.at\/blog\/author\/admin\/"},"uagb_comment_info":0,"uagb_excerpt":"Ausbildung Aufgabenbereich:&nbsp; &nbsp;Koordinierung der gesamten Mannschaftsausbildung Als Ausbildnerin in der Feuerwehr wurde BM Nicole Piffer berufen, unterst\u00fctzt wird sie dabei [&hellip;]","rttpg_featured_image_url":null,"rttpg_author":{"display_name":"admin","author_link":"https:\/\/www.ffbs.at\/blog\/author\/admin\/"},"rttpg_comment":0,"rttpg_category":null,"rttpg_excerpt":"Ausbildung Aufgabenbereich:&nbsp; &nbsp;Koordinierung der gesamten Mannschaftsausbildung Als Ausbildnerin in der Feuerwehr wurde BM Nicole Piffer berufen, unterst\u00fctzt wird sie dabei [&hellip;]","_links":{"self":[{"href":"https:\/\/www.ffbs.at\/blog\/wp-json\/wp\/v2\/pages\/210","targetHints":{"allow":["GET"]}}],"collection":[{"href":"https:\/\/www.ffbs.at\/blog\/wp-json\/wp\/v2\/pages"}],"about":[{"href":"https:\/\/www.ffbs.at\/blog\/wp-json\/wp\/v2\/types\/page"}],"author":[{"embeddable":true,"href":"https:\/\/www.ffbs.at\/blog\/wp-json\/wp\/v2\/users\/1"}],"replies":[{"embeddable":true,"href":"https:\/\/www.ffbs.at\/blog\/wp-json\/wp\/v2\/comments?post=210"}],"version-history":[{"count":5,"href":"https:\/\/www.ffbs.at\/blog\/wp-json\/wp\/v2\/pages\/210\/revisions"}],"predecessor-version":[{"id":53958,"href":"https:\/\/www.ffbs.at\/blog\/wp-json\/wp\/v2\/pages\/210\/revisions\/53958"}],"up":[{"embeddable":true,"href":"https:\/\/www.ffbs.at\/blog\/wp-json\/wp\/v2\/pages\/184"}],"wp:attachment":[{"href":"https:\/\/www.ffbs.at\/blog\/wp-json\/wp\/v2\/media?parent=210"}],"curies":[{"name":"wp","href":"https:\/\/api.w.org\/{rel}","templated":true}]}}