{"id":208,"date":"2013-03-31T18:46:15","date_gmt":"2013-03-31T17:46:15","guid":{"rendered":"http:\/\/www.ffbs.at\/blog\/?page_id=208"},"modified":"2026-02-06T12:00:38","modified_gmt":"2026-02-06T11:00:38","slug":"verwaltungsdienst","status":"publish","type":"page","link":"https:\/\/www.ffbs.at\/blog\/uber-uns\/sachgebiete\/verwaltungsdienst\/","title":{"rendered":"Verwaltungsdienst"},"content":{"rendered":"\n<div class=\"wp-block-uagb-advanced-heading uagb-block-f6504a7c\"><h2 class=\"uagb-heading-text\">Verwaltungsdienst<\/h2><\/div>\n\n\n\n<div style=\"height:27px\" aria-hidden=\"true\" class=\"wp-block-spacer\"><\/div>\n\n\n<p>Der Verwaltungsdienst ist die Administration der Feuerwehr, welcher dem Feuerwehrkommandanten zur Seite steht. S\u00e4mtliche Formulare, Schriftst\u00fccke, Korrespondenz, Einsatzverrechnung inklusive der laufenden Buchhaltung werden hier abgehandelt.<\/p>\n<p>Im internen Bereich ist der Verwaltungsdienst f\u00fcr die Standesf\u00fchrung, Diensteinteilung, Lehrgangsmeldungen, Statistiken und das gesamte Berichtswesen (Eins\u00e4tze, \u00dcbungen, diverse T\u00e4tigkeiten, Sitzungsprotokolle und Ausbildungen) zust\u00e4ndig.<\/p>\n<p>Der externe Bereich umfasst vor allem das Rechnungswesen, den Schriftverkehr und im weitesten Sinn auch die \u00d6ffentlichkeitsarbeit.<\/p>\n<p>Fr\u00fcher waren die Gebiete auf verschiedene Personen aufgeteilt, d.h. es gab einen Schriftf\u00fchrer und einen Zahlmeister oder Kassier. Die Zeug- und die Fahrmeisterei war der Verwaltung unterstellt.<\/p>\n<p>S\u00e4mtliche Posten in der Verwaltung werden vom Feuerwehrkommandanten bestimmt. Der Leiter des Verwaltungsdienstes ist zus\u00e4tzlich noch Kommandomitglied und somit engster Berater der Kommandanten. Die Dienstgrade des Verwaltungsdienstes richten sich nach dem Dienstgrad des Kommandanten und dieser wieder nach der Gr\u00f6\u00dfe der Feuerwehr. Auf Grund der Gr\u00f6\u00dfe der Feuerwehr Baden-Stadt arbeiten drei Feuerwehrmitglieder im Verwaltungsdienst. Im vergangenen Jahr hat die Verwaltung der FF Baden-Stadt z. B. fast 450 Stunden im \u201eB\u00fcro\u201c gearbeitet, d.h. im Durchschnitt jeden Tag mehr als 1 Stunde f\u00fcr den laufenden Betrieb neben ihrem Einsatz- und Dienstaufkommen t\u00e4tig.<\/p>\n<p>OV Mag. Michael Rampl und sein Team, Stv. d. Leiters des Verwaltungsdienstes V Andreas Bauer und Geh. d. Leiters des Verwaltungsdienstes FJUR Barbara Neff und EVI Rudolf Wandl stellen auch ein wichtiges Bindeglied zwischen der Mannschaft und dem Kommandanten dar.<\/p>","protected":false},"excerpt":{"rendered":"<p>Verwaltungsdienst Der Verwaltungsdienst ist die Administration der Feuerwehr, welcher dem Feuerwehrkommandanten zur Seite steht. S\u00e4mtliche Formulare, Schriftst\u00fccke, Korrespondenz, Einsatzverrechnung inklusive [&hellip;]<\/p>\n","protected":false},"author":1,"featured_media":0,"parent":184,"menu_order":0,"comment_status":"open","ping_status":"closed","template":"","meta":{"_uag_custom_page_level_css":"","site-sidebar-layout":"default","site-content-layout":"","ast-site-content-layout":"default","site-content-style":"default","site-sidebar-style":"default","ast-global-header-display":"","ast-banner-title-visibility":"","ast-main-header-display":"","ast-hfb-above-header-display":"","ast-hfb-below-header-display":"","ast-hfb-mobile-header-display":"","site-post-title":"","ast-breadcrumbs-content":"","ast-featured-img":"","footer-sml-layout":"","ast-disable-related-posts":"","theme-transparent-header-meta":"","adv-header-id-meta":"","stick-header-meta":"","header-above-stick-meta":"","header-main-stick-meta":"","header-below-stick-meta":"","astra-migrate-meta-layouts":"default","ast-page-background-enabled":"default","ast-page-background-meta":{"desktop":{"background-color":"var(--ast-global-color-4)","background-image":"","background-repeat":"repeat","background-position":"center center","background-size":"auto","background-attachment":"scroll","background-type":"","background-media":"","overlay-type":"","overlay-color":"","overlay-opacity":"","overlay-gradient":""},"tablet":{"background-color":"","background-image":"","background-repeat":"repeat","background-position":"center center","background-size":"auto","background-attachment":"scroll","background-type":"","background-media":"","overlay-type":"","overlay-color":"","overlay-opacity":"","overlay-gradient":""},"mobile":{"background-color":"","background-image":"","background-repeat":"repeat","background-position":"center center","background-size":"auto","background-attachment":"scroll","background-type":"","background-media":"","overlay-type":"","overlay-color":"","overlay-opacity":"","overlay-gradient":""}},"ast-content-background-meta":{"desktop":{"background-color":"var(--ast-global-color-5)","background-image":"","background-repeat":"repeat","background-position":"center center","background-size":"auto","background-attachment":"scroll","background-type":"","background-media":"","overlay-type":"","overlay-color":"","overlay-opacity":"","overlay-gradient":""},"tablet":{"background-color":"var(--ast-global-color-5)","background-image":"","background-repeat":"repeat","background-position":"center center","background-size":"auto","background-attachment":"scroll","background-type":"","background-media":"","overlay-type":"","overlay-color":"","overlay-opacity":"","overlay-gradient":""},"mobile":{"background-color":"var(--ast-global-color-5)","background-image":"","background-repeat":"repeat","background-position":"center center","background-size":"auto","background-attachment":"scroll","background-type":"","background-media":"","overlay-type":"","overlay-color":"","overlay-opacity":"","overlay-gradient":""}},"ngg_post_thumbnail":0,"footnotes":""},"class_list":["post-208","page","type-page","status-publish","hentry"],"uagb_featured_image_src":{"full":false,"thumbnail":false,"medium":false,"medium_large":false,"large":false,"1536x1536":false,"2048x2048":false,"tp-image-grid":false},"uagb_author_info":{"display_name":"admin","author_link":"https:\/\/www.ffbs.at\/blog\/author\/admin\/"},"uagb_comment_info":0,"uagb_excerpt":"Verwaltungsdienst Der Verwaltungsdienst ist die Administration der Feuerwehr, welcher dem Feuerwehrkommandanten zur Seite steht. S\u00e4mtliche Formulare, Schriftst\u00fccke, Korrespondenz, Einsatzverrechnung inklusive [&hellip;]","rttpg_featured_image_url":null,"rttpg_author":{"display_name":"admin","author_link":"https:\/\/www.ffbs.at\/blog\/author\/admin\/"},"rttpg_comment":0,"rttpg_category":null,"rttpg_excerpt":"Verwaltungsdienst Der Verwaltungsdienst ist die Administration der Feuerwehr, welcher dem Feuerwehrkommandanten zur Seite steht. S\u00e4mtliche Formulare, Schriftst\u00fccke, Korrespondenz, Einsatzverrechnung inklusive [&hellip;]","_links":{"self":[{"href":"https:\/\/www.ffbs.at\/blog\/wp-json\/wp\/v2\/pages\/208","targetHints":{"allow":["GET"]}}],"collection":[{"href":"https:\/\/www.ffbs.at\/blog\/wp-json\/wp\/v2\/pages"}],"about":[{"href":"https:\/\/www.ffbs.at\/blog\/wp-json\/wp\/v2\/types\/page"}],"author":[{"embeddable":true,"href":"https:\/\/www.ffbs.at\/blog\/wp-json\/wp\/v2\/users\/1"}],"replies":[{"embeddable":true,"href":"https:\/\/www.ffbs.at\/blog\/wp-json\/wp\/v2\/comments?post=208"}],"version-history":[{"count":10,"href":"https:\/\/www.ffbs.at\/blog\/wp-json\/wp\/v2\/pages\/208\/revisions"}],"predecessor-version":[{"id":53967,"href":"https:\/\/www.ffbs.at\/blog\/wp-json\/wp\/v2\/pages\/208\/revisions\/53967"}],"up":[{"embeddable":true,"href":"https:\/\/www.ffbs.at\/blog\/wp-json\/wp\/v2\/pages\/184"}],"wp:attachment":[{"href":"https:\/\/www.ffbs.at\/blog\/wp-json\/wp\/v2\/media?parent=208"}],"curies":[{"name":"wp","href":"https:\/\/api.w.org\/{rel}","templated":true}]}}