{"id":206,"date":"2012-01-01T18:43:48","date_gmt":"2012-01-01T17:43:48","guid":{"rendered":"http:\/\/www.ffbs.at\/blog\/?page_id=206"},"modified":"2025-10-17T14:22:29","modified_gmt":"2025-10-17T13:22:29","slug":"atemschutz","status":"publish","type":"page","link":"https:\/\/www.ffbs.at\/blog\/uber-uns\/sachgebiete\/atemschutz\/","title":{"rendered":"Atemschutz"},"content":{"rendered":"\n<div class=\"wp-block-uagb-image uagb-block-a70583de wp-block-uagb-image--layout-default wp-block-uagb-image--effect-static wp-block-uagb-image--align-none\"><figure class=\"wp-block-uagb-image__figure\"><img loading=\"lazy\" decoding=\"async\" srcset=\"https:\/\/www.ffbs.at\/blog\/wp-content\/uploads\/2025\/10\/2low_DSC_3358.avif ,https:\/\/www.ffbs.at\/blog\/wp-content\/uploads\/2025\/10\/2low_DSC_3358.avif 780w, https:\/\/www.ffbs.at\/blog\/wp-content\/uploads\/2025\/10\/2low_DSC_3358.avif 360w\" sizes=\"auto, (max-width: 480px) 150px\" src=\"https:\/\/www.ffbs.at\/blog\/wp-content\/uploads\/2025\/10\/2low_DSC_3358.avif\" alt=\"\" class=\"uag-image-52838\" width=\"1800\" height=\"825\" title=\"2low_DSC_3358\" loading=\"lazy\" role=\"img\"\/><\/figure><\/div>\n\n\n\n<div style=\"height:22px\" aria-hidden=\"true\" class=\"wp-block-spacer\"><\/div>\n\n\n\n<p><strong>Unser Auftrag<\/strong><\/p>\n\n\n\n<p>Das Sachgebiet Atem- und K\u00f6rperschutz ist ein zentraler Bestandteil unserer Feuerwehrarbeit. Der Bereich ist in den letzten Jahren immer komplexer geworden \u2013 steigende Anforderungen an Hygiene, Sicherheit und Gesundheitsschutz verlangen h\u00f6chste Professionalit\u00e4t.<\/p>\n\n\n\n<p>Um diesen Aufgaben gerecht zu werden, setzt unsere Feuerwehr auf ein starkes Team aus speziell ausgebildeten Mitgliedern.<\/p>\n\n\n\n<p><strong>Unser Team<\/strong><\/p>\n\n\n\n<ul class=\"wp-block-list\">\n<li> Sachbearbeiter: LM Juran Michael<\/li>\n<\/ul>\n\n\n\n<ul class=\"wp-block-list\">\n<li>Gehilfen des Sachbearbeiters: ESB Nositzka Michael, OLM Beichbuchner Fritz, FM Wasinger Michael<\/li>\n<\/ul>\n\n\n\n<ul class=\"wp-block-list\">\n<li>Erweitertes Team &amp; F\u00fcllpersonal: SB Hanel Markus, FM Jankowitsch Matteo, FM Zoppoth Luca<\/li>\n<\/ul>\n\n\n\n<ul class=\"wp-block-list\">\n<li>Zus\u00e4tzliches F\u00fcllpersonal: SB-Schimmer Michael, LM Detsch Sascha<\/li>\n<\/ul>\n\n\n\n<p>Last but not least unterst\u00fctzt uns auch noch unser ehemaliger Sachbearbeiter <strong>SB Lichtenauer Martin<\/strong>, der dieses Sachgebiet \u00fcber 10 Jahre lang leitete. Mit seiner Fachkompetenz steht er uns weiterhin zur Seite \u2013 nicht nur beratend, sondern auch tatkr\u00e4ftig bei verschiedensten Arbeiten sowie bei \u00dcberlegungen und Planungen f\u00fcr die Zukunft.<\/p>\n\n\n\n<p><strong>Unsere Technik<\/strong><\/p>\n\n\n\n<p>Um im Einsatzfall bestm\u00f6glich gesch\u00fctzt zu sein, verf\u00fcgen wir \u00fcber eine moderne und umfangreiche Atemschutzausr\u00fcstung:<\/p>\n\n\n\n<ul class=\"wp-block-list\">\n<li>18 Atemschutzger\u00e4te<\/li>\n<\/ul>\n\n\n\n<ul class=\"wp-block-list\">\n<li>40 Composite-Flaschen (300 bar)<\/li>\n<\/ul>\n\n\n\n<ul class=\"wp-block-list\">\n<li>45 Masken<\/li>\n<\/ul>\n\n\n\n<ul class=\"wp-block-list\">\n<li>18 RespiHoods (Fluchthauben)<\/li>\n<\/ul>\n\n\n\n<ul class=\"wp-block-list\">\n<li>18 Totmannwarner<\/li>\n<\/ul>\n\n\n\n<p><strong>Wartung und Pflege<\/strong><\/p>\n\n\n\n<p>Die Sicherheit unserer Atemschutztr\u00e4ger hat oberste Priorit\u00e4t. Deshalb werden alle Ger\u00e4te regelm\u00e4\u00dfig vom Atemschutzteam \u00fcberpr\u00fcft und gewartet \u2013 auf Funktion, Sauberkeit und Dichtheit. Nach jedem Einsatz und jeder \u00dcbung werden:<\/p>\n\n\n\n<ul class=\"wp-block-list\">\n<li>Flaschen mit Atemluft neu bef\u00fcllt,<\/li>\n<\/ul>\n\n\n\n<ul class=\"wp-block-list\">\n<li>Masken gewaschen, desinfiziert, getrocknet, auf Dichtheit gepr\u00fcft und verpackt,<\/li>\n<\/ul>\n\n\n\n<ul class=\"wp-block-list\">\n<li>sowie die AS-Ger\u00e4te kontrolliert und ggf. auch komplett gewaschen.<\/li>\n<\/ul>\n\n\n\n<p>Alle diese T\u00e4tigkeiten werden in einem speziellen, in ganz Nieder\u00f6sterreich verwendeten EDV-System dokumentiert.<\/p>\n\n\n\n<p>Zus\u00e4tzlich \u00fcberpr\u00fcft das Bezirksatemschutzteam einmal j\u00e4hrlich alle Ger\u00e4te und den Kompressor, w\u00e4hrend alle sechs Jahre eine T\u00dcV-Pr\u00fcfung ansteht. Kleinere Reparaturen erledigen wir direkt in unserer eigenen Werkstatt.<\/p>\n\n\n\n<p><strong>Ausbildung und Schulung<\/strong><\/p>\n\n\n\n<p>Damit wir im Einsatz immer auf dem neuesten Stand sind, wird Ausbildung gro\u00dfgeschrieben:<\/p>\n\n\n\n<ul class=\"wp-block-list\">\n<li>Das F\u00fcllpersonal wird j\u00e4hrlich am Kompressor geschult.<\/li>\n<\/ul>\n\n\n\n<ul class=\"wp-block-list\">\n<li>Atemschutzger\u00e4tetr\u00e4ger absolvieren laufend Schulungen und \u00dcbungen (mindestens 4 \u00dcbungen und 1 Schulung pro Jahr).<\/li>\n<\/ul>\n\n\n\n<ul class=\"wp-block-list\">\n<li>Einmal j\u00e4hrlich ist der Finnentest verpflichtend zu absolvieren \u2013 ein standardisierter Leistungstest, mit dem die k\u00f6rperliche Fitness \u00fcberpr\u00fcft wird.<\/li>\n<\/ul>\n\n\n\n<ul class=\"wp-block-list\">\n<li>Regelm\u00e4\u00dfige \u00e4rztliche Untersuchungen sichern die gesundheitliche Einsatzf\u00e4higkeit.<\/li>\n<\/ul>\n\n\n\n<p><strong>Warum wir das tun<\/strong><\/p>\n\n\n\n<p>Atemschutz bedeutet Verantwortung &#8211; f\u00fcr die Kameradinnen und Kameraden im Einsatz und f\u00fcr die Sicherheit der Bev\u00f6lkerung. Jeder Handgriff muss sitzen, die gesamte Ausr\u00fcstung muss absolut zuverl\u00e4ssig zur Verf\u00fcgung stehen.<\/p>\n\n\n\n<p>Unser Team sorgt daf\u00fcr, dass im Ernstfall alles passt &#8211; pr\u00e4zise, zuverl\u00e4ssig und mit vollem Einsatz.<\/p>\n\n\n\n<p><\/p>\n","protected":false},"excerpt":{"rendered":"<p>Unser Auftrag Das Sachgebiet Atem- und K\u00f6rperschutz ist ein zentraler Bestandteil unserer Feuerwehrarbeit. Der Bereich ist in den letzten Jahren [&hellip;]<\/p>\n","protected":false},"author":1,"featured_media":0,"parent":184,"menu_order":0,"comment_status":"open","ping_status":"closed","template":"","meta":{"_uag_custom_page_level_css":"","site-sidebar-layout":"default","site-content-layout":"","ast-site-content-layout":"default","site-content-style":"default","site-sidebar-style":"default","ast-global-header-display":"","ast-banner-title-visibility":"","ast-main-header-display":"","ast-hfb-above-header-display":"","ast-hfb-below-header-display":"","ast-hfb-mobile-header-display":"","site-post-title":"","ast-breadcrumbs-content":"","ast-featured-img":"","footer-sml-layout":"","ast-disable-related-posts":"","theme-transparent-header-meta":"","adv-header-id-meta":"","stick-header-meta":"","header-above-stick-meta":"","header-main-stick-meta":"","header-below-stick-meta":"","astra-migrate-meta-layouts":"default","ast-page-background-enabled":"default","ast-page-background-meta":{"desktop":{"background-color":"var(--ast-global-color-4)","background-image":"","background-repeat":"repeat","background-position":"center center","background-size":"auto","background-attachment":"scroll","background-type":"","background-media":"","overlay-type":"","overlay-color":"","overlay-opacity":"","overlay-gradient":""},"tablet":{"background-color":"","background-image":"","background-repeat":"repeat","background-position":"center center","background-size":"auto","background-attachment":"scroll","background-type":"","background-media":"","overlay-type":"","overlay-color":"","overlay-opacity":"","overlay-gradient":""},"mobile":{"background-color":"","background-image":"","background-repeat":"repeat","background-position":"center center","background-size":"auto","background-attachment":"scroll","background-type":"","background-media":"","overlay-type":"","overlay-color":"","overlay-opacity":"","overlay-gradient":""}},"ast-content-background-meta":{"desktop":{"background-color":"var(--ast-global-color-5)","background-image":"","background-repeat":"repeat","background-position":"center center","background-size":"auto","background-attachment":"scroll","background-type":"","background-media":"","overlay-type":"","overlay-color":"","overlay-opacity":"","overlay-gradient":""},"tablet":{"background-color":"var(--ast-global-color-5)","background-image":"","background-repeat":"repeat","background-position":"center center","background-size":"auto","background-attachment":"scroll","background-type":"","background-media":"","overlay-type":"","overlay-color":"","overlay-opacity":"","overlay-gradient":""},"mobile":{"background-color":"var(--ast-global-color-5)","background-image":"","background-repeat":"repeat","background-position":"center center","background-size":"auto","background-attachment":"scroll","background-type":"","background-media":"","overlay-type":"","overlay-color":"","overlay-opacity":"","overlay-gradient":""}},"ngg_post_thumbnail":0,"footnotes":""},"class_list":["post-206","page","type-page","status-publish","hentry"],"uagb_featured_image_src":{"full":false,"thumbnail":false,"medium":false,"medium_large":false,"large":false,"1536x1536":false,"2048x2048":false,"tp-image-grid":false},"uagb_author_info":{"display_name":"admin","author_link":"https:\/\/www.ffbs.at\/blog\/author\/admin\/"},"uagb_comment_info":0,"uagb_excerpt":"Unser Auftrag Das Sachgebiet Atem- und K\u00f6rperschutz ist ein zentraler Bestandteil unserer Feuerwehrarbeit. Der Bereich ist in den letzten Jahren [&hellip;]","rttpg_featured_image_url":null,"rttpg_author":{"display_name":"admin","author_link":"https:\/\/www.ffbs.at\/blog\/author\/admin\/"},"rttpg_comment":0,"rttpg_category":null,"rttpg_excerpt":"Unser Auftrag Das Sachgebiet Atem- und K\u00f6rperschutz ist ein zentraler Bestandteil unserer Feuerwehrarbeit. Der Bereich ist in den letzten Jahren [&hellip;]","_links":{"self":[{"href":"https:\/\/www.ffbs.at\/blog\/wp-json\/wp\/v2\/pages\/206","targetHints":{"allow":["GET"]}}],"collection":[{"href":"https:\/\/www.ffbs.at\/blog\/wp-json\/wp\/v2\/pages"}],"about":[{"href":"https:\/\/www.ffbs.at\/blog\/wp-json\/wp\/v2\/types\/page"}],"author":[{"embeddable":true,"href":"https:\/\/www.ffbs.at\/blog\/wp-json\/wp\/v2\/users\/1"}],"replies":[{"embeddable":true,"href":"https:\/\/www.ffbs.at\/blog\/wp-json\/wp\/v2\/comments?post=206"}],"version-history":[{"count":11,"href":"https:\/\/www.ffbs.at\/blog\/wp-json\/wp\/v2\/pages\/206\/revisions"}],"predecessor-version":[{"id":52840,"href":"https:\/\/www.ffbs.at\/blog\/wp-json\/wp\/v2\/pages\/206\/revisions\/52840"}],"up":[{"embeddable":true,"href":"https:\/\/www.ffbs.at\/blog\/wp-json\/wp\/v2\/pages\/184"}],"wp:attachment":[{"href":"https:\/\/www.ffbs.at\/blog\/wp-json\/wp\/v2\/media?parent=206"}],"curies":[{"name":"wp","href":"https:\/\/api.w.org\/{rel}","templated":true}]}}