{"id":200,"date":"2012-01-01T19:38:21","date_gmt":"2012-01-01T17:38:21","guid":{"rendered":"http:\/\/www.ffbs.at\/blog\/?page_id=200"},"modified":"2026-02-23T19:56:25","modified_gmt":"2026-02-23T18:56:25","slug":"nachrichtendienst","status":"publish","type":"page","link":"https:\/\/www.ffbs.at\/blog\/uber-uns\/sachgebiete\/nachrichtendienst\/","title":{"rendered":"Nachrichtendienst"},"content":{"rendered":"\n<div class=\"wp-block-uagb-advanced-heading uagb-block-d94e18d4\"><h2 class=\"uagb-heading-text\">Nachrichtendienst<\/h2><\/div>\n\n\n\n<div style=\"height:30px\" aria-hidden=\"true\" class=\"wp-block-spacer\"><\/div>\n\n\n<p><img fetchpriority=\"high\" decoding=\"async\" class=\"wp-image-48806  alignleft\" src=\"https:\/\/www.ffbs.at\/blog\/wp-content\/uploads\/2024\/01\/DSC_9443-scaled.jpg\" alt=\"\" width=\"771\" height=\"511\" srcset=\"https:\/\/www.ffbs.at\/blog\/wp-content\/uploads\/2024\/01\/DSC_9443-scaled.jpg 2560w, https:\/\/www.ffbs.at\/blog\/wp-content\/uploads\/2024\/01\/DSC_9443-1536x1017.jpg 1536w, https:\/\/www.ffbs.at\/blog\/wp-content\/uploads\/2024\/01\/DSC_9443-2048x1357.jpg 2048w\" sizes=\"(max-width: 771px) 100vw, 771px\" \/><\/p>\n<p>Neben dem Erfordernis gut ausgebildeter Feuerwehrmitglieder und entsprechender Ausr\u00fcstung ist jeder Einsatz einer freiwilligen Feuerwehr auch von der raschen Erreichbarkeit und einer schnellen Reaktionszeit der erforderlichen Kr\u00e4fte abh\u00e4ngig. Die Alarmierung kann als der erste Akt eines jeden Einsatzes bezeichnet werden.<\/p>\n<p>Die Sicherstellung der einwandfreien Funktion der Alarmierungseinrichtungen unserer Feuerwehr obliegt dem Nachrichtenwart, der durch st\u00e4ndige Wartung und Kontrolle die Systeme aufrechtzuerhalten hat. Die Alarmierung der Mannschaft erfolgt heute \u00fcber digitale Pager. Jedes aktive Mitglied ist mit einem solchen digitalen Endger\u00e4t ausgestattet, wodurch eine zuverl\u00e4ssige und zielgerichtete Alarmierung gew\u00e4hrleistet wird. Erg\u00e4nzend dazu steht allen Mitgliedern die LEA-App (Leitstellen-Einsatz-App) zur Verf\u00fcgung, \u00fcber welche zus\u00e4tzliche Einsatzinformationen wie Einsatzadresse, Alarmstichwort oder Lagehinweise \u00fcbermittelt werden k\u00f6nnen. Durch die Kombination aus digitalem Pager und LEA-App ist eine zeitgem\u00e4\u00dfe, redundante und sichere Alarmierung unserer Einsatzkr\u00e4fte sichergestellt.<\/p>\n<p>Feuerwehrfunk:<\/p>\n<p>Jede T\u00e4tigkeit, wo mehrere Personen an verschiedenen Orten verschiedene Aufgaben zu erf\u00fcllen haben, ist von einer funktionierenden Kommunikation abh\u00e4ngig. Um eine Verbindung zwischen mehreren Arbeitsstellen aufbauen zu k\u00f6nnen, setzte man fr\u00fcher sogenannte \u201eMelder\u201c ein, die von einer Stelle zu anderen laufen mussten, um Nachrichten zu \u00fcberbringen. Diese Aufgabe \u00fcbernimmt in der Neuzeit die \u201eFunk\u00fcbertragung\u201c, die sich die Ausbreitung elektromagnetischer Wellen f\u00fcr die Nachrichten\u00fcbermittlung zunutze macht. Diese Technik, mag sie auch in naher Zukunft durch digitale Systeme ersetzt werden, wird derzeit bei den Feuerwehren in N\u00d6 vorwiegend eingesetzt, um Kommunikation auf weitere Strecken m\u00f6glich zu machen und ohne Zeitverzug zu gew\u00e4hrleisten. So wird beispielsweise Funk in der Kommunikation zwischen Einsatzleitung und den eingesetzten Kr\u00e4ften, aber auch mit anderen Organisationen oder zu eingesetzten Atemschutztrupps etc. verwendet.<\/p>\n<p>In diesem Bereich hat der Nachrichtenwart den Hauptteil seiner Aufgaben zu erf\u00fcllen.<br>\u2022 Zum Ersten ist es notwendig, dass die Handhabung und Funktionsweise der Funkger\u00e4te jedem, der damit umzugehen hat, gel\u00e4ufig ist. Zus\u00e4tzlich m\u00fcssen aber auch bei der Verwendung eines Funkger\u00e4tes bestimmte Regeln eingehalten werden. Diese sind einerseits erforderlich, um gesetzliche Bestimmungen zu erf\u00fcllen, andererseits, um den Funkverkehr zu koordinieren und f\u00fcr alle Feuerwehren in N\u00d6 transparent zu machen.<\/p>\n<p>Damit diesen Vorgaben gerecht werden kann, muss eine entsprechende Schulung und st\u00e4ndige Weiterbildung der \u201eFeuerwehrfunker\u201c erfolgen. Unter all den vielf\u00e4ltigen Aufgaben einer freiwilligen Feuerwehr \u00fcbernimmt die Handhabung des Feuerwehrfunks als Kommunikationsmittel eine wichtige Rolle.<\/p>\n<p>Es sollte daher m\u00f6glichst fr\u00fch mit einer Ausbildung auf diesem Sektor, die der des Sprechen Lernens bei Kleinkindern gleicht, begonnen werden, um eine entsprechende Routine zu erlangen. Daf\u00fcr hat der Nachrichtenwart zu sorgen. Diese Schulung beginnt bereits in einem eher spielerischen Rahmen des Melderabzeichens bei der Feuerwehrjugend und endet nach Durchf\u00fchrung einer Funkgrundausbildung in der Absolvierung des auf Bezirksebene angebotenen Funklehrganges. Mit diesem Werdegang, den der Nachrichtenwart begleitet, ist die Ausbildung zum Feuerwehrfunker vorerst abgeschlossen.<br>\u2022 Um aber das Gelernte nicht wieder zu vergessen bzw. auch Innovationen vermittelt zu bekommen, arbeitet der Nachrichtenwart regelm\u00e4\u00dfig \u00dcbungen f\u00fcr bereits \u201efertige\u201c Funker aus. Solche Funk\u00fcbungen werden \u00fcblicherweise einmal j\u00e4hrlich f\u00fcr alle 3 Feuerwehren der Stadt Baden durchgef\u00fchrt. In diesem Rahmen werden einzelne Bereiche aus dem Funkwesen herausgegriffen und gezielt be\u00fcbt.<br>\u2022 Wie es bei vielen standardisierten T\u00e4tigkeiten der Feuerwehren \u00fcblich ist, gibt es nat\u00fcrlich auch f\u00fcr den Feuerwehrfunk ein eigenes Leistungsabzeichen. Bei diesem Bewerb in der N\u00d6 Landesfeuerwehrschule werden die Themenbereiche Alarmierung und Alarmierungsanlage, praktische Funk\u00fcbungen, Lotsendienst, Fragen aus dem Funkwesen und Arbeiten in der Einsatzleitung gepr\u00fcft. Die Erlangung dieses in Gold gefassten Abzeichens ist nat\u00fcrlich auch mit einer entsprechenden Vorbereitung verbunden, die wiederum dem Nachrichtenwart obliegt.<br>\u2022 Letztendlich h\u00e4ngt die Verwendung von Feuerwehrfunk auch von der entsprechenden Ger\u00e4tschaft ab. In diesem Zusammenhang hat der Nachrichtenwart auch die Pflicht, die vorhandenen Ger\u00e4te unserer Feuerwehr regelm\u00e4\u00dfig zu \u00fcberpr\u00fcfen und zu warten, um ein einwandfreies Funktionieren im Einsatzfall zu gew\u00e4hrleisten.<br>Unabdingbar ist es in diesem Bereich aber auch, \u00fcber Informationen auf dem neuesten technischen und organisatorischen Stand zu verf\u00fcgen, um die Notwendigkeit von Modernisierungen zu erkennen. Hierbei h\u00e4lt der Nachrichtenwart st\u00e4ndigen Kontakt mit den f\u00fchrenden Fachfirmen.<\/p>\n<p>Sachbearbeiter Nachrichtendienst: SB Luca Zoppoth<\/p>\n\n\n<p><\/p>\n","protected":false},"excerpt":{"rendered":"<p>Nachrichtendienst Neben dem Erfordernis gut ausgebildeter Feuerwehrmitglieder und entsprechender Ausr\u00fcstung ist jeder Einsatz einer freiwilligen Feuerwehr auch von der raschen [&hellip;]<\/p>\n","protected":false},"author":1,"featured_media":0,"parent":184,"menu_order":0,"comment_status":"open","ping_status":"closed","template":"","meta":{"_uag_custom_page_level_css":"","site-sidebar-layout":"default","site-content-layout":"","ast-site-content-layout":"default","site-content-style":"default","site-sidebar-style":"default","ast-global-header-display":"","ast-banner-title-visibility":"","ast-main-header-display":"","ast-hfb-above-header-display":"","ast-hfb-below-header-display":"","ast-hfb-mobile-header-display":"","site-post-title":"","ast-breadcrumbs-content":"","ast-featured-img":"","footer-sml-layout":"","ast-disable-related-posts":"","theme-transparent-header-meta":"","adv-header-id-meta":"","stick-header-meta":"","header-above-stick-meta":"","header-main-stick-meta":"","header-below-stick-meta":"","astra-migrate-meta-layouts":"default","ast-page-background-enabled":"default","ast-page-background-meta":{"desktop":{"background-color":"var(--ast-global-color-4)","background-image":"","background-repeat":"repeat","background-position":"center center","background-size":"auto","background-attachment":"scroll","background-type":"","background-media":"","overlay-type":"","overlay-color":"","overlay-opacity":"","overlay-gradient":""},"tablet":{"background-color":"","background-image":"","background-repeat":"repeat","background-position":"center center","background-size":"auto","background-attachment":"scroll","background-type":"","background-media":"","overlay-type":"","overlay-color":"","overlay-opacity":"","overlay-gradient":""},"mobile":{"background-color":"","background-image":"","background-repeat":"repeat","background-position":"center center","background-size":"auto","background-attachment":"scroll","background-type":"","background-media":"","overlay-type":"","overlay-color":"","overlay-opacity":"","overlay-gradient":""}},"ast-content-background-meta":{"desktop":{"background-color":"var(--ast-global-color-5)","background-image":"","background-repeat":"repeat","background-position":"center center","background-size":"auto","background-attachment":"scroll","background-type":"","background-media":"","overlay-type":"","overlay-color":"","overlay-opacity":"","overlay-gradient":""},"tablet":{"background-color":"var(--ast-global-color-5)","background-image":"","background-repeat":"repeat","background-position":"center center","background-size":"auto","background-attachment":"scroll","background-type":"","background-media":"","overlay-type":"","overlay-color":"","overlay-opacity":"","overlay-gradient":""},"mobile":{"background-color":"var(--ast-global-color-5)","background-image":"","background-repeat":"repeat","background-position":"center center","background-size":"auto","background-attachment":"scroll","background-type":"","background-media":"","overlay-type":"","overlay-color":"","overlay-opacity":"","overlay-gradient":""}},"ngg_post_thumbnail":0,"footnotes":""},"class_list":["post-200","page","type-page","status-publish","hentry"],"uagb_featured_image_src":{"full":false,"thumbnail":false,"medium":false,"medium_large":false,"large":false,"1536x1536":false,"2048x2048":false,"tp-image-grid":false},"uagb_author_info":{"display_name":"admin","author_link":"https:\/\/www.ffbs.at\/blog\/author\/admin\/"},"uagb_comment_info":0,"uagb_excerpt":"Nachrichtendienst Neben dem Erfordernis gut ausgebildeter Feuerwehrmitglieder und entsprechender Ausr\u00fcstung ist jeder Einsatz einer freiwilligen Feuerwehr auch von der raschen [&hellip;]","rttpg_featured_image_url":null,"rttpg_author":{"display_name":"admin","author_link":"https:\/\/www.ffbs.at\/blog\/author\/admin\/"},"rttpg_comment":0,"rttpg_category":null,"rttpg_excerpt":"Nachrichtendienst Neben dem Erfordernis gut ausgebildeter Feuerwehrmitglieder und entsprechender Ausr\u00fcstung ist jeder Einsatz einer freiwilligen Feuerwehr auch von der raschen [&hellip;]","_links":{"self":[{"href":"https:\/\/www.ffbs.at\/blog\/wp-json\/wp\/v2\/pages\/200","targetHints":{"allow":["GET"]}}],"collection":[{"href":"https:\/\/www.ffbs.at\/blog\/wp-json\/wp\/v2\/pages"}],"about":[{"href":"https:\/\/www.ffbs.at\/blog\/wp-json\/wp\/v2\/types\/page"}],"author":[{"embeddable":true,"href":"https:\/\/www.ffbs.at\/blog\/wp-json\/wp\/v2\/users\/1"}],"replies":[{"embeddable":true,"href":"https:\/\/www.ffbs.at\/blog\/wp-json\/wp\/v2\/comments?post=200"}],"version-history":[{"count":8,"href":"https:\/\/www.ffbs.at\/blog\/wp-json\/wp\/v2\/pages\/200\/revisions"}],"predecessor-version":[{"id":54268,"href":"https:\/\/www.ffbs.at\/blog\/wp-json\/wp\/v2\/pages\/200\/revisions\/54268"}],"up":[{"embeddable":true,"href":"https:\/\/www.ffbs.at\/blog\/wp-json\/wp\/v2\/pages\/184"}],"wp:attachment":[{"href":"https:\/\/www.ffbs.at\/blog\/wp-json\/wp\/v2\/media?parent=200"}],"curies":[{"name":"wp","href":"https:\/\/api.w.org\/{rel}","templated":true}]}}