{"id":195,"date":"2012-01-01T18:32:57","date_gmt":"2012-01-01T17:32:57","guid":{"rendered":"http:\/\/www.ffbs.at\/blog\/?page_id=195"},"modified":"2026-02-06T11:58:04","modified_gmt":"2026-02-06T10:58:04","slug":"feuerwehrjugend","status":"publish","type":"page","link":"https:\/\/www.ffbs.at\/blog\/uber-uns\/sachgebiete\/feuerwehrjugend\/","title":{"rendered":"Feuerwehrjugend"},"content":{"rendered":"\n<div class=\"wp-block-uagb-advanced-heading uagb-block-208871cf\"><h2 class=\"uagb-heading-text\">Feuerwehrjugend<\/h2><\/div>\n\n\n\n<div style=\"height:36px\" aria-hidden=\"true\" class=\"wp-block-spacer\"><\/div>\n\n\n<p><img fetchpriority=\"high\" decoding=\"async\" class=\"alignleft size-full wp-image-27713\" src=\"http:\/\/www.ffbs.at\/blog\/wp-content\/uploads\/2012\/01\/sg_fj2014.jpg\" alt=\"\" width=\"800\" height=\"533\" srcset=\"https:\/\/www.ffbs.at\/blog\/wp-content\/uploads\/2012\/01\/sg_fj2014.jpg 800w, https:\/\/www.ffbs.at\/blog\/wp-content\/uploads\/2012\/01\/sg_fj2014-350x233.jpg 350w, https:\/\/www.ffbs.at\/blog\/wp-content\/uploads\/2012\/01\/sg_fj2014-768x512.jpg 768w\" sizes=\"(max-width: 800px) 100vw, 800px\" \/><\/p>\n<p><strong><span style=\"text-decoration: underline;\"><span style=\"color: #993300; text-decoration: underline;\">Die Aufgaben:<\/span><\/span><\/strong><\/p>\n<p><strong><br><\/strong>+ Ausbildung der Feuerwehrjugendmitglieder<br>+ Aufsicht \u00fcber die Feuerwehrjugend<br>+ Planung und Durchf\u00fchrung von Jugendveranstaltungen<br>+ Erziehungsauftrag<br>+ Herausgabe &#8222;Jugend Flash Over&#8220;<br>+ N\u00e4here Informationen unter <a href=\"http:\/\/www.facebook.com\/FJBadenStadt\">www.facebook.com\/FJBadenStadt<\/a><\/p>\n<p><span style=\"text-decoration: underline;\"><span style=\"color: #993300; text-decoration: underline;\"><strong>Das Team:<\/strong><\/span><\/span><\/p>\n<p>Feuerwehrjugendbetreuer:&nbsp; SB Celine Kaluzik<br>Feuerwehrjugendhilfsbetreuer:&nbsp; BM DI (FH) Christoph Hinterberger, BSB Markus Trobits<\/p>\n<p>Derzeit (03\/2024) besteht unsere Jugendgruppe aus 8 M\u00e4dchen und Burschen im Alter zwischen 10 und 15 Jahren.<\/p>\n<p>In den Gruppenstunden werden unsere Mitglieder auf spielerische Art und Weise auf den aktiven Dienst im Feuerwehrwesen vorbereitet. Neben der Vermittlung von Fachwissen, wie z.B. Brandschutz, Brandbek\u00e4mpfung, Hilfeleistung und Feuerwehrtechnik ist es besonders wichtig, das Miteinander zu erlernen und den Jugendlichen zu zeigen, dass an einem gemeinsamen Ziel zu arbeiten und zu lernen sehr viel Spa\u00df machen kann. So lautet auch der Wahlspruch der Feuerwehrjugend:<\/p>\n<p style=\"text-align: center;\"><span style=\"color: #993300;\"><em><strong>\u201eEiner f\u00fcr alle \u2013 alle f\u00fcr einen\u201c<\/strong><\/em><\/span><\/p>\n<p style=\"text-align: left;\">W\u00e4hrend der Schulzeit finden jeden <strong>Dienstag in der Zeit von 18 bis 20<\/strong> Uhr unsere Gruppenstunden statt. Hier werden die verschiedensten Themen durchgenommen, sei es als praktische \u00dcbung oder als theoretischer Vortrag. Die Ausbildung ist altersgerecht aufgebaut und soll das f\u00fcr den Feuerwehrdienst<br>erforderliche Grundwissen in spielerischer, aber trotzdem ernsthafter Form vermitteln. Damit die Jugend auch den Kontakt zur aktiven Mannschaft aufbauen kann, werden zu einigen Gruppenstunden auch aktive Mitglieder, meist F\u00fchrungskr\u00e4fte, eingeladen um ihre Erfahrungen und ihr Wissen an die Jugend zu vermitteln.<\/p>\n<p style=\"text-align: left;\">Damit auch die Jugendlichen Erfolge erleben k\u00f6nnen, gibt es die M\u00f6glichkeit, an Erfolgskontrollen, wie Wissenstests, Leistungsbewerben, Fertigkeitsabzeichen und Erprobungen teilzunehmen. Diese werden mit einem entsprechenden Abzeichen ausgezeichnet.<\/p>\n<p style=\"text-align: left;\">Nat\u00fcrlich darf auch der Spa\u00df nicht zu kurz kommen. So werden zahlreiche sportliche Aktivit\u00e4ten, wie z. B. Nachtwanderungen, Tischtennis- oder auch Tchoukballbewerbe veranstaltet, welche entweder auf Feuerwehr- oder auf Bezirksebene abgehalten werden. Gemeinsame Kinobesuche,bunte Abende mit Spielen oder auch ein Wochenende im Haus der Feuerwehrjugend stehen ebenfalls am Programm.<\/p>\n<p style=\"text-align: left;\">Das vielf\u00e4ltige Ausbildungsprogramm wird in einem Jahresplan zusammengefasst und mit dem Ausbilder in der Feuerwehr abgestimmt. Um die Jugendlichen, aber auch deren Eltern von den Terminen und sonstigen wichtigen Themen rund um die Feuerwehrjugend zu informieren, erscheint monatlich unser, nach dem Vorbild der Aktivmannschaft nachgebildetes internes Informationsblatt \u201eJugend Flash Over\u201c.<\/p>\n<p><img decoding=\"async\" class=\"wp-image-13949 aligncenter\" src=\"http:\/\/www.ffbs.at\/blog\/wp-content\/uploads\/2015\/11\/Feuerwehrjugend_Sachgebiet_ffbs2015.jpg\" alt=\"Feuerwehrjugend - Sachgebiet - Freiwiliige Feuerwehr Baden-Stadt\" width=\"750\" height=\"497\" srcset=\"https:\/\/www.ffbs.at\/blog\/wp-content\/uploads\/2015\/11\/Feuerwehrjugend_Sachgebiet_ffbs2015.jpg 800w, https:\/\/www.ffbs.at\/blog\/wp-content\/uploads\/2015\/11\/Feuerwehrjugend_Sachgebiet_ffbs2015-350x232.jpg 350w\" sizes=\"(max-width: 750px) 100vw, 750px\" \/><\/p>\n\n\n<p><\/p>\n","protected":false},"excerpt":{"rendered":"<p>Feuerwehrjugend Die Aufgaben: + Ausbildung der Feuerwehrjugendmitglieder+ Aufsicht \u00fcber die Feuerwehrjugend+ Planung und Durchf\u00fchrung von Jugendveranstaltungen+ Erziehungsauftrag+ Herausgabe &#8222;Jugend Flash [&hellip;]<\/p>\n","protected":false},"author":1,"featured_media":0,"parent":184,"menu_order":0,"comment_status":"open","ping_status":"closed","template":"","meta":{"_uag_custom_page_level_css":"","site-sidebar-layout":"default","site-content-layout":"","ast-site-content-layout":"default","site-content-style":"default","site-sidebar-style":"default","ast-global-header-display":"","ast-banner-title-visibility":"","ast-main-header-display":"","ast-hfb-above-header-display":"","ast-hfb-below-header-display":"","ast-hfb-mobile-header-display":"","site-post-title":"","ast-breadcrumbs-content":"","ast-featured-img":"","footer-sml-layout":"","ast-disable-related-posts":"","theme-transparent-header-meta":"","adv-header-id-meta":"","stick-header-meta":"","header-above-stick-meta":"","header-main-stick-meta":"","header-below-stick-meta":"","astra-migrate-meta-layouts":"default","ast-page-background-enabled":"default","ast-page-background-meta":{"desktop":{"background-color":"var(--ast-global-color-4)","background-image":"","background-repeat":"repeat","background-position":"center center","background-size":"auto","background-attachment":"scroll","background-type":"","background-media":"","overlay-type":"","overlay-color":"","overlay-opacity":"","overlay-gradient":""},"tablet":{"background-color":"","background-image":"","background-repeat":"repeat","background-position":"center center","background-size":"auto","background-attachment":"scroll","background-type":"","background-media":"","overlay-type":"","overlay-color":"","overlay-opacity":"","overlay-gradient":""},"mobile":{"background-color":"","background-image":"","background-repeat":"repeat","background-position":"center center","background-size":"auto","background-attachment":"scroll","background-type":"","background-media":"","overlay-type":"","overlay-color":"","overlay-opacity":"","overlay-gradient":""}},"ast-content-background-meta":{"desktop":{"background-color":"var(--ast-global-color-5)","background-image":"","background-repeat":"repeat","background-position":"center center","background-size":"auto","background-attachment":"scroll","background-type":"","background-media":"","overlay-type":"","overlay-color":"","overlay-opacity":"","overlay-gradient":""},"tablet":{"background-color":"var(--ast-global-color-5)","background-image":"","background-repeat":"repeat","background-position":"center center","background-size":"auto","background-attachment":"scroll","background-type":"","background-media":"","overlay-type":"","overlay-color":"","overlay-opacity":"","overlay-gradient":""},"mobile":{"background-color":"var(--ast-global-color-5)","background-image":"","background-repeat":"repeat","background-position":"center center","background-size":"auto","background-attachment":"scroll","background-type":"","background-media":"","overlay-type":"","overlay-color":"","overlay-opacity":"","overlay-gradient":""}},"ngg_post_thumbnail":0,"footnotes":""},"class_list":["post-195","page","type-page","status-publish","hentry"],"uagb_featured_image_src":{"full":false,"thumbnail":false,"medium":false,"medium_large":false,"large":false,"1536x1536":false,"2048x2048":false,"tp-image-grid":false},"uagb_author_info":{"display_name":"admin","author_link":"https:\/\/www.ffbs.at\/blog\/author\/admin\/"},"uagb_comment_info":0,"uagb_excerpt":"Feuerwehrjugend Die Aufgaben: + Ausbildung der Feuerwehrjugendmitglieder+ Aufsicht \u00fcber die Feuerwehrjugend+ Planung und Durchf\u00fchrung von Jugendveranstaltungen+ Erziehungsauftrag+ Herausgabe &#8222;Jugend Flash [&hellip;]","rttpg_featured_image_url":null,"rttpg_author":{"display_name":"admin","author_link":"https:\/\/www.ffbs.at\/blog\/author\/admin\/"},"rttpg_comment":0,"rttpg_category":null,"rttpg_excerpt":"Feuerwehrjugend Die Aufgaben: + Ausbildung der Feuerwehrjugendmitglieder+ Aufsicht \u00fcber die Feuerwehrjugend+ Planung und Durchf\u00fchrung von Jugendveranstaltungen+ Erziehungsauftrag+ Herausgabe &#8222;Jugend Flash [&hellip;]","_links":{"self":[{"href":"https:\/\/www.ffbs.at\/blog\/wp-json\/wp\/v2\/pages\/195","targetHints":{"allow":["GET"]}}],"collection":[{"href":"https:\/\/www.ffbs.at\/blog\/wp-json\/wp\/v2\/pages"}],"about":[{"href":"https:\/\/www.ffbs.at\/blog\/wp-json\/wp\/v2\/types\/page"}],"author":[{"embeddable":true,"href":"https:\/\/www.ffbs.at\/blog\/wp-json\/wp\/v2\/users\/1"}],"replies":[{"embeddable":true,"href":"https:\/\/www.ffbs.at\/blog\/wp-json\/wp\/v2\/comments?post=195"}],"version-history":[{"count":23,"href":"https:\/\/www.ffbs.at\/blog\/wp-json\/wp\/v2\/pages\/195\/revisions"}],"predecessor-version":[{"id":53965,"href":"https:\/\/www.ffbs.at\/blog\/wp-json\/wp\/v2\/pages\/195\/revisions\/53965"}],"up":[{"embeddable":true,"href":"https:\/\/www.ffbs.at\/blog\/wp-json\/wp\/v2\/pages\/184"}],"wp:attachment":[{"href":"https:\/\/www.ffbs.at\/blog\/wp-json\/wp\/v2\/media?parent=195"}],"curies":[{"name":"wp","href":"https:\/\/api.w.org\/{rel}","templated":true}]}}