{"id":182,"date":"2012-01-01T19:29:12","date_gmt":"2012-01-01T17:29:12","guid":{"rendered":"http:\/\/www.ffbs.at\/blog\/?page_id=182"},"modified":"2024-01-28T12:39:41","modified_gmt":"2024-01-28T11:39:41","slug":"feuerwehrarchiv","status":"publish","type":"page","link":"https:\/\/www.ffbs.at\/blog\/uber-uns\/sachgebiete\/feuerwehrarchiv\/","title":{"rendered":"Feuerwehrgeschichte &#038; Archiv"},"content":{"rendered":"\n<div class=\"wp-block-uagb-advanced-heading uagb-block-e8c7c4a8\"><h2 class=\"uagb-heading-text\">Feuerwehrgeschichte &amp; Archiv<\/h2><\/div>\n\n\n\n<div style=\"height:38px\" aria-hidden=\"true\" class=\"wp-block-spacer\"><\/div>\n\n\n<p><img fetchpriority=\"high\" decoding=\"async\" width=\"781\" height=\"503\" class=\"alignleft size-full wp-image-27711\" alt=\"\" src=\"http:\/\/www.ffbs.at\/blog\/wp-content\/uploads\/2012\/01\/feuerwehrgeschichte.jpg\" srcset=\"https:\/\/www.ffbs.at\/blog\/wp-content\/uploads\/2012\/01\/feuerwehrgeschichte.jpg 781w, https:\/\/www.ffbs.at\/blog\/wp-content\/uploads\/2012\/01\/feuerwehrgeschichte-350x225.jpg 350w, https:\/\/www.ffbs.at\/blog\/wp-content\/uploads\/2012\/01\/feuerwehrgeschichte-768x495.jpg 768w\" sizes=\"(max-width: 781px) 100vw, 781px\" \/><\/p>\n<p style=\"text-align: left;\">Die Sachbearbeiter f\u00fcr Feuerwehrgeschichte (umgangssprachlich Archivare) sind das Ged\u00e4chtnis der Feuerwehr und die \u201eBewahrer\u201c der Geschichte.<\/p>\n<p style=\"text-align: left;\">Unser Archiv bzw. Feuerwehrmuseum ist dank einiger \u201eSammler\u201c (auch w\u00e4hrend den Kriegszeiten) sehr reichhaltig und durch die Initiative des letzten Archivars EBI Leopold Giczi (leider 2005 verstorben) auch im In- und Ausland bei Feuerwehrinteressierten sehr gesch\u00e4tzt und bekannt.<\/p>\n<p style=\"text-align: left;\">Dieses Erbe hat VI Rudolf Wandl angetreten und nimmt daher auch immer wieder an internationalen Tagungen teil.<\/p>\n<p style=\"text-align: left;\">VI Rudolf Wandl und LM Michael Markl haben sich der Herausforderung gestellt, das Museum bzw. den Schauraum wieder \u201eJedermann\u201c zug\u00e4nglich zu machen und Themenschwerpunkte zu setzen.<\/p>\n<p style=\"text-align: left;\">Zum Inventar unseres Feuerwehrmuseums z\u00e4hlen eine der gr\u00f6\u00dften Auszeichnungssammlungen in \u00d6sterreich sowie viele nationale und internationale Helme, Uniformen, Dienstgradabzeichen, Ger\u00e4tschaften und nostalgische Plakate.<\/p>\n<p style=\"text-align: left;\">Das Archiv wird von den Sachgebieten Verwaltung und \u00d6ffentlichkeitsarbeit st\u00e4ndig mit Daten und Lichtbildmaterial (\u00fcber viele Jahre hinweg) \u201eversorgt\u201c, sodass auch eine entsprechende Aktualit\u00e4t gewahrt bleibt. Es befinden sich daher auch diverse Feuerwehrp\u00e4sse, Einsatzberichte und \u00e4hnliche Unterlagen im Archiv, um die Organisation, Arbeitsweise und den Werdegang unserer Feuerwehr in chronologischer Abfolge transparent zu machen.<\/p>\n<p style=\"text-align: left;\">Zusammenfassend betrachtet, soll unser Museum die Geschichte der Feuerwehrt\u00e4tigkeit (auch die Gr\u00fcndung des Rettungswesens) in Baden m\u00f6glichst l\u00fcckenlos dokumentieren. Unsere Archivare sind daher st\u00e4ndig bem\u00fcht, die Sammlung der Ausstellungsst\u00fccke zu erg\u00e4nzen.<\/p>\n<p style=\"text-align: left;\">Wussten Sie zum Beispiel das die ersten Rettungsorganisationen f\u00fcr \u201eZivilisten\u201c nicht das Rote Kreuz, der Samariterbund oder etc. waren sondern die Feuerwehren? \u2013 Sie k\u00f6nnen noch einige Utensilien (Krankentragen, Erste-Hilfe-Koffer, etc.) aus dieser Zeit besichtigen.<\/p>\n<p style=\"text-align: left;\">Wussten Sie weiters, dass die Weilburg von den Feuerwehren der Stadt Baden nicht gel\u00f6scht werden konnte, da sie keinerlei fahrt\u00fcchtige Fahrzeuge mehr besessen haben und in der Innenstadt auch mehrere Br\u00e4nde mit \u201ehistorischen Hand- und Dampfspritzen\u201c gel\u00f6scht wurden?<\/p>\n<blockquote>\n<p style=\"text-align: left;\">Sollten Sie in Ihrem Haus alte Gegenst\u00e4nde oder Fotos mit dem Zusammenhang \u201eFeuerwehr\u201c haben, w\u00fcrden wir uns freuen, wenn Sie einen unserer Archivare kontaktieren!<\/p>\n<p style=\"text-align: left;\">&nbsp;<\/p>\n<p style=\"text-align: left;\">Weiters k\u00f6nnen Sie das Feuerwehrmuseum gerne gegen Voranmeldung bzw. Terminvereinbarung besichtigen!<\/p>\n<\/blockquote>\n<p style=\"text-align: left;\"><em><strong>Kontaktperson ist Rudolf Wandl \u2013 Leiter des Feuerwehrmuseums:&nbsp; +43 \/ 676 \/ 86 13 10 83 bzw. per <a href=\"mailto:wandl-rudolf@aon.at\">Mail<\/a>.<\/strong><\/em><\/p>\n<p style=\"text-align: left;\">Ein besonderes Highlight im Jahr 2010, anl\u00e4sslich des 145 j\u00e4hrigen Bestehen der Freiwilligen Feuerwehr Baden-Stadt, war die Teilnahme an der &#8222;<a href=\"http:\/\/www.ffbs.at\/cms\/index.php?option=com_content&amp;view=article&amp;id=313:02102010-rueckblick-lange-nacht-der-museen&amp;catid=48:veranstaltungen&amp;Itemid=66\" target=\"_self\" rel=\"noopener\">Langen Nacht der Museen<\/a>&#8220; und auch im 150 Bestandjahr (2015) nahmen wir wieder an der &#8222;<a href=\"http:\/\/www.ffbs.at\/blog\/?p=12490\">Langen Nacht der Museen<\/a>&#8220; teil.<em><br \/>\n&nbsp;<\/em><\/p>\n<figure id=\"attachment_13948\" aria-describedby=\"caption-attachment-13948\" style=\"width: 750px\" class=\"wp-caption aligncenter\"><img decoding=\"async\" width=\"750\" height=\"497\" class=\"wp-image-13948 aligncenter\" alt=\"Feuerwehrgeschichte - Sachgebiet - Freiwillige Feuerwehr Baden-Stadt\" src=\"http:\/\/www.ffbs.at\/blog\/wp-content\/uploads\/2015\/11\/Feuerwehrgeschichte_Sachgebiet_ffbs2015.jpg\" srcset=\"https:\/\/www.ffbs.at\/blog\/wp-content\/uploads\/2015\/11\/Feuerwehrgeschichte_Sachgebiet_ffbs2015.jpg 800w, https:\/\/www.ffbs.at\/blog\/wp-content\/uploads\/2015\/11\/Feuerwehrgeschichte_Sachgebiet_ffbs2015-350x232.jpg 350w\" sizes=\"(max-width: 750px) 100vw, 750px\" \/><figcaption id=\"caption-attachment-13948\" class=\"wp-caption-text\">Feuerwehrgeschichte &#8211; Sachgebiet &#8211; Freiwillige Feuerwehr Baden-Stadt (vlnr.: Vi Rudolf Wandl &amp; LM Michael Markl)<\/figcaption><\/figure>","protected":false},"excerpt":{"rendered":"<p>Feuerwehrgeschichte &amp; Archiv Die Sachbearbeiter f\u00fcr Feuerwehrgeschichte (umgangssprachlich Archivare) sind das Ged\u00e4chtnis der Feuerwehr und die \u201eBewahrer\u201c der Geschichte. Unser [&hellip;]<\/p>\n","protected":false},"author":1,"featured_media":0,"parent":184,"menu_order":0,"comment_status":"open","ping_status":"closed","template":"","meta":{"_uag_custom_page_level_css":"","site-sidebar-layout":"default","site-content-layout":"","ast-site-content-layout":"default","site-content-style":"default","site-sidebar-style":"default","ast-global-header-display":"","ast-banner-title-visibility":"","ast-main-header-display":"","ast-hfb-above-header-display":"","ast-hfb-below-header-display":"","ast-hfb-mobile-header-display":"","site-post-title":"","ast-breadcrumbs-content":"","ast-featured-img":"","footer-sml-layout":"","ast-disable-related-posts":"","theme-transparent-header-meta":"","adv-header-id-meta":"","stick-header-meta":"","header-above-stick-meta":"","header-main-stick-meta":"","header-below-stick-meta":"","astra-migrate-meta-layouts":"default","ast-page-background-enabled":"default","ast-page-background-meta":{"desktop":{"background-color":"var(--ast-global-color-4)","background-image":"","background-repeat":"repeat","background-position":"center center","background-size":"auto","background-attachment":"scroll","background-type":"","background-media":"","overlay-type":"","overlay-color":"","overlay-opacity":"","overlay-gradient":""},"tablet":{"background-color":"","background-image":"","background-repeat":"repeat","background-position":"center center","background-size":"auto","background-attachment":"scroll","background-type":"","background-media":"","overlay-type":"","overlay-color":"","overlay-opacity":"","overlay-gradient":""},"mobile":{"background-color":"","background-image":"","background-repeat":"repeat","background-position":"center center","background-size":"auto","background-attachment":"scroll","background-type":"","background-media":"","overlay-type":"","overlay-color":"","overlay-opacity":"","overlay-gradient":""}},"ast-content-background-meta":{"desktop":{"background-color":"var(--ast-global-color-5)","background-image":"","background-repeat":"repeat","background-position":"center center","background-size":"auto","background-attachment":"scroll","background-type":"","background-media":"","overlay-type":"","overlay-color":"","overlay-opacity":"","overlay-gradient":""},"tablet":{"background-color":"var(--ast-global-color-5)","background-image":"","background-repeat":"repeat","background-position":"center center","background-size":"auto","background-attachment":"scroll","background-type":"","background-media":"","overlay-type":"","overlay-color":"","overlay-opacity":"","overlay-gradient":""},"mobile":{"background-color":"var(--ast-global-color-5)","background-image":"","background-repeat":"repeat","background-position":"center center","background-size":"auto","background-attachment":"scroll","background-type":"","background-media":"","overlay-type":"","overlay-color":"","overlay-opacity":"","overlay-gradient":""}},"ngg_post_thumbnail":0,"footnotes":""},"class_list":["post-182","page","type-page","status-publish","hentry"],"uagb_featured_image_src":{"full":false,"thumbnail":false,"medium":false,"medium_large":false,"large":false,"1536x1536":false,"2048x2048":false,"tp-image-grid":false},"uagb_author_info":{"display_name":"admin","author_link":"https:\/\/www.ffbs.at\/blog\/author\/admin\/"},"uagb_comment_info":0,"uagb_excerpt":"Feuerwehrgeschichte &amp; Archiv Die Sachbearbeiter f\u00fcr Feuerwehrgeschichte (umgangssprachlich Archivare) sind das Ged\u00e4chtnis der Feuerwehr und die \u201eBewahrer\u201c der Geschichte. Unser [&hellip;]","rttpg_featured_image_url":null,"rttpg_author":{"display_name":"admin","author_link":"https:\/\/www.ffbs.at\/blog\/author\/admin\/"},"rttpg_comment":0,"rttpg_category":null,"rttpg_excerpt":"Feuerwehrgeschichte &amp; Archiv Die Sachbearbeiter f\u00fcr Feuerwehrgeschichte (umgangssprachlich Archivare) sind das Ged\u00e4chtnis der Feuerwehr und die \u201eBewahrer\u201c der Geschichte. Unser [&hellip;]","_links":{"self":[{"href":"https:\/\/www.ffbs.at\/blog\/wp-json\/wp\/v2\/pages\/182","targetHints":{"allow":["GET"]}}],"collection":[{"href":"https:\/\/www.ffbs.at\/blog\/wp-json\/wp\/v2\/pages"}],"about":[{"href":"https:\/\/www.ffbs.at\/blog\/wp-json\/wp\/v2\/types\/page"}],"author":[{"embeddable":true,"href":"https:\/\/www.ffbs.at\/blog\/wp-json\/wp\/v2\/users\/1"}],"replies":[{"embeddable":true,"href":"https:\/\/www.ffbs.at\/blog\/wp-json\/wp\/v2\/comments?post=182"}],"version-history":[{"count":9,"href":"https:\/\/www.ffbs.at\/blog\/wp-json\/wp\/v2\/pages\/182\/revisions"}],"predecessor-version":[{"id":48875,"href":"https:\/\/www.ffbs.at\/blog\/wp-json\/wp\/v2\/pages\/182\/revisions\/48875"}],"up":[{"embeddable":true,"href":"https:\/\/www.ffbs.at\/blog\/wp-json\/wp\/v2\/pages\/184"}],"wp:attachment":[{"href":"https:\/\/www.ffbs.at\/blog\/wp-json\/wp\/v2\/media?parent=182"}],"curies":[{"name":"wp","href":"https:\/\/api.w.org\/{rel}","templated":true}]}}