{"id":273,"date":"2013-03-31T21:12:16","date_gmt":"2013-03-31T19:12:16","guid":{"rendered":"http:\/\/www.ffbs.at\/blog\/?page_id=273"},"modified":"2019-03-27T20:30:12","modified_gmt":"2019-03-27T19:30:12","slug":"tank-2-rlfa-2000-200","status":"publish","type":"page","link":"http:\/\/www.ffbs.at\/blog\/uber-uns\/fahrzeuge\/tank-2-rlfa-2000-200\/","title":{"rendered":"Tank 2 &#8211; RLFA 2000-200"},"content":{"rendered":"<p><strong><img fetchpriority=\"high\" decoding=\"async\" class=\"alignleft\" alt=\"\" src=\"http:\/\/www.ffbs.at\/data\/fzg\/tank2.jpg\" width=\"470\" height=\"353\" \/>RLFA 2000-200<\/strong><br \/>\n&#8230; f\u00fcr den Brand &amp; technischen Einsatz<\/p>\n<p>Tank 2 Baden-Stadt ist ein modernes R\u00fcst-L\u00f6sch-Fahrzeug mit Allrad. Es enth\u00e4lt einen 2000 Liter Wassertank, einen 200 Liter Schaumtank und Ger\u00e4tschaften &#8230;<\/p>\n<p>&#8230; f\u00fcr den Brand- als auch f\u00fcr den technischen Einsatz.<\/p>\n","protected":false},"excerpt":{"rendered":"<p>RLFA 2000-200 &#8230; f\u00fcr den Brand &amp; technischen Einsatz Tank 2 Baden-Stadt ist ein modernes R\u00fcst-L\u00f6sch-Fahrzeug mit Allrad. Es enth\u00e4lt [&hellip;]<\/p>\n","protected":false},"author":1,"featured_media":0,"parent":269,"menu_order":0,"comment_status":"open","ping_status":"closed","template":"","meta":{"_uag_custom_page_level_css":"","site-sidebar-layout":"default","site-content-layout":"","ast-site-content-layout":"default","site-content-style":"default","site-sidebar-style":"default","ast-global-header-display":"","ast-banner-title-visibility":"","ast-main-header-display":"","ast-hfb-above-header-display":"","ast-hfb-below-header-display":"","ast-hfb-mobile-header-display":"","site-post-title":"","ast-breadcrumbs-content":"","ast-featured-img":"","footer-sml-layout":"","ast-disable-related-posts":"","theme-transparent-header-meta":"","adv-header-id-meta":"","stick-header-meta":"","header-above-stick-meta":"","header-main-stick-meta":"","header-below-stick-meta":"","astra-migrate-meta-layouts":"default","ast-page-background-enabled":"default","ast-page-background-meta":{"desktop":{"background-color":"var(--ast-global-color-4)","background-image":"","background-repeat":"repeat","background-position":"center center","background-size":"auto","background-attachment":"scroll","background-type":"","background-media":"","overlay-type":"","overlay-color":"","overlay-opacity":"","overlay-gradient":""},"tablet":{"background-color":"","background-image":"","background-repeat":"repeat","background-position":"center center","background-size":"auto","background-attachment":"scroll","background-type":"","background-media":"","overlay-type":"","overlay-color":"","overlay-opacity":"","overlay-gradient":""},"mobile":{"background-color":"","background-image":"","background-repeat":"repeat","background-position":"center center","background-size":"auto","background-attachment":"scroll","background-type":"","background-media":"","overlay-type":"","overlay-color":"","overlay-opacity":"","overlay-gradient":""}},"ast-content-background-meta":{"desktop":{"background-color":"var(--ast-global-color-5)","background-image":"","background-repeat":"repeat","background-position":"center center","background-size":"auto","background-attachment":"scroll","background-type":"","background-media":"","overlay-type":"","overlay-color":"","overlay-opacity":"","overlay-gradient":""},"tablet":{"background-color":"var(--ast-global-color-5)","background-image":"","background-repeat":"repeat","background-position":"center center","background-size":"auto","background-attachment":"scroll","background-type":"","background-media":"","overlay-type":"","overlay-color":"","overlay-opacity":"","overlay-gradient":""},"mobile":{"background-color":"var(--ast-global-color-5)","background-image":"","background-repeat":"repeat","background-position":"center center","background-size":"auto","background-attachment":"scroll","background-type":"","background-media":"","overlay-type":"","overlay-color":"","overlay-opacity":"","overlay-gradient":""}},"ngg_post_thumbnail":0,"footnotes":""},"class_list":["post-273","page","type-page","status-publish","hentry"],"uagb_featured_image_src":{"full":false,"thumbnail":false,"medium":false,"medium_large":false,"large":false,"1536x1536":false,"2048x2048":false,"tp-image-grid":false},"uagb_author_info":{"display_name":"admin","author_link":"http:\/\/www.ffbs.at\/blog\/author\/admin\/"},"uagb_comment_info":0,"uagb_excerpt":"RLFA 2000-200 &#8230; f\u00fcr den Brand &amp; technischen Einsatz Tank 2 Baden-Stadt ist ein modernes R\u00fcst-L\u00f6sch-Fahrzeug mit Allrad. Es enth\u00e4lt [&hellip;]","rttpg_featured_image_url":null,"rttpg_author":{"display_name":"admin","author_link":"http:\/\/www.ffbs.at\/blog\/author\/admin\/"},"rttpg_comment":0,"rttpg_category":null,"rttpg_excerpt":"RLFA 2000-200 &#8230; f\u00fcr den Brand &amp; technischen Einsatz Tank 2 Baden-Stadt ist ein modernes R\u00fcst-L\u00f6sch-Fahrzeug mit Allrad. Es enth\u00e4lt [&hellip;]","_links":{"self":[{"href":"http:\/\/www.ffbs.at\/blog\/wp-json\/wp\/v2\/pages\/273","targetHints":{"allow":["GET"]}}],"collection":[{"href":"http:\/\/www.ffbs.at\/blog\/wp-json\/wp\/v2\/pages"}],"about":[{"href":"http:\/\/www.ffbs.at\/blog\/wp-json\/wp\/v2\/types\/page"}],"author":[{"embeddable":true,"href":"http:\/\/www.ffbs.at\/blog\/wp-json\/wp\/v2\/users\/1"}],"replies":[{"embeddable":true,"href":"http:\/\/www.ffbs.at\/blog\/wp-json\/wp\/v2\/comments?post=273"}],"version-history":[{"count":3,"href":"http:\/\/www.ffbs.at\/blog\/wp-json\/wp\/v2\/pages\/273\/revisions"}],"predecessor-version":[{"id":30766,"href":"http:\/\/www.ffbs.at\/blog\/wp-json\/wp\/v2\/pages\/273\/revisions\/30766"}],"up":[{"embeddable":true,"href":"http:\/\/www.ffbs.at\/blog\/wp-json\/wp\/v2\/pages\/269"}],"wp:attachment":[{"href":"http:\/\/www.ffbs.at\/blog\/wp-json\/wp\/v2\/media?parent=273"}],"curies":[{"name":"wp","href":"https:\/\/api.w.org\/{rel}","templated":true}]}}